{"id":24788,"date":"2022-05-21T14:52:46","date_gmt":"2022-05-21T14:52:46","guid":{"rendered":"https:\/\/oliptek.com\/urun\/rf-433mhz-temperature-sensor\/"},"modified":"2025-04-21T08:57:39","modified_gmt":"2025-04-21T08:57:39","slug":"rf-433mhz-temperature-sensor","status":"publish","type":"product","link":"https:\/\/oliptek.com\/en\/product\/rf-433mhz-temperature-sensor\/","title":{"rendered":"RF 433Mhz TEMPERATURE SENSOR"},"content":{"rendered":"\t\t<div data-elementor-type=\"wp-post\" data-elementor-id=\"24788\" class=\"elementor elementor-24788 elementor-15782\" data-elementor-post-type=\"product\">\n\t\t\t\t\t\t<section data-particle_enable=\"false\" data-particle-mobile-disabled=\"false\" class=\"elementor-section elementor-top-section elementor-element elementor-element-a8d1b6f elementor-section-boxed elementor-section-height-default elementor-section-height-default\" data-id=\"a8d1b6f\" data-element_type=\"section\" data-e-type=\"section\">\n\t\t\t\t\t\t<div class=\"elementor-container elementor-column-gap-default\">\n\t\t\t\t\t<div class=\"elementor-column elementor-col-100 elementor-top-column elementor-element elementor-element-696a1b98\" data-id=\"696a1b98\" data-element_type=\"column\" data-e-type=\"column\">\n\t\t\t<div class=\"elementor-widget-wrap elementor-element-populated\">\n\t\t\t\t\t\t<div class=\"elementor-element elementor-element-c660286 elementor-tabs-view-horizontal elementor-widget elementor-widget-tabs\" data-id=\"c660286\" data-element_type=\"widget\" data-e-type=\"widget\" data-widget_type=\"tabs.default\">\n\t\t\t\t<div class=\"elementor-widget-container\">\n\t\t\t\t\t\t\t<div class=\"elementor-tabs\">\n\t\t\t<div class=\"elementor-tabs-wrapper\" role=\"tablist\" >\n\t\t\t\t\t\t\t\t\t<div id=\"elementor-tab-title-2081\" class=\"elementor-tab-title elementor-tab-desktop-title\" aria-selected=\"true\" data-tab=\"1\" role=\"tab\" tabindex=\"0\" aria-controls=\"elementor-tab-content-2081\" aria-expanded=\"false\">Description<\/div>\n\t\t\t\t\t\t\t\t\t<div id=\"elementor-tab-title-2082\" class=\"elementor-tab-title elementor-tab-desktop-title\" aria-selected=\"false\" data-tab=\"2\" role=\"tab\" tabindex=\"-1\" aria-controls=\"elementor-tab-content-2082\" aria-expanded=\"false\">Technical Specifications<\/div>\n\t\t\t\t\t\t\t\t\t<div id=\"elementor-tab-title-2083\" class=\"elementor-tab-title elementor-tab-desktop-title\" aria-selected=\"false\" data-tab=\"3\" role=\"tab\" tabindex=\"-1\" aria-controls=\"elementor-tab-content-2083\" aria-expanded=\"false\">Documents<\/div>\n\t\t\t\t\t\t\t<\/div>\n\t\t\t<div class=\"elementor-tabs-content-wrapper\" role=\"tablist\" aria-orientation=\"vertical\">\n\t\t\t\t\t\t\t\t\t<div class=\"elementor-tab-title elementor-tab-mobile-title\" aria-selected=\"true\" data-tab=\"1\" role=\"tab\" tabindex=\"0\" aria-controls=\"elementor-tab-content-2081\" aria-expanded=\"false\">Description<\/div>\n\t\t\t\t\t<div id=\"elementor-tab-content-2081\" class=\"elementor-tab-content elementor-clearfix\" data-tab=\"1\" role=\"tabpanel\" aria-labelledby=\"elementor-tab-title-2081\" tabindex=\"0\" hidden=\"false\"><p>&#8220;Developed for DS18B20 Sensor. Sensitivity +-0.5C, measurement range -55\/+125C RF Star Units provide both control and instant monitoring of systems such as lighting, temperature, humidity, water, air conditioning, etc. in schools, hospitals, factories, workplaces and plaza buildings. Combined with the scripted infrastructure provided by Oliptek StarGate Gateway, the relevant systems are triggered at predetermined times, while monitoring the processes and operation status on the web-based interface is also provided.&#8221;<\/p>\n<\/div>\n\t\t\t\t\t\t\t\t\t<div class=\"elementor-tab-title elementor-tab-mobile-title\" aria-selected=\"false\" data-tab=\"2\" role=\"tab\" tabindex=\"-1\" aria-controls=\"elementor-tab-content-2082\" aria-expanded=\"false\">Technical Specifications<\/div>\n\t\t\t\t\t<div id=\"elementor-tab-content-2082\" class=\"elementor-tab-content elementor-clearfix\" data-tab=\"2\" role=\"tabpanel\" aria-labelledby=\"elementor-tab-title-2082\" tabindex=\"0\" hidden=\"hidden\">\n<table id=\"tablepress-34\" class=\"tablepress tablepress-id-34\">\n<thead>\n<tr class=\"row-1\">\n\t<th class=\"column-1\">SKU<\/th><th class=\"column-2\">\u00dcR\u00dcN ADI<\/th><th class=\"column-3\">\u00dcR\u00dcN\u00dcN G\u00d6REV\u0130<\/th><th class=\"column-4\">KULLANIM ALANI<\/th>\n<\/tr>\n<\/thead>\n<tbody class=\"row-striping row-hover\">\n<tr class=\"row-2\">\n\t<td class=\"column-1\">ORF TEMP-100R<\/td><td class=\"column-2\">RF 433Mhz TEMPERATURE SENSOR NODE<\/td><td class=\"column-3\">DS18B20 Sensor\u00fc i\u00e7in geli\u015ftirilmi\u015ftir. Hassasiyeti +-0,5C, \u00f6I\u00e7\u00fcm aral\u0131\u011f\u0131 -55\u201dC\/+125\u201dC<\/td><td class=\"column-4\">S\u0131cakl\u0131k \u00d6l\u00e7\u00fcm\u00fc<\/td>\n<\/tr>\n<\/tbody>\n<\/table>\n\n<\/div>\n\t\t\t\t\t\t\t\t\t<div class=\"elementor-tab-title elementor-tab-mobile-title\" aria-selected=\"false\" data-tab=\"3\" role=\"tab\" tabindex=\"-1\" aria-controls=\"elementor-tab-content-2083\" aria-expanded=\"false\">Documents<\/div>\n\t\t\t\t\t<div id=\"elementor-tab-content-2083\" class=\"elementor-tab-content elementor-clearfix\" data-tab=\"3\" role=\"tabpanel\" aria-labelledby=\"elementor-tab-title-2083\" tabindex=\"0\" hidden=\"hidden\"><p><strong>CERTIFICATES<\/strong><\/p>\n<p><a href=\"https:\/\/oliptek.com\/wp-content\/uploads\/2023\/12\/23-0018-01R0-CE-Sertifikasi.pdf\">23-0018-01R0 CE Certificate<\/a><\/p>\n<\/div>\n\t\t\t\t\t\t\t<\/div>\n\t\t<\/div>\n\t\t\t\t\t\t<\/div>\n\t\t\t\t<\/div>\n\t\t\t\t\t<\/div>\n\t\t<\/div>\n\t\t\t\t\t<\/div>\n\t\t<\/section>\n\t\t\t\t<\/div>\n\t\t","protected":false},"excerpt":{"rendered":"<p>Developed for the DS18B20 Sensor. Accuracy +-0.5C, measuring range -55\/+125C<\/p>\n<p>Oliptek RF Star Control Units, RF433 Mhz communication method<br \/>\nusing modular structures to meet various needs and problems in your facility.<br \/>\nDesigned to solve the problem.<\/p>\n","protected":false},"featured_media":23496,"template":"","meta":{"wpupg_custom_link":[],"wpupg_custom_link_behaviour":[],"wpupg_custom_link_nofollow":[],"wpupg_custom_image":[],"wpupg_custom_image_id":[]},"product_brand":[],"product_cat":[250,295,111],"product_tag":[],"class_list":{"0":"post-24788","1":"product","2":"type-product","3":"status-publish","4":"has-post-thumbnail","6":"product_cat-factory-automation-products","7":"product_cat-rf-star-highlighted","8":"product_cat-rf-star-series","10":"first","11":"instock","12":"virtual","13":"product-type-simple"},"yoast_head":"<!-- This site is optimized with the Yoast SEO plugin v27.4 - https:\/\/yoast.com\/product\/yoast-seo-wordpress\/ -->\n<title>RF 433Mhz TEMPERATURE SENSOR - Oliptek<\/title>\n<meta name=\"description\" content=\"Developed for the DS18B20 Sensor. Accuracy +-0.5C, measuring range -55\/+125COliptek RF Star Control Units, RF433 Mhz\" \/>\n<meta name=\"robots\" content=\"index, follow, max-snippet:-1, max-image-preview:large, max-video-preview:-1\" \/>\n<link rel=\"canonical\" href=\"https:\/\/oliptek.com\/product\/rf-433mhz-sicaklik-sensoru\/\" \/>\n<meta property=\"og:locale\" content=\"en_US\" \/>\n<meta property=\"og:type\" content=\"article\" \/>\n<meta property=\"og:title\" content=\"RF 433Mhz TEMPERATURE SENSOR - Oliptek\" \/>\n<meta property=\"og:description\" content=\"Developed for the DS18B20 Sensor. Accuracy +-0.5C, measuring range -55\/+125COliptek RF Star Control Units, RF433 Mhz\" \/>\n<meta property=\"og:url\" content=\"https:\/\/oliptek.com\/product\/rf-433mhz-sicaklik-sensoru\/\" \/>\n<meta property=\"og:site_name\" content=\"Oliptek\" \/>\n<meta property=\"article:publisher\" content=\"https:\/\/www.facebook.com\/oliptek\/\" \/>\n<meta property=\"article:modified_time\" content=\"2025-04-21T08:57:39+00:00\" \/>\n<meta property=\"og:image\" content=\"https:\/\/oliptek.com\/wp-content\/uploads\/2022\/05\/ORF-TEMP-100R.png\" \/>\n\t<meta property=\"og:image:width\" content=\"1200\" \/>\n\t<meta property=\"og:image:height\" content=\"1200\" \/>\n\t<meta property=\"og:image:type\" content=\"image\/png\" \/>\n<meta name=\"twitter:card\" content=\"summary_large_image\" \/>\n<meta name=\"twitter:site\" content=\"@oliptek\" \/>\n<meta name=\"twitter:label1\" content=\"Est. reading time\" \/>\n\t<meta name=\"twitter:data1\" content=\"1 minute\" \/>\n<script type=\"application\/ld+json\" class=\"yoast-schema-graph\">{\"@context\":\"https:\\\/\\\/schema.org\",\"@graph\":[{\"@type\":\"WebPage\",\"@id\":\"https:\\\/\\\/oliptek.com\\\/product\\\/rf-433mhz-sicaklik-sensoru\\\/\",\"url\":\"https:\\\/\\\/oliptek.com\\\/product\\\/rf-433mhz-sicaklik-sensoru\\\/\",\"name\":\"RF 433Mhz TEMPERATURE SENSOR - Oliptek\",\"isPartOf\":{\"@id\":\"https:\\\/\\\/oliptek.com\\\/en\\\/#website\"},\"primaryImageOfPage\":{\"@id\":\"https:\\\/\\\/oliptek.com\\\/product\\\/rf-433mhz-sicaklik-sensoru\\\/#primaryimage\"},\"image\":{\"@id\":\"https:\\\/\\\/oliptek.com\\\/product\\\/rf-433mhz-sicaklik-sensoru\\\/#primaryimage\"},\"thumbnailUrl\":\"https:\\\/\\\/oliptek.com\\\/wp-content\\\/uploads\\\/2022\\\/05\\\/ORF-TEMP-100R.png\",\"datePublished\":\"2022-05-21T14:52:46+00:00\",\"dateModified\":\"2025-04-21T08:57:39+00:00\",\"description\":\"Developed for the DS18B20 Sensor. Accuracy +-0.5C, measuring range -55\\\/+125COliptek RF Star Control Units, RF433 Mhz\",\"breadcrumb\":{\"@id\":\"https:\\\/\\\/oliptek.com\\\/product\\\/rf-433mhz-sicaklik-sensoru\\\/#breadcrumb\"},\"inLanguage\":\"en-US\",\"potentialAction\":[{\"@type\":\"ReadAction\",\"target\":[\"https:\\\/\\\/oliptek.com\\\/product\\\/rf-433mhz-sicaklik-sensoru\\\/\"]}]},{\"@type\":\"ImageObject\",\"inLanguage\":\"en-US\",\"@id\":\"https:\\\/\\\/oliptek.com\\\/product\\\/rf-433mhz-sicaklik-sensoru\\\/#primaryimage\",\"url\":\"https:\\\/\\\/oliptek.com\\\/wp-content\\\/uploads\\\/2022\\\/05\\\/ORF-TEMP-100R.png\",\"contentUrl\":\"https:\\\/\\\/oliptek.com\\\/wp-content\\\/uploads\\\/2022\\\/05\\\/ORF-TEMP-100R.png\",\"width\":1200,\"height\":1200},{\"@type\":\"BreadcrumbList\",\"@id\":\"https:\\\/\\\/oliptek.com\\\/product\\\/rf-433mhz-sicaklik-sensoru\\\/#breadcrumb\",\"itemListElement\":[{\"@type\":\"ListItem\",\"position\":1,\"name\":\"Anasayfa\",\"item\":\"https:\\\/\\\/oliptek.com\\\/en\\\/\"},{\"@type\":\"ListItem\",\"position\":2,\"name\":\"Shop\",\"item\":\"https:\\\/\\\/oliptek.com\\\/en\\\/shop-2\\\/\"},{\"@type\":\"ListItem\",\"position\":3,\"name\":\"RF 433Mhz TEMPERATURE SENSOR\"}]},{\"@type\":\"WebSite\",\"@id\":\"https:\\\/\\\/oliptek.com\\\/en\\\/#website\",\"url\":\"https:\\\/\\\/oliptek.com\\\/en\\\/\",\"name\":\"Oliptek\",\"description\":\"Animasyon ve Otomasyon Sistemleri \u00dcreticisi\",\"publisher\":{\"@id\":\"https:\\\/\\\/oliptek.com\\\/en\\\/#organization\"},\"potentialAction\":[{\"@type\":\"SearchAction\",\"target\":{\"@type\":\"EntryPoint\",\"urlTemplate\":\"https:\\\/\\\/oliptek.com\\\/en\\\/?s={search_term_string}\"},\"query-input\":{\"@type\":\"PropertyValueSpecification\",\"valueRequired\":true,\"valueName\":\"search_term_string\"}}],\"inLanguage\":\"en-US\"},{\"@type\":\"Organization\",\"@id\":\"https:\\\/\\\/oliptek.com\\\/en\\\/#organization\",\"name\":\"Oliptek\",\"url\":\"https:\\\/\\\/oliptek.com\\\/en\\\/\",\"logo\":{\"@type\":\"ImageObject\",\"inLanguage\":\"en-US\",\"@id\":\"https:\\\/\\\/oliptek.com\\\/en\\\/#\\\/schema\\\/logo\\\/image\\\/\",\"url\":\"https:\\\/\\\/oliptek.com\\\/wp-content\\\/uploads\\\/2022\\\/05\\\/oliptek_logo.png\",\"contentUrl\":\"https:\\\/\\\/oliptek.com\\\/wp-content\\\/uploads\\\/2022\\\/05\\\/oliptek_logo.png\",\"width\":396,\"height\":59,\"caption\":\"Oliptek\"},\"image\":{\"@id\":\"https:\\\/\\\/oliptek.com\\\/en\\\/#\\\/schema\\\/logo\\\/image\\\/\"},\"sameAs\":[\"https:\\\/\\\/www.facebook.com\\\/oliptek\\\/\",\"https:\\\/\\\/x.com\\\/oliptek\",\"https:\\\/\\\/www.youtube.com\\\/channel\\\/UCnimGlqU91CVNPDyL9YzMDA\",\"https:\\\/\\\/www.linkedin.com\\\/company\\\/oliptek\",\"https:\\\/\\\/www.instagram.com\\\/oliptek\\\/\"]}]}<\/script>\n<!-- \/ Yoast SEO plugin. -->","yoast_head_json":{"title":"RF 433Mhz TEMPERATURE SENSOR - Oliptek","description":"Developed for the DS18B20 Sensor. Accuracy +-0.5C, measuring range -55\/+125COliptek RF Star Control Units, RF433 Mhz","robots":{"index":"index","follow":"follow","max-snippet":"max-snippet:-1","max-image-preview":"max-image-preview:large","max-video-preview":"max-video-preview:-1"},"canonical":"https:\/\/oliptek.com\/product\/rf-433mhz-sicaklik-sensoru\/","og_locale":"en_US","og_type":"article","og_title":"RF 433Mhz TEMPERATURE SENSOR - Oliptek","og_description":"Developed for the DS18B20 Sensor. Accuracy +-0.5C, measuring range -55\/+125COliptek RF Star Control Units, RF433 Mhz","og_url":"https:\/\/oliptek.com\/product\/rf-433mhz-sicaklik-sensoru\/","og_site_name":"Oliptek","article_publisher":"https:\/\/www.facebook.com\/oliptek\/","article_modified_time":"2025-04-21T08:57:39+00:00","og_image":[{"width":1200,"height":1200,"url":"https:\/\/oliptek.com\/wp-content\/uploads\/2022\/05\/ORF-TEMP-100R.png","type":"image\/png"}],"twitter_card":"summary_large_image","twitter_site":"@oliptek","twitter_misc":{"Est. reading time":"1 minute"},"schema":{"@context":"https:\/\/schema.org","@graph":[{"@type":"WebPage","@id":"https:\/\/oliptek.com\/product\/rf-433mhz-sicaklik-sensoru\/","url":"https:\/\/oliptek.com\/product\/rf-433mhz-sicaklik-sensoru\/","name":"RF 433Mhz TEMPERATURE SENSOR - Oliptek","isPartOf":{"@id":"https:\/\/oliptek.com\/en\/#website"},"primaryImageOfPage":{"@id":"https:\/\/oliptek.com\/product\/rf-433mhz-sicaklik-sensoru\/#primaryimage"},"image":{"@id":"https:\/\/oliptek.com\/product\/rf-433mhz-sicaklik-sensoru\/#primaryimage"},"thumbnailUrl":"https:\/\/oliptek.com\/wp-content\/uploads\/2022\/05\/ORF-TEMP-100R.png","datePublished":"2022-05-21T14:52:46+00:00","dateModified":"2025-04-21T08:57:39+00:00","description":"Developed for the DS18B20 Sensor. Accuracy +-0.5C, measuring range -55\/+125COliptek RF Star Control Units, RF433 Mhz","breadcrumb":{"@id":"https:\/\/oliptek.com\/product\/rf-433mhz-sicaklik-sensoru\/#breadcrumb"},"inLanguage":"en-US","potentialAction":[{"@type":"ReadAction","target":["https:\/\/oliptek.com\/product\/rf-433mhz-sicaklik-sensoru\/"]}]},{"@type":"ImageObject","inLanguage":"en-US","@id":"https:\/\/oliptek.com\/product\/rf-433mhz-sicaklik-sensoru\/#primaryimage","url":"https:\/\/oliptek.com\/wp-content\/uploads\/2022\/05\/ORF-TEMP-100R.png","contentUrl":"https:\/\/oliptek.com\/wp-content\/uploads\/2022\/05\/ORF-TEMP-100R.png","width":1200,"height":1200},{"@type":"BreadcrumbList","@id":"https:\/\/oliptek.com\/product\/rf-433mhz-sicaklik-sensoru\/#breadcrumb","itemListElement":[{"@type":"ListItem","position":1,"name":"Anasayfa","item":"https:\/\/oliptek.com\/en\/"},{"@type":"ListItem","position":2,"name":"Shop","item":"https:\/\/oliptek.com\/en\/shop-2\/"},{"@type":"ListItem","position":3,"name":"RF 433Mhz TEMPERATURE SENSOR"}]},{"@type":"WebSite","@id":"https:\/\/oliptek.com\/en\/#website","url":"https:\/\/oliptek.com\/en\/","name":"Oliptek","description":"Animasyon ve Otomasyon Sistemleri \u00dcreticisi","publisher":{"@id":"https:\/\/oliptek.com\/en\/#organization"},"potentialAction":[{"@type":"SearchAction","target":{"@type":"EntryPoint","urlTemplate":"https:\/\/oliptek.com\/en\/?s={search_term_string}"},"query-input":{"@type":"PropertyValueSpecification","valueRequired":true,"valueName":"search_term_string"}}],"inLanguage":"en-US"},{"@type":"Organization","@id":"https:\/\/oliptek.com\/en\/#organization","name":"Oliptek","url":"https:\/\/oliptek.com\/en\/","logo":{"@type":"ImageObject","inLanguage":"en-US","@id":"https:\/\/oliptek.com\/en\/#\/schema\/logo\/image\/","url":"https:\/\/oliptek.com\/wp-content\/uploads\/2022\/05\/oliptek_logo.png","contentUrl":"https:\/\/oliptek.com\/wp-content\/uploads\/2022\/05\/oliptek_logo.png","width":396,"height":59,"caption":"Oliptek"},"image":{"@id":"https:\/\/oliptek.com\/en\/#\/schema\/logo\/image\/"},"sameAs":["https:\/\/www.facebook.com\/oliptek\/","https:\/\/x.com\/oliptek","https:\/\/www.youtube.com\/channel\/UCnimGlqU91CVNPDyL9YzMDA","https:\/\/www.linkedin.com\/company\/oliptek","https:\/\/www.instagram.com\/oliptek\/"]}]}},"_links":{"self":[{"href":"https:\/\/oliptek.com\/en\/wp-json\/wp\/v2\/product\/24788","targetHints":{"allow":["GET"]}}],"collection":[{"href":"https:\/\/oliptek.com\/en\/wp-json\/wp\/v2\/product"}],"about":[{"href":"https:\/\/oliptek.com\/en\/wp-json\/wp\/v2\/types\/product"}],"version-history":[{"count":19,"href":"https:\/\/oliptek.com\/en\/wp-json\/wp\/v2\/product\/24788\/revisions"}],"predecessor-version":[{"id":54426,"href":"https:\/\/oliptek.com\/en\/wp-json\/wp\/v2\/product\/24788\/revisions\/54426"}],"wp:featuredmedia":[{"embeddable":true,"href":"https:\/\/oliptek.com\/en\/wp-json\/wp\/v2\/media\/23496"}],"wp:attachment":[{"href":"https:\/\/oliptek.com\/en\/wp-json\/wp\/v2\/media?parent=24788"}],"wp:term":[{"taxonomy":"product_brand","embeddable":true,"href":"https:\/\/oliptek.com\/en\/wp-json\/wp\/v2\/product_brand?post=24788"},{"taxonomy":"product_cat","embeddable":true,"href":"https:\/\/oliptek.com\/en\/wp-json\/wp\/v2\/product_cat?post=24788"},{"taxonomy":"product_tag","embeddable":true,"href":"https:\/\/oliptek.com\/en\/wp-json\/wp\/v2\/product_tag?post=24788"}],"curies":[{"name":"wp","href":"https:\/\/api.w.org\/{rel}","templated":true}]}}