{"id":24798,"date":"2022-05-21T14:52:52","date_gmt":"2022-05-21T14:52:52","guid":{"rendered":"https:\/\/oliptek.com\/urun\/dmx-spi-decoder-ip67-1in1out\/"},"modified":"2025-06-03T10:57:40","modified_gmt":"2025-06-03T10:57:40","slug":"dmx-spi-decoder-ip67-1in1out","status":"publish","type":"product","link":"https:\/\/oliptek.com\/en\/product\/dmx-spi-decoder-ip67-1in1out\/","title":{"rendered":"DMX\/SPI DECODER IP67 1IN1OUT"},"content":{"rendered":"\t\t<div data-elementor-type=\"wp-post\" data-elementor-id=\"24798\" class=\"elementor elementor-24798 elementor-15802\" data-elementor-post-type=\"product\">\n\t\t\t\t\t\t<section data-particle_enable=\"false\" data-particle-mobile-disabled=\"false\" class=\"elementor-section elementor-top-section elementor-element elementor-element-4524fcb5 elementor-section-boxed elementor-section-height-default elementor-section-height-default\" data-id=\"4524fcb5\" data-element_type=\"section\" data-e-type=\"section\">\n\t\t\t\t\t\t<div class=\"elementor-container elementor-column-gap-default\">\n\t\t\t\t\t<div class=\"elementor-column elementor-col-100 elementor-top-column elementor-element elementor-element-76089741\" data-id=\"76089741\" data-element_type=\"column\" data-e-type=\"column\">\n\t\t\t<div class=\"elementor-widget-wrap elementor-element-populated\">\n\t\t\t\t\t\t<div class=\"elementor-element elementor-element-23e80ca elementor-tabs-view-horizontal elementor-widget elementor-widget-tabs\" data-id=\"23e80ca\" data-element_type=\"widget\" data-e-type=\"widget\" data-widget_type=\"tabs.default\">\n\t\t\t\t<div class=\"elementor-widget-container\">\n\t\t\t\t\t\t\t<div class=\"elementor-tabs\">\n\t\t\t<div class=\"elementor-tabs-wrapper\" role=\"tablist\" >\n\t\t\t\t\t\t\t\t\t<div id=\"elementor-tab-title-3761\" class=\"elementor-tab-title elementor-tab-desktop-title\" aria-selected=\"true\" data-tab=\"1\" role=\"tab\" tabindex=\"0\" aria-controls=\"elementor-tab-content-3761\" aria-expanded=\"false\">Technical Specifications<\/div>\n\t\t\t\t\t\t\t<\/div>\n\t\t\t<div class=\"elementor-tabs-content-wrapper\" role=\"tablist\" aria-orientation=\"vertical\">\n\t\t\t\t\t\t\t\t\t<div class=\"elementor-tab-title elementor-tab-mobile-title\" aria-selected=\"true\" data-tab=\"1\" role=\"tab\" tabindex=\"0\" aria-controls=\"elementor-tab-content-3761\" aria-expanded=\"false\">Technical Specifications<\/div>\n\t\t\t\t\t<div id=\"elementor-tab-content-3761\" class=\"elementor-tab-content elementor-clearfix\" data-tab=\"1\" role=\"tabpanel\" aria-labelledby=\"elementor-tab-title-3761\" tabindex=\"0\" hidden=\"false\">\n<table id=\"tablepress-15\" class=\"tablepress tablepress-id-15\">\n<tbody class=\"row-striping row-hover\">\n<tr class=\"row-1\">\n\t<td class=\"column-1\">\u00c7ALI\u015eMA GER\u0130L\u0130M\u0130<\/td><td class=\"column-2\">12-24VDC<\/td>\n<\/tr>\n<tr class=\"row-2\">\n\t<td class=\"column-1\">KANAL BA\u015eI AKIM<\/td><td class=\"column-2\">AZAM\u0130 8A<\/td>\n<\/tr>\n<tr class=\"row-3\">\n\t<td class=\"column-1\">ADRES ARALI\u011eI<\/td><td class=\"column-2\">0-511<\/td>\n<\/tr>\n<\/tbody>\n<\/table>\n\n\n<table id=\"tablepress-1\" class=\"tablepress tablepress-id-1\">\n<thead>\n<tr class=\"row-1\">\n\t<th class=\"column-1\">MODEL<\/th><th class=\"column-2\">SKU<\/th><th class=\"column-3\">DMX G\u0130R\u0130\u015e SAYISI<\/th><th class=\"column-4\">PWM KANAL SAYISI<\/th><th class=\"column-5\">SPI \u00c7IKI\u015e SAYISI<\/th><th class=\"column-6\">KORUMA SINIFI<\/th><th class=\"column-7\">MONTAJ T\u0130P\u0130<\/th>\n<\/tr>\n<\/thead>\n<tbody class=\"row-striping row-hover\">\n<tr class=\"row-2\">\n\t<td class=\"column-1\">3CH\/RGB PWM CV DMX DEKODER<\/td><td class=\"column-2\">ODX DEC3 100R<\/td><td class=\"column-3\">1<\/td><td class=\"column-4\">3<\/td><td class=\"column-5\">&#8211;<\/td><td class=\"column-6\">IP20<\/td><td class=\"column-7\">DIN RAY<\/td>\n<\/tr>\n<tr class=\"row-3\">\n\t<td class=\"column-1\">4CH\/RGBW PWM CV DMX DEKODER<\/td><td class=\"column-2\">ODX DEC4 100R<\/td><td class=\"column-3\">1<\/td><td class=\"column-4\">4<\/td><td class=\"column-5\">&#8211;<\/td><td class=\"column-6\">IP20<\/td><td class=\"column-7\">DIN RAY<\/td>\n<\/tr>\n<tr class=\"row-4\">\n\t<td class=\"column-1\">5CH\/RGBWA PWM CV DMX DEKODER<\/td><td class=\"column-2\">ODX DEC5 100R<\/td><td class=\"column-3\">1<\/td><td class=\"column-4\">5<\/td><td class=\"column-5\">&#8211;<\/td><td class=\"column-6\">IP20<\/td><td class=\"column-7\">DIN RAY<\/td>\n<\/tr>\n<tr class=\"row-5\">\n\t<td class=\"column-1\">DMX\/SPI DEKODER IP20 1IN1OUT<\/td><td class=\"column-2\">ODX DECS 110R<\/td><td class=\"column-3\">1<\/td><td class=\"column-4\">&#8211;<\/td><td class=\"column-5\">1<\/td><td class=\"column-6\">IP20<\/td><td class=\"column-7\">DIN RAY<\/td>\n<\/tr>\n<tr class=\"row-6\">\n\t<td class=\"column-1\">DMX\/SPI DEKODER IP67 1IN1OUT<\/td><td class=\"column-2\">ODX DECS 210A<\/td><td class=\"column-3\">1<\/td><td class=\"column-4\">&#8211;<\/td><td class=\"column-5\">1<\/td><td class=\"column-6\">IP67<\/td><td class=\"column-7\">SIVA \u00dcST\u00dc<\/td>\n<\/tr>\n<tr class=\"row-7\">\n\t<td class=\"column-1\">DMX\/SPI DEKODER IP67 2IN2OUT<\/td><td class=\"column-2\">ODX DECS 220A<\/td><td class=\"column-3\">2<\/td><td class=\"column-4\">&#8211;<\/td><td class=\"column-5\">2<\/td><td class=\"column-6\">IP67<\/td><td class=\"column-7\">SIVA \u00dcST\u00dc<\/td>\n<\/tr>\n<\/tbody>\n<\/table>\n\n<\/div>\n\t\t\t\t\t\t\t<\/div>\n\t\t<\/div>\n\t\t\t\t\t\t<\/div>\n\t\t\t\t<\/div>\n\t\t\t\t\t<\/div>\n\t\t<\/div>\n\t\t\t\t\t<\/div>\n\t\t<\/section>\n\t\t\t\t<\/div>\n\t\t","protected":false},"excerpt":{"rendered":"<p>Oliptek DMX Decoder Series enables point level control of media fasad application and lighting systems in the entertainment industry by receiving all types of DMX data from its source and delivering it as a workflow order to its destination address in the luminaire.<\/p>\n","protected":false},"featured_media":34073,"template":"","meta":{"wpupg_custom_link":[],"wpupg_custom_link_behaviour":[],"wpupg_custom_link_nofollow":[],"wpupg_custom_image":[],"wpupg_custom_image_id":[]},"product_brand":[],"product_cat":[126],"product_tag":[],"class_list":{"0":"post-24798","1":"product","2":"type-product","3":"status-publish","4":"has-post-thumbnail","6":"product_cat-dmx-decoder-series-en","8":"first","9":"instock","10":"virtual","11":"product-type-simple"},"yoast_head":"<!-- This site is optimized with the Yoast SEO plugin v27.6 - https:\/\/yoast.com\/product\/yoast-seo-wordpress\/ -->\n<title>DMX\/SPI DECODER IP67 1IN1OUT - Oliptek<\/title>\n<meta name=\"description\" content=\"Oliptek DMX Decoder Series receives all types of DMX data from the source and delivers it as a workflow order to the destination address in the luminaire.\" \/>\n<meta name=\"robots\" content=\"index, follow, max-snippet:-1, max-image-preview:large, max-video-preview:-1\" \/>\n<link rel=\"canonical\" href=\"https:\/\/oliptek.com\/product\/dmx-spi-decoder-ip67-1in1out\/\" \/>\n<meta property=\"og:locale\" content=\"en_US\" \/>\n<meta property=\"og:type\" content=\"article\" \/>\n<meta property=\"og:title\" content=\"DMX\/SPI DECODER IP67 1IN1OUT - Oliptek\" \/>\n<meta property=\"og:description\" content=\"Oliptek DMX Decoder Series receives all types of DMX data from the source and delivers it as a workflow order to the destination address in the luminaire.\" \/>\n<meta property=\"og:url\" content=\"https:\/\/oliptek.com\/product\/dmx-spi-decoder-ip67-1in1out\/\" \/>\n<meta property=\"og:site_name\" content=\"Oliptek\" \/>\n<meta property=\"article:publisher\" content=\"https:\/\/www.facebook.com\/oliptek\/\" \/>\n<meta property=\"article:modified_time\" content=\"2025-06-03T10:57:40+00:00\" \/>\n<meta property=\"og:image\" content=\"https:\/\/oliptek.com\/wp-content\/uploads\/2022\/05\/ODX-DECS-210A.png\" \/>\n\t<meta property=\"og:image:width\" content=\"1200\" \/>\n\t<meta property=\"og:image:height\" content=\"1200\" \/>\n\t<meta property=\"og:image:type\" content=\"image\/png\" \/>\n<meta name=\"twitter:card\" content=\"summary_large_image\" \/>\n<meta name=\"twitter:site\" content=\"@oliptek\" \/>\n<meta name=\"twitter:label1\" content=\"Est. reading time\" \/>\n\t<meta name=\"twitter:data1\" content=\"1 minute\" \/>\n<script type=\"application\/ld+json\" class=\"yoast-schema-graph\">{\"@context\":\"https:\\\/\\\/schema.org\",\"@graph\":[{\"@type\":\"WebPage\",\"@id\":\"https:\\\/\\\/oliptek.com\\\/product\\\/dmx-spi-decoder-ip67-1in1out\\\/\",\"url\":\"https:\\\/\\\/oliptek.com\\\/product\\\/dmx-spi-decoder-ip67-1in1out\\\/\",\"name\":\"DMX\\\/SPI DECODER IP67 1IN1OUT - Oliptek\",\"isPartOf\":{\"@id\":\"https:\\\/\\\/oliptek.com\\\/en\\\/#website\"},\"primaryImageOfPage\":{\"@id\":\"https:\\\/\\\/oliptek.com\\\/product\\\/dmx-spi-decoder-ip67-1in1out\\\/#primaryimage\"},\"image\":{\"@id\":\"https:\\\/\\\/oliptek.com\\\/product\\\/dmx-spi-decoder-ip67-1in1out\\\/#primaryimage\"},\"thumbnailUrl\":\"https:\\\/\\\/oliptek.com\\\/wp-content\\\/uploads\\\/2022\\\/05\\\/decs-210a-1.webp\",\"datePublished\":\"2022-05-21T14:52:52+00:00\",\"dateModified\":\"2025-06-03T10:57:40+00:00\",\"description\":\"Oliptek DMX Decoder Series receives all types of DMX data from the source and delivers it as a workflow order to the destination address in the luminaire.\",\"breadcrumb\":{\"@id\":\"https:\\\/\\\/oliptek.com\\\/product\\\/dmx-spi-decoder-ip67-1in1out\\\/#breadcrumb\"},\"inLanguage\":\"en-US\",\"potentialAction\":[{\"@type\":\"ReadAction\",\"target\":[\"https:\\\/\\\/oliptek.com\\\/product\\\/dmx-spi-decoder-ip67-1in1out\\\/\"]}]},{\"@type\":\"ImageObject\",\"inLanguage\":\"en-US\",\"@id\":\"https:\\\/\\\/oliptek.com\\\/product\\\/dmx-spi-decoder-ip67-1in1out\\\/#primaryimage\",\"url\":\"https:\\\/\\\/oliptek.com\\\/wp-content\\\/uploads\\\/2022\\\/05\\\/decs-210a-1.webp\",\"contentUrl\":\"https:\\\/\\\/oliptek.com\\\/wp-content\\\/uploads\\\/2022\\\/05\\\/decs-210a-1.webp\",\"width\":1080,\"height\":1080,\"caption\":\"Oliptek DMX\\\/SPI DECODER IP67 1IN1OUT g\u00f6rseli-1\"},{\"@type\":\"BreadcrumbList\",\"@id\":\"https:\\\/\\\/oliptek.com\\\/product\\\/dmx-spi-decoder-ip67-1in1out\\\/#breadcrumb\",\"itemListElement\":[{\"@type\":\"ListItem\",\"position\":1,\"name\":\"Anasayfa\",\"item\":\"https:\\\/\\\/oliptek.com\\\/en\\\/homepage-2\\\/\"},{\"@type\":\"ListItem\",\"position\":2,\"name\":\"Shop\",\"item\":\"https:\\\/\\\/oliptek.com\\\/en\\\/shop-2\\\/\"},{\"@type\":\"ListItem\",\"position\":3,\"name\":\"DMX\\\/SPI DECODER IP67 1IN1OUT\"}]},{\"@type\":\"WebSite\",\"@id\":\"https:\\\/\\\/oliptek.com\\\/en\\\/#website\",\"url\":\"https:\\\/\\\/oliptek.com\\\/en\\\/\",\"name\":\"Oliptek\",\"description\":\"Animasyon ve Otomasyon Sistemleri \u00dcreticisi\",\"publisher\":{\"@id\":\"https:\\\/\\\/oliptek.com\\\/en\\\/#organization\"},\"potentialAction\":[{\"@type\":\"SearchAction\",\"target\":{\"@type\":\"EntryPoint\",\"urlTemplate\":\"https:\\\/\\\/oliptek.com\\\/en\\\/?s={search_term_string}\"},\"query-input\":{\"@type\":\"PropertyValueSpecification\",\"valueRequired\":true,\"valueName\":\"search_term_string\"}}],\"inLanguage\":\"en-US\"},{\"@type\":\"Organization\",\"@id\":\"https:\\\/\\\/oliptek.com\\\/en\\\/#organization\",\"name\":\"Oliptek\",\"url\":\"https:\\\/\\\/oliptek.com\\\/en\\\/\",\"logo\":{\"@type\":\"ImageObject\",\"inLanguage\":\"en-US\",\"@id\":\"https:\\\/\\\/oliptek.com\\\/en\\\/#\\\/schema\\\/logo\\\/image\\\/\",\"url\":\"https:\\\/\\\/oliptek.com\\\/wp-content\\\/uploads\\\/2022\\\/05\\\/oliptek_logo.png\",\"contentUrl\":\"https:\\\/\\\/oliptek.com\\\/wp-content\\\/uploads\\\/2022\\\/05\\\/oliptek_logo.png\",\"width\":396,\"height\":59,\"caption\":\"Oliptek\"},\"image\":{\"@id\":\"https:\\\/\\\/oliptek.com\\\/en\\\/#\\\/schema\\\/logo\\\/image\\\/\"},\"sameAs\":[\"https:\\\/\\\/www.facebook.com\\\/oliptek\\\/\",\"https:\\\/\\\/x.com\\\/oliptek\",\"https:\\\/\\\/www.youtube.com\\\/channel\\\/UCnimGlqU91CVNPDyL9YzMDA\",\"https:\\\/\\\/www.linkedin.com\\\/company\\\/oliptek\",\"https:\\\/\\\/www.instagram.com\\\/oliptek\\\/\"]}]}<\/script>\n<!-- \/ Yoast SEO plugin. -->","yoast_head_json":{"title":"DMX\/SPI DECODER IP67 1IN1OUT - Oliptek","description":"Oliptek DMX Decoder Series receives all types of DMX data from the source and delivers it as a workflow order to the destination address in the luminaire.","robots":{"index":"index","follow":"follow","max-snippet":"max-snippet:-1","max-image-preview":"max-image-preview:large","max-video-preview":"max-video-preview:-1"},"canonical":"https:\/\/oliptek.com\/product\/dmx-spi-decoder-ip67-1in1out\/","og_locale":"en_US","og_type":"article","og_title":"DMX\/SPI DECODER IP67 1IN1OUT - Oliptek","og_description":"Oliptek DMX Decoder Series receives all types of DMX data from the source and delivers it as a workflow order to the destination address in the luminaire.","og_url":"https:\/\/oliptek.com\/product\/dmx-spi-decoder-ip67-1in1out\/","og_site_name":"Oliptek","article_publisher":"https:\/\/www.facebook.com\/oliptek\/","article_modified_time":"2025-06-03T10:57:40+00:00","og_image":[{"width":1200,"height":1200,"url":"https:\/\/oliptek.com\/wp-content\/uploads\/2022\/05\/ODX-DECS-210A.png","type":"image\/png"}],"twitter_card":"summary_large_image","twitter_site":"@oliptek","twitter_misc":{"Est. reading time":"1 minute"},"schema":{"@context":"https:\/\/schema.org","@graph":[{"@type":"WebPage","@id":"https:\/\/oliptek.com\/product\/dmx-spi-decoder-ip67-1in1out\/","url":"https:\/\/oliptek.com\/product\/dmx-spi-decoder-ip67-1in1out\/","name":"DMX\/SPI DECODER IP67 1IN1OUT - Oliptek","isPartOf":{"@id":"https:\/\/oliptek.com\/en\/#website"},"primaryImageOfPage":{"@id":"https:\/\/oliptek.com\/product\/dmx-spi-decoder-ip67-1in1out\/#primaryimage"},"image":{"@id":"https:\/\/oliptek.com\/product\/dmx-spi-decoder-ip67-1in1out\/#primaryimage"},"thumbnailUrl":"https:\/\/oliptek.com\/wp-content\/uploads\/2022\/05\/decs-210a-1.webp","datePublished":"2022-05-21T14:52:52+00:00","dateModified":"2025-06-03T10:57:40+00:00","description":"Oliptek DMX Decoder Series receives all types of DMX data from the source and delivers it as a workflow order to the destination address in the luminaire.","breadcrumb":{"@id":"https:\/\/oliptek.com\/product\/dmx-spi-decoder-ip67-1in1out\/#breadcrumb"},"inLanguage":"en-US","potentialAction":[{"@type":"ReadAction","target":["https:\/\/oliptek.com\/product\/dmx-spi-decoder-ip67-1in1out\/"]}]},{"@type":"ImageObject","inLanguage":"en-US","@id":"https:\/\/oliptek.com\/product\/dmx-spi-decoder-ip67-1in1out\/#primaryimage","url":"https:\/\/oliptek.com\/wp-content\/uploads\/2022\/05\/decs-210a-1.webp","contentUrl":"https:\/\/oliptek.com\/wp-content\/uploads\/2022\/05\/decs-210a-1.webp","width":1080,"height":1080,"caption":"Oliptek DMX\/SPI DECODER IP67 1IN1OUT g\u00f6rseli-1"},{"@type":"BreadcrumbList","@id":"https:\/\/oliptek.com\/product\/dmx-spi-decoder-ip67-1in1out\/#breadcrumb","itemListElement":[{"@type":"ListItem","position":1,"name":"Anasayfa","item":"https:\/\/oliptek.com\/en\/homepage-2\/"},{"@type":"ListItem","position":2,"name":"Shop","item":"https:\/\/oliptek.com\/en\/shop-2\/"},{"@type":"ListItem","position":3,"name":"DMX\/SPI DECODER IP67 1IN1OUT"}]},{"@type":"WebSite","@id":"https:\/\/oliptek.com\/en\/#website","url":"https:\/\/oliptek.com\/en\/","name":"Oliptek","description":"Animasyon ve Otomasyon Sistemleri \u00dcreticisi","publisher":{"@id":"https:\/\/oliptek.com\/en\/#organization"},"potentialAction":[{"@type":"SearchAction","target":{"@type":"EntryPoint","urlTemplate":"https:\/\/oliptek.com\/en\/?s={search_term_string}"},"query-input":{"@type":"PropertyValueSpecification","valueRequired":true,"valueName":"search_term_string"}}],"inLanguage":"en-US"},{"@type":"Organization","@id":"https:\/\/oliptek.com\/en\/#organization","name":"Oliptek","url":"https:\/\/oliptek.com\/en\/","logo":{"@type":"ImageObject","inLanguage":"en-US","@id":"https:\/\/oliptek.com\/en\/#\/schema\/logo\/image\/","url":"https:\/\/oliptek.com\/wp-content\/uploads\/2022\/05\/oliptek_logo.png","contentUrl":"https:\/\/oliptek.com\/wp-content\/uploads\/2022\/05\/oliptek_logo.png","width":396,"height":59,"caption":"Oliptek"},"image":{"@id":"https:\/\/oliptek.com\/en\/#\/schema\/logo\/image\/"},"sameAs":["https:\/\/www.facebook.com\/oliptek\/","https:\/\/x.com\/oliptek","https:\/\/www.youtube.com\/channel\/UCnimGlqU91CVNPDyL9YzMDA","https:\/\/www.linkedin.com\/company\/oliptek","https:\/\/www.instagram.com\/oliptek\/"]}]}},"_links":{"self":[{"href":"https:\/\/oliptek.com\/en\/wp-json\/wp\/v2\/product\/24798","targetHints":{"allow":["GET"]}}],"collection":[{"href":"https:\/\/oliptek.com\/en\/wp-json\/wp\/v2\/product"}],"about":[{"href":"https:\/\/oliptek.com\/en\/wp-json\/wp\/v2\/types\/product"}],"version-history":[{"count":13,"href":"https:\/\/oliptek.com\/en\/wp-json\/wp\/v2\/product\/24798\/revisions"}],"predecessor-version":[{"id":55271,"href":"https:\/\/oliptek.com\/en\/wp-json\/wp\/v2\/product\/24798\/revisions\/55271"}],"wp:featuredmedia":[{"embeddable":true,"href":"https:\/\/oliptek.com\/en\/wp-json\/wp\/v2\/media\/34073"}],"wp:attachment":[{"href":"https:\/\/oliptek.com\/en\/wp-json\/wp\/v2\/media?parent=24798"}],"wp:term":[{"taxonomy":"product_brand","embeddable":true,"href":"https:\/\/oliptek.com\/en\/wp-json\/wp\/v2\/product_brand?post=24798"},{"taxonomy":"product_cat","embeddable":true,"href":"https:\/\/oliptek.com\/en\/wp-json\/wp\/v2\/product_cat?post=24798"},{"taxonomy":"product_tag","embeddable":true,"href":"https:\/\/oliptek.com\/en\/wp-json\/wp\/v2\/product_tag?post=24798"}],"curies":[{"name":"wp","href":"https:\/\/api.w.org\/{rel}","templated":true}]}}