{"id":24815,"date":"2022-05-21T15:14:49","date_gmt":"2022-05-21T15:14:49","guid":{"rendered":"https:\/\/oliptek.com\/urun\/rs485-relay-8-channel-end-unit-8x8a-230vac-30vdc\/"},"modified":"2025-06-03T10:56:53","modified_gmt":"2025-06-03T10:56:53","slug":"rs485-relay-8-channel-end-unit-8x8a-230vac-30vdc","status":"publish","type":"product","link":"https:\/\/oliptek.com\/en\/product\/rs485-relay-8-channel-end-unit-8x8a-230vac-30vdc\/","title":{"rendered":"RS485 RELAY 8 CHANNEL END UNIT 8X8A 230VAC &#8211; 30VDC"},"content":{"rendered":"\t\t<div data-elementor-type=\"wp-post\" data-elementor-id=\"24815\" class=\"elementor elementor-24815 elementor-15825\" data-elementor-post-type=\"product\">\n\t\t\t\t\t\t<section data-particle_enable=\"false\" data-particle-mobile-disabled=\"false\" class=\"elementor-section elementor-top-section elementor-element elementor-element-287a8f7c elementor-section-boxed elementor-section-height-default elementor-section-height-default\" data-id=\"287a8f7c\" data-element_type=\"section\" data-e-type=\"section\">\n\t\t\t\t\t\t<div class=\"elementor-container elementor-column-gap-default\">\n\t\t\t\t\t<div class=\"elementor-column elementor-col-100 elementor-top-column elementor-element elementor-element-5c2f8e1\" data-id=\"5c2f8e1\" data-element_type=\"column\" data-e-type=\"column\">\n\t\t\t<div class=\"elementor-widget-wrap elementor-element-populated\">\n\t\t\t\t\t\t<div class=\"elementor-element elementor-element-b28e768 elementor-tabs-view-horizontal elementor-widget elementor-widget-tabs\" data-id=\"b28e768\" data-element_type=\"widget\" data-e-type=\"widget\" data-widget_type=\"tabs.default\">\n\t\t\t\t<div class=\"elementor-widget-container\">\n\t\t\t\t\t\t\t<div class=\"elementor-tabs\">\n\t\t\t<div class=\"elementor-tabs-wrapper\" role=\"tablist\" >\n\t\t\t\t\t\t\t\t\t<div id=\"elementor-tab-title-1871\" class=\"elementor-tab-title elementor-tab-desktop-title\" aria-selected=\"true\" data-tab=\"1\" role=\"tab\" tabindex=\"0\" aria-controls=\"elementor-tab-content-1871\" aria-expanded=\"false\">Description<\/div>\n\t\t\t\t\t\t\t\t\t<div id=\"elementor-tab-title-1872\" class=\"elementor-tab-title elementor-tab-desktop-title\" aria-selected=\"false\" data-tab=\"2\" role=\"tab\" tabindex=\"-1\" aria-controls=\"elementor-tab-content-1872\" aria-expanded=\"false\">Technical Specifications<\/div>\n\t\t\t\t\t\t\t<\/div>\n\t\t\t<div class=\"elementor-tabs-content-wrapper\" role=\"tablist\" aria-orientation=\"vertical\">\n\t\t\t\t\t\t\t\t\t<div class=\"elementor-tab-title elementor-tab-mobile-title\" aria-selected=\"true\" data-tab=\"1\" role=\"tab\" tabindex=\"0\" aria-controls=\"elementor-tab-content-1871\" aria-expanded=\"false\">Description<\/div>\n\t\t\t\t\t<div id=\"elementor-tab-content-1871\" class=\"elementor-tab-content elementor-clearfix\" data-tab=\"1\" role=\"tabpanel\" aria-labelledby=\"elementor-tab-title-1871\" tabindex=\"0\" hidden=\"false\"><p>&#8220;It is an 8-channel relay end unit with 8A current switching capacity per channel, which can control AC 230V &#8211; DC 30V voltages, each channel can be controlled separately wirelessly from the gateway.<\/p>\n<p>RS Star Units provide both control of systems such as lighting, temperature, humidity, water, air conditioning, etc. in schools, hospitals, factories, workplaces and plaza buildings, as well as instantaneous monitoring of relevant data.<br \/>Combined with the scripted infrastructure provided by Oliptek StarGate Gateway, triggers of the relevant systems at predetermined times are made, while monitoring the processes and operation status on the web-based interface.&#8221;<\/p>\n<\/div>\n\t\t\t\t\t\t\t\t\t<div class=\"elementor-tab-title elementor-tab-mobile-title\" aria-selected=\"false\" data-tab=\"2\" role=\"tab\" tabindex=\"-1\" aria-controls=\"elementor-tab-content-1872\" aria-expanded=\"false\">Technical Specifications<\/div>\n\t\t\t\t\t<div id=\"elementor-tab-content-1872\" class=\"elementor-tab-content elementor-clearfix\" data-tab=\"2\" role=\"tabpanel\" aria-labelledby=\"elementor-tab-title-1872\" tabindex=\"0\" hidden=\"hidden\">\n<table id=\"tablepress-16\" class=\"tablepress tablepress-id-16\">\n<thead>\n<tr class=\"row-1\">\n\t<th class=\"column-1\">SKU<\/th><th class=\"column-2\">\u00dcR\u00dcN ADI<\/th><th class=\"column-3\">\u00dcR\u00dcN\u00dcN G\u00d6REV\u0130<\/th><th class=\"column-4\">KULLANIM ALANI<\/th>\n<\/tr>\n<\/thead>\n<tbody class=\"row-striping row-hover\">\n<tr class=\"row-2\">\n\t<td class=\"column-1\">ORS TEMP-100R<\/td><td class=\"column-2\">RS845 TEMPERATURE SENSOR NODE<\/td><td class=\"column-3\">DS18B20 Sens\u00f6r\u00fc i\u00e7in geli\u015ftirilmi\u015ftir. Hassasiyeti +-0,5C\u00b0  , \u00f6l\u00e7\u00fcm aral\u0131\u011f\u0131 -55\u201dC\u00b0\/+125\u201dC\u00b0<\/td><td class=\"column-4\">S\u0131cakl\u0131k \u00d6l\u00e7\u00fcm\u00fc<\/td>\n<\/tr>\n<tr class=\"row-3\">\n\t<td class=\"column-1\">ORSDRY100R<\/td><td class=\"column-2\">RS845 DRY CONTACT NODE<\/td><td class=\"column-3\">Giri\u015f u\u00e7lar\u0131n\u0131n a\u00e7\u0131k devre veya k\u0131sa devre olmas\u0131 durumuna g\u00f6re durum bilgisini Gateway&#8217;e RS485 hatt\u0131 ile &#8220;ON&#8221; veya &#8220;OFF&#8221; sinyali g\u00f6nderir.<\/td><td class=\"column-4\">Anahtarlar, PLC, Elekrik otomasyon sistemleri vb.<\/td>\n<\/tr>\n<tr class=\"row-4\">\n\t<td class=\"column-1\">ORSDTN105R<\/td><td class=\"column-2\">RS845 DIGITAL INPUT SVDC NODE<\/td><td class=\"column-3\">Giri\u015finde 5-24VDC aral\u0131\u011f\u0131nda gerilim uyguland\u0131\u011f\u0131nda Gateway\u2019e RS485 hatt\u0131 ile &#8220;ON&#8221; verisi,  di\u011fer durumlarda &#8220;OFF&#8221; verisi g\u00f6nderir.<\/td><td class=\"column-4\">PLC<\/td>\n<\/tr>\n<tr class=\"row-5\">\n\t<td class=\"column-1\">ORSDOUT105R<\/td><td class=\"column-2\">RS845 DIGITAL OUTPUT SVDC NODE<\/td><td class=\"column-3\">Gateway&#8217;den RS485 hatt\u0131 ile &#8220;ON&#8221; verisi g\u00f6nderdi\u011finde \u00e7\u0131k\u0131\u015f\u0131nda SVDC verir, &#8220;OFF&#8221; verisi g\u00f6nderdi\u011finde OVDC verir.<\/td><td class=\"column-4\">PLC<\/td>\n<\/tr>\n<tr class=\"row-6\">\n\t<td class=\"column-1\">ORS DIN-110R<\/td><td class=\"column-2\">RS845 DIGITAL INPUT 10VDC NODE<\/td><td class=\"column-3\">Giri\u015finde 10VDC aral\u0131\u011f\u0131nda gerilim uyguland\u0131\u011f\u0131nda Gateway&#8217;e RS485 hatt\u0131 ile &#8220;ON&#8221; verisi,  di\u011fer durumlarda &#8220;OFF&#8221; verisi g\u00f6nderir.<\/td><td class=\"column-4\">PLC<\/td>\n<\/tr>\n<tr class=\"row-7\">\n\t<td class=\"column-1\">ORS DOUT-110R<\/td><td class=\"column-2\">RS845 DIGITAL OUTPUT 10VDC NODE<\/td><td class=\"column-3\">Gateway&#8217;den RS485 hatt\u0131 ile &#8220;ON&#8221; verisi g\u00f6nderdi\u011finde \u00e7\u0131k\u0131\u0219\u0131nda 10VDC verir, &#8220;OFF&#8221; verisi g\u00f6nderdi\u011finde OVDC verir.<\/td><td class=\"column-4\">PLC<\/td>\n<\/tr>\n<tr class=\"row-8\">\n\t<td class=\"column-1\">ORS AI010-100R<\/td><td class=\"column-2\">RS845 ANALOG INPUT 0-10V NODE<\/td><td class=\"column-3\">Giri\u0219inde 0-10VDC aras\u0131 gerilim uyguland\u0131\u011f\u0131nda Gateway\u2019e RS485 hatt\u0131 ile voltaj de\u011ferini g\u00f6nderir.<\/td><td class=\"column-4\">0-10VDC \u00e7\u0131k\u0131\u015f \u00fcretebilen t\u00fcm donan\u0131mlar<\/td>\n<\/tr>\n<tr class=\"row-9\">\n\t<td class=\"column-1\">ORS AI05-100R<\/td><td class=\"column-2\">RS845 ANALOG INPUT 0-5V NODE W\/5VDC POWER OUT<\/td><td class=\"column-3\">Giri\u015fine ba\u011flanan SVDC beslemeli, 0-5VDC analog data \u00e7\u0131k\u0131\u0219\u0131na sahip \u00f6l\u00e7\u00fcm sens\u00f6rlerinin bilgisini Gateway&#8217;e RS485 hatt\u0131 ile g\u00f6nderir.<\/td><td class=\"column-4\">LDR, Gaz sens\u00f6rleri, nem sens\u00f6rleri vb.<\/td>\n<\/tr>\n<tr class=\"row-10\">\n\t<td class=\"column-1\">ORS AIAC-100R<\/td><td class=\"column-2\">RS845 ANALOG INPUT 220VAC DETECTION NODE<\/td><td class=\"column-3\">Giri\u015finde 110-230VAC uyguland\u0131\u011f\u0131nda Gateway\u2019e RS485 hatt\u0131 ile olarak &#8220;ON&#8221; verisi, diger durumlarda &#8220;OFF&#8221; verisi g\u00f6nderir.<\/td><td class=\"column-4\">&#8220;Hareket sens\u00f6rleri, UPS, tesis i\u00e7i genel&#8221;<\/td>\n<\/tr>\n<tr class=\"row-11\">\n\t<td class=\"column-1\">ORSAO010100R<\/td><td class=\"column-2\">RS845 ANALOG OUTPUT 0-10V NODE<\/td><td class=\"column-3\">Gateway&#8217;den  RS485 hatt\u0131 ile 0-10 aras\u0131 de\u011fer g\u00f6nderildi\u011finde, \u00e7\u0131k\u0131\u0219\u0131nda 0-10VDC aras\u0131 gerilim \u00fcretir.<\/td><td class=\"column-4\">&#8220;0-10VDC giri\u015fi ile Control edilebilen t\u00fcm cihazlar&#8221;<\/td>\n<\/tr>\n<tr class=\"row-12\">\n\t<td class=\"column-1\">ORS DIM3-100R<\/td><td class=\"column-2\">RS845 3CH CV PWM DIMMER NODE<\/td><td class=\"column-3\">Gateway&#8217;den RS485 hatt\u0131 ile her bir kanal\u0131 ayr\u0131 ayr\u0131 kontrol edilebilen, her kanal\u0131 12-24VDC PWM sinyali \u00fcretebilen, kanal ba\u015f\u0131 8A&#8217;e kadar, 3 kanall\u0131 PWM sabit voltaj DIMMER u\u00e7 birimidir.<\/td><td class=\"column-4\">PWM y\u00f6ntemi ile Control edilen t\u00fcm cihazlar<\/td>\n<\/tr>\n<tr class=\"row-13\">\n\t<td class=\"column-1\">ORS TRG-103R<\/td><td class=\"column-2\">RS845 TRIGGER 3SEC. NODE<\/td><td class=\"column-3\">Gateway&#8217;den RS485 hatt\u0131 ile &#8220;ON&#8221; verisi geldi\u011finde \u00e7\u0131k\u0131\u015f konta\u011f\u0131n\u0131 3 saniye boyunca k\u0131sa devre konumuna al\u0131r. 8A&#8217;e kadar.<\/td><td class=\"column-4\">Kepenkler, kap\u0131lar vb. tetikleme ile \u00e7al\u0131\u015fan cihazlar<\/td>\n<\/tr>\n<tr class=\"row-14\">\n\t<td class=\"column-1\">ORS REU-100R<\/td><td class=\"column-2\">RS845 RELAY 1CH NODE 1X8A 230VAC &#8211; 30VDC<\/td><td class=\"column-3\">Gateway\u2019den RS485 hatt\u0131 ile her bir kanal\u0131 ayri ayr\u0131 kontrol edilebilen, AC 230V &#8211; DC 30V gerilimleri kumanda edebilen, kanal ba\u0219\u0131 8A ak\u0131m anahtarlama kapasitesine  sahip, 1 kanall\u0131 r\u00f6le u\u00e7 birimidir.<\/td><td class=\"column-4\">&#8220;8A&#8217;e kadar g\u00fc\u021b kumandas\u0131 ihtiyac\u0131 olan<br \/>\nt\u00fcm cihazlar<\/td>\n<\/tr>\n<tr class=\"row-15\">\n\t<td class=\"column-1\">ORS REL2-100R<\/td><td class=\"column-2\">RS845 RELAY 2CH NODE 2X8A 230VAC &#8211; 30VDC<\/td><td class=\"column-3\">Gateway\u2019den RS485 hatt\u0131 ile her bir kanal\u0131 ayr\u0131 ayr\u0131 kontrol edilebilen, AC 230V &#8211; DC 30V gerilimleri kumanda edebilen, kanal ba\u015f\u0131 8A ak\u0131m anahtarlama kapasitesine sahip, 2 kanall\u0131 r\u00f6le u\u00e7 birimidir.<\/td><td class=\"column-4\">8A&#8217;e kadar g\u00fc\u00e7 kumandas\u0131 ihtiyac\u0131 olan t\u00fcm cihazlar<\/td>\n<\/tr>\n<tr class=\"row-16\">\n\t<td class=\"column-1\">ORS DIM4-100R<\/td><td class=\"column-2\">RS845 4CH CV PWM DIMMER NODE<\/td><td class=\"column-3\">Gateway\u2019den RS485 hatt\u0131 ile her bir kanal\u0131 ayr\u0131 ayr\u0131 kontrol edilebilen, her kanal\u0131 12-24VDC PWM sinyali \u00fcretebilen, kanal ba\u015f\u0131  8A&#8217;e kadar, 4 kanall\u0131 PWM sabit voltaj DIMMER u\u00e7 birimidir.<\/td><td class=\"column-4\">PWM y\u00f6ntemi ile Control edilen t\u00fcm cihazlar.<\/td>\n<\/tr>\n<tr class=\"row-17\">\n\t<td class=\"column-1\">ORS DIMS-100R<\/td><td class=\"column-2\">RS845 SCH CV PWM DIMMER NODE<\/td><td class=\"column-3\">Gateway\u2019den RS485 hatti ile her bir kanal\u0131 ayr\u0131 ayr\u0131 kontrol edilebilen, her kanal\u0131 12-24VDC PWM sinyali \u00fcretebilen, kanal ba\u015f\u0131 8A&#8217;e kadar, 5 kanall\u0131 PWM sabit voltaj DIMMER u\u00e7 birimidir.<\/td><td class=\"column-4\">PWM y\u00f6ntemi ile Control edilen t\u00fcm cihazlar<\/td>\n<\/tr>\n<tr class=\"row-18\">\n\t<td class=\"column-1\">ORS REL8-100R<\/td><td class=\"column-2\">RS845 RELAY 8CH NODE 8XBA 2\u00df0VAC &#8211; 30VDC.<\/td><td class=\"column-3\">Gateway&#8217;den RS485 hatt\u0131 ile her bir kanal\u0131 ayr\u0131 ayr\u0131 kontrol edilebilen, AC 230V &#8211; DC 30V gerilimleri kumanda edebilen, kanal ba\u015f\u0131 BA ak\u0131m anahtarlama kapasitesine sahip, 8 kanall\u0131 r\u00f6le u\u00e7 birimidir.<\/td><td class=\"column-4\">&#8220;8A&#8217;e kadar g\u00fc\u00e7 kumandas\u0131 ihtiyac\u0131 olan<br \/>\nt\u00fcm cihazlar<\/td>\n<\/tr>\n<\/tbody>\n<\/table>\n<!-- #tablepress-16 from cache -->\n<\/div>\n\t\t\t\t\t\t\t<\/div>\n\t\t<\/div>\n\t\t\t\t\t\t<\/div>\n\t\t\t\t<\/div>\n\t\t\t\t\t<\/div>\n\t\t<\/div>\n\t\t\t\t\t<\/div>\n\t\t<\/section>\n\t\t\t\t<\/div>\n\t\t","protected":false},"excerpt":{"rendered":"<p>It is an 8-channel relay end unit with 8A current switching capacity per channel, which can control AC 230V &#8211; DC 30V voltages, each channel can be controlled separately wirelessly from the gateway.<\/p>\n<p>Oliptek RS Star Control Units are designed to solve various needs and problems<br \/>\nin your facility with their modular structure by using RS485 communication method<br \/>\n.<\/p>\n","protected":false},"featured_media":23530,"template":"","meta":{"wpupg_custom_link":[],"wpupg_custom_link_behaviour":[],"wpupg_custom_link_nofollow":[],"wpupg_custom_image":[],"wpupg_custom_image_id":[]},"product_brand":[],"product_cat":[250,121],"product_tag":[],"class_list":{"0":"post-24815","1":"product","2":"type-product","3":"status-publish","4":"has-post-thumbnail","6":"product_cat-factory-automation-products","7":"product_cat-rs-star-series-en","9":"first","10":"instock","11":"virtual","12":"product-type-simple"},"yoast_head":"<!-- This site is optimized with the Yoast SEO plugin v27.4 - https:\/\/yoast.com\/product\/yoast-seo-wordpress\/ -->\n<title>RS485 RELAY 8 CHANNEL END UNIT 8X8A 230VAC - 30VDC - Oliptek<\/title>\n<meta name=\"description\" content=\"Each channel can be controlled separately wirelessly from the gateway, AC 230V - DC 30V voltages can be controlled, 8A current per channel\" \/>\n<meta name=\"robots\" content=\"index, follow, max-snippet:-1, max-image-preview:large, max-video-preview:-1\" \/>\n<link rel=\"canonical\" href=\"https:\/\/oliptek.com\/product\/rs485-relay-8-kanal-ucbirim-8x8a-230vac-30vdc\/\" \/>\n<meta property=\"og:locale\" content=\"en_US\" \/>\n<meta property=\"og:type\" content=\"article\" \/>\n<meta property=\"og:title\" content=\"RS485 RELAY 8 CHANNEL END UNIT 8X8A 230VAC - 30VDC - Oliptek\" \/>\n<meta property=\"og:description\" content=\"Each channel can be controlled separately wirelessly from the gateway, AC 230V - DC 30V voltages can be controlled, 8A current per channel\" \/>\n<meta property=\"og:url\" content=\"https:\/\/oliptek.com\/product\/rs485-relay-8-kanal-ucbirim-8x8a-230vac-30vdc\/\" \/>\n<meta property=\"og:site_name\" content=\"Oliptek\" \/>\n<meta property=\"article:publisher\" content=\"https:\/\/www.facebook.com\/oliptek\/\" \/>\n<meta property=\"article:modified_time\" content=\"2025-06-03T10:56:53+00:00\" \/>\n<meta property=\"og:image\" content=\"https:\/\/oliptek.com\/wp-content\/uploads\/2022\/05\/ORS-REL8-100R.png\" \/>\n\t<meta property=\"og:image:width\" content=\"1200\" \/>\n\t<meta property=\"og:image:height\" content=\"1200\" \/>\n\t<meta property=\"og:image:type\" content=\"image\/png\" \/>\n<meta name=\"twitter:card\" content=\"summary_large_image\" \/>\n<meta name=\"twitter:site\" content=\"@oliptek\" \/>\n<meta name=\"twitter:label1\" content=\"Est. reading time\" \/>\n\t<meta name=\"twitter:data1\" content=\"4 minutes\" \/>\n<script type=\"application\/ld+json\" class=\"yoast-schema-graph\">{\"@context\":\"https:\\\/\\\/schema.org\",\"@graph\":[{\"@type\":\"WebPage\",\"@id\":\"https:\\\/\\\/oliptek.com\\\/product\\\/rs485-relay-8-kanal-ucbirim-8x8a-230vac-30vdc\\\/\",\"url\":\"https:\\\/\\\/oliptek.com\\\/product\\\/rs485-relay-8-kanal-ucbirim-8x8a-230vac-30vdc\\\/\",\"name\":\"RS485 RELAY 8 CHANNEL END UNIT 8X8A 230VAC - 30VDC - Oliptek\",\"isPartOf\":{\"@id\":\"https:\\\/\\\/oliptek.com\\\/en\\\/#website\"},\"primaryImageOfPage\":{\"@id\":\"https:\\\/\\\/oliptek.com\\\/product\\\/rs485-relay-8-kanal-ucbirim-8x8a-230vac-30vdc\\\/#primaryimage\"},\"image\":{\"@id\":\"https:\\\/\\\/oliptek.com\\\/product\\\/rs485-relay-8-kanal-ucbirim-8x8a-230vac-30vdc\\\/#primaryimage\"},\"thumbnailUrl\":\"https:\\\/\\\/oliptek.com\\\/wp-content\\\/uploads\\\/2022\\\/05\\\/ORS-REL8-100R.png\",\"datePublished\":\"2022-05-21T15:14:49+00:00\",\"dateModified\":\"2025-06-03T10:56:53+00:00\",\"description\":\"Each channel can be controlled separately wirelessly from the gateway, AC 230V - DC 30V voltages can be controlled, 8A current per channel\",\"breadcrumb\":{\"@id\":\"https:\\\/\\\/oliptek.com\\\/product\\\/rs485-relay-8-kanal-ucbirim-8x8a-230vac-30vdc\\\/#breadcrumb\"},\"inLanguage\":\"en-US\",\"potentialAction\":[{\"@type\":\"ReadAction\",\"target\":[\"https:\\\/\\\/oliptek.com\\\/product\\\/rs485-relay-8-kanal-ucbirim-8x8a-230vac-30vdc\\\/\"]}]},{\"@type\":\"ImageObject\",\"inLanguage\":\"en-US\",\"@id\":\"https:\\\/\\\/oliptek.com\\\/product\\\/rs485-relay-8-kanal-ucbirim-8x8a-230vac-30vdc\\\/#primaryimage\",\"url\":\"https:\\\/\\\/oliptek.com\\\/wp-content\\\/uploads\\\/2022\\\/05\\\/ORS-REL8-100R.png\",\"contentUrl\":\"https:\\\/\\\/oliptek.com\\\/wp-content\\\/uploads\\\/2022\\\/05\\\/ORS-REL8-100R.png\",\"width\":1200,\"height\":1200,\"caption\":\"oliptek ORS REL8-100R g\u00f6rsel\"},{\"@type\":\"BreadcrumbList\",\"@id\":\"https:\\\/\\\/oliptek.com\\\/product\\\/rs485-relay-8-kanal-ucbirim-8x8a-230vac-30vdc\\\/#breadcrumb\",\"itemListElement\":[{\"@type\":\"ListItem\",\"position\":1,\"name\":\"Anasayfa\",\"item\":\"https:\\\/\\\/oliptek.com\\\/en\\\/\"},{\"@type\":\"ListItem\",\"position\":2,\"name\":\"Shop\",\"item\":\"https:\\\/\\\/oliptek.com\\\/en\\\/shop-2\\\/\"},{\"@type\":\"ListItem\",\"position\":3,\"name\":\"RS485 RELAY 8 CHANNEL END UNIT 8X8A 230VAC &#8211; 30VDC\"}]},{\"@type\":\"WebSite\",\"@id\":\"https:\\\/\\\/oliptek.com\\\/en\\\/#website\",\"url\":\"https:\\\/\\\/oliptek.com\\\/en\\\/\",\"name\":\"Oliptek\",\"description\":\"Animasyon ve Otomasyon Sistemleri \u00dcreticisi\",\"publisher\":{\"@id\":\"https:\\\/\\\/oliptek.com\\\/en\\\/#organization\"},\"potentialAction\":[{\"@type\":\"SearchAction\",\"target\":{\"@type\":\"EntryPoint\",\"urlTemplate\":\"https:\\\/\\\/oliptek.com\\\/en\\\/?s={search_term_string}\"},\"query-input\":{\"@type\":\"PropertyValueSpecification\",\"valueRequired\":true,\"valueName\":\"search_term_string\"}}],\"inLanguage\":\"en-US\"},{\"@type\":\"Organization\",\"@id\":\"https:\\\/\\\/oliptek.com\\\/en\\\/#organization\",\"name\":\"Oliptek\",\"url\":\"https:\\\/\\\/oliptek.com\\\/en\\\/\",\"logo\":{\"@type\":\"ImageObject\",\"inLanguage\":\"en-US\",\"@id\":\"https:\\\/\\\/oliptek.com\\\/en\\\/#\\\/schema\\\/logo\\\/image\\\/\",\"url\":\"https:\\\/\\\/oliptek.com\\\/wp-content\\\/uploads\\\/2022\\\/05\\\/oliptek_logo.png\",\"contentUrl\":\"https:\\\/\\\/oliptek.com\\\/wp-content\\\/uploads\\\/2022\\\/05\\\/oliptek_logo.png\",\"width\":396,\"height\":59,\"caption\":\"Oliptek\"},\"image\":{\"@id\":\"https:\\\/\\\/oliptek.com\\\/en\\\/#\\\/schema\\\/logo\\\/image\\\/\"},\"sameAs\":[\"https:\\\/\\\/www.facebook.com\\\/oliptek\\\/\",\"https:\\\/\\\/x.com\\\/oliptek\",\"https:\\\/\\\/www.youtube.com\\\/channel\\\/UCnimGlqU91CVNPDyL9YzMDA\",\"https:\\\/\\\/www.linkedin.com\\\/company\\\/oliptek\",\"https:\\\/\\\/www.instagram.com\\\/oliptek\\\/\"]}]}<\/script>\n<!-- \/ Yoast SEO plugin. -->","yoast_head_json":{"title":"RS485 RELAY 8 CHANNEL END UNIT 8X8A 230VAC - 30VDC - Oliptek","description":"Each channel can be controlled separately wirelessly from the gateway, AC 230V - DC 30V voltages can be controlled, 8A current per channel","robots":{"index":"index","follow":"follow","max-snippet":"max-snippet:-1","max-image-preview":"max-image-preview:large","max-video-preview":"max-video-preview:-1"},"canonical":"https:\/\/oliptek.com\/product\/rs485-relay-8-kanal-ucbirim-8x8a-230vac-30vdc\/","og_locale":"en_US","og_type":"article","og_title":"RS485 RELAY 8 CHANNEL END UNIT 8X8A 230VAC - 30VDC - Oliptek","og_description":"Each channel can be controlled separately wirelessly from the gateway, AC 230V - DC 30V voltages can be controlled, 8A current per channel","og_url":"https:\/\/oliptek.com\/product\/rs485-relay-8-kanal-ucbirim-8x8a-230vac-30vdc\/","og_site_name":"Oliptek","article_publisher":"https:\/\/www.facebook.com\/oliptek\/","article_modified_time":"2025-06-03T10:56:53+00:00","og_image":[{"width":1200,"height":1200,"url":"https:\/\/oliptek.com\/wp-content\/uploads\/2022\/05\/ORS-REL8-100R.png","type":"image\/png"}],"twitter_card":"summary_large_image","twitter_site":"@oliptek","twitter_misc":{"Est. reading time":"4 minutes"},"schema":{"@context":"https:\/\/schema.org","@graph":[{"@type":"WebPage","@id":"https:\/\/oliptek.com\/product\/rs485-relay-8-kanal-ucbirim-8x8a-230vac-30vdc\/","url":"https:\/\/oliptek.com\/product\/rs485-relay-8-kanal-ucbirim-8x8a-230vac-30vdc\/","name":"RS485 RELAY 8 CHANNEL END UNIT 8X8A 230VAC - 30VDC - Oliptek","isPartOf":{"@id":"https:\/\/oliptek.com\/en\/#website"},"primaryImageOfPage":{"@id":"https:\/\/oliptek.com\/product\/rs485-relay-8-kanal-ucbirim-8x8a-230vac-30vdc\/#primaryimage"},"image":{"@id":"https:\/\/oliptek.com\/product\/rs485-relay-8-kanal-ucbirim-8x8a-230vac-30vdc\/#primaryimage"},"thumbnailUrl":"https:\/\/oliptek.com\/wp-content\/uploads\/2022\/05\/ORS-REL8-100R.png","datePublished":"2022-05-21T15:14:49+00:00","dateModified":"2025-06-03T10:56:53+00:00","description":"Each channel can be controlled separately wirelessly from the gateway, AC 230V - DC 30V voltages can be controlled, 8A current per channel","breadcrumb":{"@id":"https:\/\/oliptek.com\/product\/rs485-relay-8-kanal-ucbirim-8x8a-230vac-30vdc\/#breadcrumb"},"inLanguage":"en-US","potentialAction":[{"@type":"ReadAction","target":["https:\/\/oliptek.com\/product\/rs485-relay-8-kanal-ucbirim-8x8a-230vac-30vdc\/"]}]},{"@type":"ImageObject","inLanguage":"en-US","@id":"https:\/\/oliptek.com\/product\/rs485-relay-8-kanal-ucbirim-8x8a-230vac-30vdc\/#primaryimage","url":"https:\/\/oliptek.com\/wp-content\/uploads\/2022\/05\/ORS-REL8-100R.png","contentUrl":"https:\/\/oliptek.com\/wp-content\/uploads\/2022\/05\/ORS-REL8-100R.png","width":1200,"height":1200,"caption":"oliptek ORS REL8-100R g\u00f6rsel"},{"@type":"BreadcrumbList","@id":"https:\/\/oliptek.com\/product\/rs485-relay-8-kanal-ucbirim-8x8a-230vac-30vdc\/#breadcrumb","itemListElement":[{"@type":"ListItem","position":1,"name":"Anasayfa","item":"https:\/\/oliptek.com\/en\/"},{"@type":"ListItem","position":2,"name":"Shop","item":"https:\/\/oliptek.com\/en\/shop-2\/"},{"@type":"ListItem","position":3,"name":"RS485 RELAY 8 CHANNEL END UNIT 8X8A 230VAC &#8211; 30VDC"}]},{"@type":"WebSite","@id":"https:\/\/oliptek.com\/en\/#website","url":"https:\/\/oliptek.com\/en\/","name":"Oliptek","description":"Animasyon ve Otomasyon Sistemleri \u00dcreticisi","publisher":{"@id":"https:\/\/oliptek.com\/en\/#organization"},"potentialAction":[{"@type":"SearchAction","target":{"@type":"EntryPoint","urlTemplate":"https:\/\/oliptek.com\/en\/?s={search_term_string}"},"query-input":{"@type":"PropertyValueSpecification","valueRequired":true,"valueName":"search_term_string"}}],"inLanguage":"en-US"},{"@type":"Organization","@id":"https:\/\/oliptek.com\/en\/#organization","name":"Oliptek","url":"https:\/\/oliptek.com\/en\/","logo":{"@type":"ImageObject","inLanguage":"en-US","@id":"https:\/\/oliptek.com\/en\/#\/schema\/logo\/image\/","url":"https:\/\/oliptek.com\/wp-content\/uploads\/2022\/05\/oliptek_logo.png","contentUrl":"https:\/\/oliptek.com\/wp-content\/uploads\/2022\/05\/oliptek_logo.png","width":396,"height":59,"caption":"Oliptek"},"image":{"@id":"https:\/\/oliptek.com\/en\/#\/schema\/logo\/image\/"},"sameAs":["https:\/\/www.facebook.com\/oliptek\/","https:\/\/x.com\/oliptek","https:\/\/www.youtube.com\/channel\/UCnimGlqU91CVNPDyL9YzMDA","https:\/\/www.linkedin.com\/company\/oliptek","https:\/\/www.instagram.com\/oliptek\/"]}]}},"_links":{"self":[{"href":"https:\/\/oliptek.com\/en\/wp-json\/wp\/v2\/product\/24815","targetHints":{"allow":["GET"]}}],"collection":[{"href":"https:\/\/oliptek.com\/en\/wp-json\/wp\/v2\/product"}],"about":[{"href":"https:\/\/oliptek.com\/en\/wp-json\/wp\/v2\/types\/product"}],"version-history":[{"count":10,"href":"https:\/\/oliptek.com\/en\/wp-json\/wp\/v2\/product\/24815\/revisions"}],"predecessor-version":[{"id":55203,"href":"https:\/\/oliptek.com\/en\/wp-json\/wp\/v2\/product\/24815\/revisions\/55203"}],"wp:featuredmedia":[{"embeddable":true,"href":"https:\/\/oliptek.com\/en\/wp-json\/wp\/v2\/media\/23530"}],"wp:attachment":[{"href":"https:\/\/oliptek.com\/en\/wp-json\/wp\/v2\/media?parent=24815"}],"wp:term":[{"taxonomy":"product_brand","embeddable":true,"href":"https:\/\/oliptek.com\/en\/wp-json\/wp\/v2\/product_brand?post=24815"},{"taxonomy":"product_cat","embeddable":true,"href":"https:\/\/oliptek.com\/en\/wp-json\/wp\/v2\/product_cat?post=24815"},{"taxonomy":"product_tag","embeddable":true,"href":"https:\/\/oliptek.com\/en\/wp-json\/wp\/v2\/product_tag?post=24815"}],"curies":[{"name":"wp","href":"https:\/\/api.w.org\/{rel}","templated":true}]}}