{"id":24848,"date":"2022-05-21T14:52:50","date_gmt":"2022-05-21T14:52:50","guid":{"rendered":"https:\/\/oliptek.com\/urun\/meshliner\/"},"modified":"2024-12-24T14:45:56","modified_gmt":"2024-12-24T14:45:56","slug":"meshliner-vertical-90","status":"publish","type":"product","link":"https:\/\/oliptek.com\/en\/product\/meshliner-vertical-90\/","title":{"rendered":"MeshLiner Vertical 90\u00b0"},"content":{"rendered":"\t\t<div data-elementor-type=\"wp-post\" data-elementor-id=\"24848\" class=\"elementor elementor-24848 elementor-15796\" data-elementor-post-type=\"product\">\n\t\t\t\t\t\t<section data-particle_enable=\"false\" data-particle-mobile-disabled=\"false\" class=\"elementor-section elementor-top-section elementor-element elementor-element-7d8a6979 elementor-section-boxed elementor-section-height-default elementor-section-height-default\" data-id=\"7d8a6979\" data-element_type=\"section\" data-e-type=\"section\">\n\t\t\t\t\t\t<div class=\"elementor-container elementor-column-gap-default\">\n\t\t\t\t\t<div class=\"elementor-column elementor-col-100 elementor-top-column elementor-element elementor-element-5e41b269\" data-id=\"5e41b269\" data-element_type=\"column\" data-e-type=\"column\">\n\t\t\t<div class=\"elementor-widget-wrap elementor-element-populated\">\n\t\t\t\t\t\t<div class=\"elementor-element elementor-element-10b84d8 elementor-tabs-view-horizontal elementor-widget elementor-widget-tabs\" data-id=\"10b84d8\" data-element_type=\"widget\" data-e-type=\"widget\" data-widget_type=\"tabs.default\">\n\t\t\t\t<div class=\"elementor-widget-container\">\n\t\t\t\t\t\t\t<div class=\"elementor-tabs\">\n\t\t\t<div class=\"elementor-tabs-wrapper\" role=\"tablist\" >\n\t\t\t\t\t\t\t\t\t<div id=\"elementor-tab-title-1751\" class=\"elementor-tab-title elementor-tab-desktop-title\" aria-selected=\"true\" data-tab=\"1\" role=\"tab\" tabindex=\"0\" aria-controls=\"elementor-tab-content-1751\" aria-expanded=\"false\">Technical Specifications<\/div>\n\t\t\t\t\t\t\t\t\t<div id=\"elementor-tab-title-1752\" class=\"elementor-tab-title elementor-tab-desktop-title\" aria-selected=\"false\" data-tab=\"2\" role=\"tab\" tabindex=\"-1\" aria-controls=\"elementor-tab-content-1752\" aria-expanded=\"false\">Technical Documents<\/div>\n\t\t\t\t\t\t\t\t\t<div id=\"elementor-tab-title-1753\" class=\"elementor-tab-title elementor-tab-desktop-title\" aria-selected=\"false\" data-tab=\"3\" role=\"tab\" tabindex=\"-1\" aria-controls=\"elementor-tab-content-1753\" aria-expanded=\"false\">Documents<\/div>\n\t\t\t\t\t\t\t<\/div>\n\t\t\t<div class=\"elementor-tabs-content-wrapper\" role=\"tablist\" aria-orientation=\"vertical\">\n\t\t\t\t\t\t\t\t\t<div class=\"elementor-tab-title elementor-tab-mobile-title\" aria-selected=\"true\" data-tab=\"1\" role=\"tab\" tabindex=\"0\" aria-controls=\"elementor-tab-content-1751\" aria-expanded=\"false\">Technical Specifications<\/div>\n\t\t\t\t\t<div id=\"elementor-tab-content-1751\" class=\"elementor-tab-content elementor-clearfix\" data-tab=\"1\" role=\"tabpanel\" aria-labelledby=\"elementor-tab-title-1751\" tabindex=\"0\" hidden=\"false\">\n<table id=\"tablepress-3\" class=\"tablepress tablepress-id-3\">\n<tbody class=\"row-striping row-hover\">\n<tr class=\"row-1\">\n\t<td class=\"column-1\">LED markas\u0131:<\/td><td class=\"column-2\">Cree \/ Nichia<\/td><td class=\"column-3\"><\/td><td class=\"column-4\">G\u00fc\u00e7 t\u00fcketimi:<\/td><td class=\"column-5\">Tek Y\u00f6n: 7,2W\/m &#8211; 4,8W\/m<\/td>\n<\/tr>\n<tr class=\"row-2\">\n\t<td class=\"column-1\">LED tipi:<\/td><td class=\"column-2\">3in1 RGB LED (3232)<\/td><td class=\"column-3\"><\/td><td class=\"column-4\">Yay\u0131lma a\u00e7\u0131s\u0131:<\/td><td class=\"column-5\">120\u00b0<\/td>\n<\/tr>\n<tr class=\"row-3\">\n\t<td class=\"column-1\">Renk derinli\u011fi:<\/td><td class=\"column-2\">16 Milyon<\/td><td class=\"column-3\"><\/td><td class=\"column-4\">\u00c7al\u0131\u015fma s\u0131cakl\u0131\u011f\u0131:<\/td><td class=\"column-5\">-20\u00b0C ile + 65\u00b0C<\/td>\n<\/tr>\n<tr class=\"row-4\">\n\t<td class=\"column-1\">Kontrol modelleri:<\/td><td class=\"column-2\">DMX512<\/td><td class=\"column-3\"><\/td><td class=\"column-4\">Saklama s\u0131cakl\u0131\u011f\u0131:<\/td><td class=\"column-5\">-40\u00b0C ile +85\u00b0C<\/td>\n<\/tr>\n<tr class=\"row-5\">\n\t<td class=\"column-1\">Adres ayar\u0131:<\/td><td class=\"column-2\">Otomatik<\/td><td class=\"column-3\"><\/td><td class=\"column-4\">\u00c7al\u0131\u015fma nemi:<\/td><td class=\"column-5\">\u22655% -95% RH<\/td>\n<\/tr>\n<tr class=\"row-6\">\n\t<td class=\"column-1\">\u0130zleme y\u00f6n\u00fc:<\/td><td class=\"column-2\">Tek Tarafl\u0131<\/td><td class=\"column-3\"><\/td><td class=\"column-4\">Malzeme:<\/td><td class=\"column-5\">UV Korumal\u0131 Polikarbon<\/td>\n<\/tr>\n<tr class=\"row-7\">\n\t<td class=\"column-1\">Piksel aral\u0131\u011f\u0131 (Yatay):<\/td><td class=\"column-2\">Asgari 100mm<\/td><td class=\"column-3\"><\/td><td class=\"column-4\">Bar rengi:<\/td><td class=\"column-5\">\u015eeffaf veya Yar\u0131 Opak<\/td>\n<\/tr>\n<tr class=\"row-8\">\n\t<td class=\"column-1\">Piksel aral\u0131\u011f\u0131 (Dikey):<\/td><td class=\"column-2\">100mm &#8211; 150mm<\/td><td class=\"column-3\"><\/td><td class=\"column-4\">Darbe dayan\u0131m s\u0131n\u0131f\u0131:<\/td><td class=\"column-5\">IK09<\/td>\n<\/tr>\n<tr class=\"row-9\">\n\t<td class=\"column-1\">Pikseldeki LED say\u0131s\u0131:<\/td><td class=\"column-2\">3<\/td><td class=\"column-3\"><\/td><td class=\"column-4\">S\u0131v\u0131 koruma s\u0131n\u0131f\u0131:<\/td><td class=\"column-5\">IP65<\/td>\n<\/tr>\n<tr class=\"row-10\">\n\t<td class=\"column-1\">\u00c7al\u0131\u015fma gerilimi:<\/td><td class=\"column-2\">12VDC<\/td><td class=\"column-3\"><\/td><td class=\"column-4\">A\u011f\u0131rl\u0131k:<\/td><td class=\"column-5\">300 gr\/m<\/td>\n<\/tr>\n<tr class=\"row-11\">\n\t<td class=\"column-1\">LED \u00f6mr\u00fc:<\/td><td class=\"column-2\">>100.000 saat<\/td><td class=\"column-3\"><\/td><td class=\"column-4\">Garanti s\u00fcresi:<\/td><td class=\"column-5\">2 y\u0131l<\/td>\n<\/tr>\n<\/tbody>\n<\/table>\n\n<\/div>\n\t\t\t\t\t\t\t\t\t<div class=\"elementor-tab-title elementor-tab-mobile-title\" aria-selected=\"false\" data-tab=\"2\" role=\"tab\" tabindex=\"-1\" aria-controls=\"elementor-tab-content-1752\" aria-expanded=\"false\">Technical Documents<\/div>\n\t\t\t\t\t<div id=\"elementor-tab-content-1752\" class=\"elementor-tab-content elementor-clearfix\" data-tab=\"2\" role=\"tabpanel\" aria-labelledby=\"elementor-tab-title-1752\" tabindex=\"0\" hidden=\"hidden\"><h6><strong>TECHNICAL DRAWINGS<\/strong><\/h6><p><a href=\"https:\/\/oliptek.com\/wp-content\/uploads\/2024\/11\/MESHLINER-V090D-TECHNICAL-DRAWINGS-EN_REV001-Model.pdf\">v90 TECHNICAL DRAWING<\/a><\/p><h6><strong>DATASHEET<\/strong><\/h6><p><a href=\"https:\/\/oliptek.com\/wp-content\/uploads\/2024\/11\/MESHLINER-V090D-DATASHEET-EN_REV001.pdf\">V90 DATASHEET<\/a><\/p><h6><strong>GUIDELINES<\/strong><\/h6><p><a href=\"https:\/\/oliptek.com\/wp-content\/uploads\/2024\/11\/MESHLINER-V090D-CONNECTION-GUIDE-EN_REV001.pdf\">CONNECTION GUIDE<\/a><\/p><p><a href=\"https:\/\/oliptek.com\/wp-content\/uploads\/2024\/11\/MESHLINER-V090D-INSTALLATION-MANUAL-EN_REV001.pdf\">INSTALLATION GUIDE<\/a><\/p><\/div>\n\t\t\t\t\t\t\t\t\t<div class=\"elementor-tab-title elementor-tab-mobile-title\" aria-selected=\"false\" data-tab=\"3\" role=\"tab\" tabindex=\"-1\" aria-controls=\"elementor-tab-content-1753\" aria-expanded=\"false\">Documents<\/div>\n\t\t\t\t\t<div id=\"elementor-tab-content-1753\" class=\"elementor-tab-content elementor-clearfix\" data-tab=\"3\" role=\"tabpanel\" aria-labelledby=\"elementor-tab-title-1753\" tabindex=\"0\" hidden=\"hidden\"><h6><strong>CERTIFICATES<\/strong><\/h6><p><a href=\"https:\/\/oliptek.com\/wp-content\/uploads\/2024\/12\/MESHLINER-CE-BELGESI-24-12-24.pdf\" target=\"_blank\" rel=\"noopener\">MeshLiner V90 CERTIFICATE OF CONFORMITY<\/a><\/p><p>\u00a0<\/p><\/div>\n\t\t\t\t\t\t\t<\/div>\n\t\t<\/div>\n\t\t\t\t\t\t<\/div>\n\t\t\t\t<\/div>\n\t\t\t\t\t<\/div>\n\t\t<\/div>\n\t\t\t\t\t<\/div>\n\t\t<\/section>\n\t\t\t\t<\/div>\n\t\t","protected":false},"excerpt":{"rendered":"<p>Transform building facades, bridges, hotels, shopping mall facades into transparent animation areas with MeshLiner Series.<\/p>\n<p>Perfectly compatible with all DMX controllers, it offers unique socket design, mounting versatility, wiring advantages and plug &amp; play serviceability.<\/p>\n<p><img decoding=\"async\" class=\"alignleft wp-image-26065\" src=\"https:\/\/oliptek.com\/wp-content\/uploads\/2023\/08\/mehliner-single-icons.webp\" alt=\"\" width=\"750\" height=\"56\" srcset=\"https:\/\/oliptek.com\/wp-content\/uploads\/2023\/08\/mehliner-single-icons.webp 1000w, https:\/\/oliptek.com\/wp-content\/uploads\/2023\/08\/mehliner-single-icons-300x22.webp 300w, https:\/\/oliptek.com\/wp-content\/uploads\/2023\/08\/mehliner-single-icons-768x57.webp 768w, https:\/\/oliptek.com\/wp-content\/uploads\/2023\/08\/mehliner-single-icons-600x44.webp 600w\" sizes=\"(max-width: 750px) 100vw, 750px\" \/><\/p>\n","protected":false},"featured_media":29516,"template":"","meta":{"wpupg_custom_link":[],"wpupg_custom_link_behaviour":[],"wpupg_custom_link_nofollow":[],"wpupg_custom_image":[],"wpupg_custom_image_id":[]},"product_brand":[],"product_cat":[154,152,321,130],"product_tag":[],"class_list":{"0":"post-24848","1":"product","2":"type-product","3":"status-publish","4":"has-post-thumbnail","6":"product_cat-animation-systems","7":"product_cat-facade-animation-products","8":"product_cat-meshliner-highlighted","9":"product_cat-meshliner-series-en","11":"first","12":"instock","13":"virtual","14":"product-type-simple"},"yoast_head":"<!-- This site is optimized with the Yoast SEO plugin v27.4 - https:\/\/yoast.com\/product\/yoast-seo-wordpress\/ -->\n<title>MeshLiner Vertical 90\u00b0 - Oliptek<\/title>\n<meta name=\"description\" content=\"Oliptek MeshLiner Series is used in building facades, bridges, landscape projects, hotels, hospitals, squares and stadiums.\" \/>\n<meta name=\"robots\" content=\"index, follow, max-snippet:-1, max-image-preview:large, max-video-preview:-1\" \/>\n<link rel=\"canonical\" href=\"https:\/\/oliptek.com\/product\/meshliner\/\" \/>\n<meta property=\"og:locale\" content=\"en_US\" \/>\n<meta property=\"og:type\" content=\"article\" \/>\n<meta property=\"og:title\" content=\"MeshLiner Vertical 90\u00b0 - Oliptek\" \/>\n<meta property=\"og:description\" content=\"Oliptek MeshLiner Series is used in building facades, bridges, landscape projects, hotels, hospitals, squares and stadiums.\" \/>\n<meta property=\"og:url\" content=\"https:\/\/oliptek.com\/product\/meshliner\/\" \/>\n<meta property=\"og:site_name\" content=\"Oliptek\" \/>\n<meta property=\"article:publisher\" content=\"https:\/\/www.facebook.com\/oliptek\/\" \/>\n<meta property=\"article:modified_time\" content=\"2024-12-24T14:45:56+00:00\" \/>\n<meta property=\"og:image\" content=\"https:\/\/oliptek.com\/wp-content\/uploads\/2023\/08\/meshliner-single1-1000px.webp\" \/>\n\t<meta property=\"og:image:width\" content=\"1000\" \/>\n\t<meta property=\"og:image:height\" content=\"1000\" \/>\n\t<meta property=\"og:image:type\" content=\"image\/webp\" \/>\n<meta name=\"twitter:card\" content=\"summary_large_image\" \/>\n<meta name=\"twitter:site\" content=\"@oliptek\" \/>\n<meta name=\"twitter:label1\" content=\"Est. reading time\" \/>\n\t<meta name=\"twitter:data1\" content=\"1 minute\" \/>\n<script type=\"application\/ld+json\" class=\"yoast-schema-graph\">{\"@context\":\"https:\\\/\\\/schema.org\",\"@graph\":[{\"@type\":\"WebPage\",\"@id\":\"https:\\\/\\\/oliptek.com\\\/product\\\/meshliner\\\/\",\"url\":\"https:\\\/\\\/oliptek.com\\\/product\\\/meshliner\\\/\",\"name\":\"MeshLiner Vertical 90\u00b0 - Oliptek\",\"isPartOf\":{\"@id\":\"https:\\\/\\\/oliptek.com\\\/en\\\/#website\"},\"primaryImageOfPage\":{\"@id\":\"https:\\\/\\\/oliptek.com\\\/product\\\/meshliner\\\/#primaryimage\"},\"image\":{\"@id\":\"https:\\\/\\\/oliptek.com\\\/product\\\/meshliner\\\/#primaryimage\"},\"thumbnailUrl\":\"https:\\\/\\\/oliptek.com\\\/wp-content\\\/uploads\\\/2023\\\/10\\\/mesh-V90-1000px.webp\",\"datePublished\":\"2022-05-21T14:52:50+00:00\",\"dateModified\":\"2024-12-24T14:45:56+00:00\",\"description\":\"Oliptek MeshLiner Series is used in building facades, bridges, landscape projects, hotels, hospitals, squares and stadiums.\",\"breadcrumb\":{\"@id\":\"https:\\\/\\\/oliptek.com\\\/product\\\/meshliner\\\/#breadcrumb\"},\"inLanguage\":\"en-US\",\"potentialAction\":[{\"@type\":\"ReadAction\",\"target\":[\"https:\\\/\\\/oliptek.com\\\/product\\\/meshliner\\\/\"]}]},{\"@type\":\"ImageObject\",\"inLanguage\":\"en-US\",\"@id\":\"https:\\\/\\\/oliptek.com\\\/product\\\/meshliner\\\/#primaryimage\",\"url\":\"https:\\\/\\\/oliptek.com\\\/wp-content\\\/uploads\\\/2023\\\/10\\\/mesh-V90-1000px.webp\",\"contentUrl\":\"https:\\\/\\\/oliptek.com\\\/wp-content\\\/uploads\\\/2023\\\/10\\\/mesh-V90-1000px.webp\",\"width\":1000,\"height\":1000,\"caption\":\"oliptek mesh-V90-1000px g\u00f6rseli\"},{\"@type\":\"BreadcrumbList\",\"@id\":\"https:\\\/\\\/oliptek.com\\\/product\\\/meshliner\\\/#breadcrumb\",\"itemListElement\":[{\"@type\":\"ListItem\",\"position\":1,\"name\":\"Anasayfa\",\"item\":\"https:\\\/\\\/oliptek.com\\\/en\\\/\"},{\"@type\":\"ListItem\",\"position\":2,\"name\":\"Shop\",\"item\":\"https:\\\/\\\/oliptek.com\\\/en\\\/shop-2\\\/\"},{\"@type\":\"ListItem\",\"position\":3,\"name\":\"MeshLiner\"}]},{\"@type\":\"WebSite\",\"@id\":\"https:\\\/\\\/oliptek.com\\\/en\\\/#website\",\"url\":\"https:\\\/\\\/oliptek.com\\\/en\\\/\",\"name\":\"Oliptek\",\"description\":\"Animasyon ve Otomasyon Sistemleri \u00dcreticisi\",\"publisher\":{\"@id\":\"https:\\\/\\\/oliptek.com\\\/en\\\/#organization\"},\"potentialAction\":[{\"@type\":\"SearchAction\",\"target\":{\"@type\":\"EntryPoint\",\"urlTemplate\":\"https:\\\/\\\/oliptek.com\\\/en\\\/?s={search_term_string}\"},\"query-input\":{\"@type\":\"PropertyValueSpecification\",\"valueRequired\":true,\"valueName\":\"search_term_string\"}}],\"inLanguage\":\"en-US\"},{\"@type\":\"Organization\",\"@id\":\"https:\\\/\\\/oliptek.com\\\/en\\\/#organization\",\"name\":\"Oliptek\",\"url\":\"https:\\\/\\\/oliptek.com\\\/en\\\/\",\"logo\":{\"@type\":\"ImageObject\",\"inLanguage\":\"en-US\",\"@id\":\"https:\\\/\\\/oliptek.com\\\/en\\\/#\\\/schema\\\/logo\\\/image\\\/\",\"url\":\"https:\\\/\\\/oliptek.com\\\/wp-content\\\/uploads\\\/2022\\\/05\\\/oliptek_logo.png\",\"contentUrl\":\"https:\\\/\\\/oliptek.com\\\/wp-content\\\/uploads\\\/2022\\\/05\\\/oliptek_logo.png\",\"width\":396,\"height\":59,\"caption\":\"Oliptek\"},\"image\":{\"@id\":\"https:\\\/\\\/oliptek.com\\\/en\\\/#\\\/schema\\\/logo\\\/image\\\/\"},\"sameAs\":[\"https:\\\/\\\/www.facebook.com\\\/oliptek\\\/\",\"https:\\\/\\\/x.com\\\/oliptek\",\"https:\\\/\\\/www.youtube.com\\\/channel\\\/UCnimGlqU91CVNPDyL9YzMDA\",\"https:\\\/\\\/www.linkedin.com\\\/company\\\/oliptek\",\"https:\\\/\\\/www.instagram.com\\\/oliptek\\\/\"]}]}<\/script>\n<!-- \/ Yoast SEO plugin. -->","yoast_head_json":{"title":"MeshLiner Vertical 90\u00b0 - Oliptek","description":"Oliptek MeshLiner Series is used in building facades, bridges, landscape projects, hotels, hospitals, squares and stadiums.","robots":{"index":"index","follow":"follow","max-snippet":"max-snippet:-1","max-image-preview":"max-image-preview:large","max-video-preview":"max-video-preview:-1"},"canonical":"https:\/\/oliptek.com\/product\/meshliner\/","og_locale":"en_US","og_type":"article","og_title":"MeshLiner Vertical 90\u00b0 - Oliptek","og_description":"Oliptek MeshLiner Series is used in building facades, bridges, landscape projects, hotels, hospitals, squares and stadiums.","og_url":"https:\/\/oliptek.com\/product\/meshliner\/","og_site_name":"Oliptek","article_publisher":"https:\/\/www.facebook.com\/oliptek\/","article_modified_time":"2024-12-24T14:45:56+00:00","og_image":[{"width":1000,"height":1000,"url":"https:\/\/oliptek.com\/wp-content\/uploads\/2023\/08\/meshliner-single1-1000px.webp","type":"image\/webp"}],"twitter_card":"summary_large_image","twitter_site":"@oliptek","twitter_misc":{"Est. reading time":"1 minute"},"schema":{"@context":"https:\/\/schema.org","@graph":[{"@type":"WebPage","@id":"https:\/\/oliptek.com\/product\/meshliner\/","url":"https:\/\/oliptek.com\/product\/meshliner\/","name":"MeshLiner Vertical 90\u00b0 - Oliptek","isPartOf":{"@id":"https:\/\/oliptek.com\/en\/#website"},"primaryImageOfPage":{"@id":"https:\/\/oliptek.com\/product\/meshliner\/#primaryimage"},"image":{"@id":"https:\/\/oliptek.com\/product\/meshliner\/#primaryimage"},"thumbnailUrl":"https:\/\/oliptek.com\/wp-content\/uploads\/2023\/10\/mesh-V90-1000px.webp","datePublished":"2022-05-21T14:52:50+00:00","dateModified":"2024-12-24T14:45:56+00:00","description":"Oliptek MeshLiner Series is used in building facades, bridges, landscape projects, hotels, hospitals, squares and stadiums.","breadcrumb":{"@id":"https:\/\/oliptek.com\/product\/meshliner\/#breadcrumb"},"inLanguage":"en-US","potentialAction":[{"@type":"ReadAction","target":["https:\/\/oliptek.com\/product\/meshliner\/"]}]},{"@type":"ImageObject","inLanguage":"en-US","@id":"https:\/\/oliptek.com\/product\/meshliner\/#primaryimage","url":"https:\/\/oliptek.com\/wp-content\/uploads\/2023\/10\/mesh-V90-1000px.webp","contentUrl":"https:\/\/oliptek.com\/wp-content\/uploads\/2023\/10\/mesh-V90-1000px.webp","width":1000,"height":1000,"caption":"oliptek mesh-V90-1000px g\u00f6rseli"},{"@type":"BreadcrumbList","@id":"https:\/\/oliptek.com\/product\/meshliner\/#breadcrumb","itemListElement":[{"@type":"ListItem","position":1,"name":"Anasayfa","item":"https:\/\/oliptek.com\/en\/"},{"@type":"ListItem","position":2,"name":"Shop","item":"https:\/\/oliptek.com\/en\/shop-2\/"},{"@type":"ListItem","position":3,"name":"MeshLiner"}]},{"@type":"WebSite","@id":"https:\/\/oliptek.com\/en\/#website","url":"https:\/\/oliptek.com\/en\/","name":"Oliptek","description":"Animasyon ve Otomasyon Sistemleri \u00dcreticisi","publisher":{"@id":"https:\/\/oliptek.com\/en\/#organization"},"potentialAction":[{"@type":"SearchAction","target":{"@type":"EntryPoint","urlTemplate":"https:\/\/oliptek.com\/en\/?s={search_term_string}"},"query-input":{"@type":"PropertyValueSpecification","valueRequired":true,"valueName":"search_term_string"}}],"inLanguage":"en-US"},{"@type":"Organization","@id":"https:\/\/oliptek.com\/en\/#organization","name":"Oliptek","url":"https:\/\/oliptek.com\/en\/","logo":{"@type":"ImageObject","inLanguage":"en-US","@id":"https:\/\/oliptek.com\/en\/#\/schema\/logo\/image\/","url":"https:\/\/oliptek.com\/wp-content\/uploads\/2022\/05\/oliptek_logo.png","contentUrl":"https:\/\/oliptek.com\/wp-content\/uploads\/2022\/05\/oliptek_logo.png","width":396,"height":59,"caption":"Oliptek"},"image":{"@id":"https:\/\/oliptek.com\/en\/#\/schema\/logo\/image\/"},"sameAs":["https:\/\/www.facebook.com\/oliptek\/","https:\/\/x.com\/oliptek","https:\/\/www.youtube.com\/channel\/UCnimGlqU91CVNPDyL9YzMDA","https:\/\/www.linkedin.com\/company\/oliptek","https:\/\/www.instagram.com\/oliptek\/"]}]}},"_links":{"self":[{"href":"https:\/\/oliptek.com\/en\/wp-json\/wp\/v2\/product\/24848","targetHints":{"allow":["GET"]}}],"collection":[{"href":"https:\/\/oliptek.com\/en\/wp-json\/wp\/v2\/product"}],"about":[{"href":"https:\/\/oliptek.com\/en\/wp-json\/wp\/v2\/types\/product"}],"version-history":[{"count":16,"href":"https:\/\/oliptek.com\/en\/wp-json\/wp\/v2\/product\/24848\/revisions"}],"predecessor-version":[{"id":51707,"href":"https:\/\/oliptek.com\/en\/wp-json\/wp\/v2\/product\/24848\/revisions\/51707"}],"wp:featuredmedia":[{"embeddable":true,"href":"https:\/\/oliptek.com\/en\/wp-json\/wp\/v2\/media\/29516"}],"wp:attachment":[{"href":"https:\/\/oliptek.com\/en\/wp-json\/wp\/v2\/media?parent=24848"}],"wp:term":[{"taxonomy":"product_brand","embeddable":true,"href":"https:\/\/oliptek.com\/en\/wp-json\/wp\/v2\/product_brand?post=24848"},{"taxonomy":"product_cat","embeddable":true,"href":"https:\/\/oliptek.com\/en\/wp-json\/wp\/v2\/product_cat?post=24848"},{"taxonomy":"product_tag","embeddable":true,"href":"https:\/\/oliptek.com\/en\/wp-json\/wp\/v2\/product_tag?post=24848"}],"curies":[{"name":"wp","href":"https:\/\/api.w.org\/{rel}","templated":true}]}}