{"id":31314,"date":"2023-10-10T06:23:43","date_gmt":"2023-10-10T06:23:43","guid":{"rendered":"https:\/\/oliptek.com\/product\/wallwasher-rgbw\/"},"modified":"2026-02-09T13:06:53","modified_gmt":"2026-02-09T13:06:53","slug":"wallwasher-rgbw","status":"publish","type":"product","link":"https:\/\/oliptek.com\/en\/product\/wallwasher-rgbw\/","title":{"rendered":"WallWasher RGBW"},"content":{"rendered":"\t\t<div data-elementor-type=\"wp-post\" data-elementor-id=\"31314\" class=\"elementor elementor-31314 elementor-30737\" data-elementor-post-type=\"product\">\n\t\t\t\t\t\t<section data-particle_enable=\"false\" data-particle-mobile-disabled=\"false\" class=\"elementor-section elementor-top-section elementor-element elementor-element-13c88ca elementor-section-boxed elementor-section-height-default elementor-section-height-default\" data-id=\"13c88ca\" data-element_type=\"section\" data-e-type=\"section\">\n\t\t\t\t\t\t<div class=\"elementor-container elementor-column-gap-default\">\n\t\t\t\t\t<div class=\"elementor-column elementor-col-100 elementor-top-column elementor-element elementor-element-4edf9987\" data-id=\"4edf9987\" data-element_type=\"column\" data-e-type=\"column\">\n\t\t\t<div class=\"elementor-widget-wrap elementor-element-populated\">\n\t\t\t\t\t\t<div class=\"elementor-element elementor-element-8f27d01 elementor-tabs-view-horizontal elementor-widget elementor-widget-tabs\" data-id=\"8f27d01\" data-element_type=\"widget\" data-e-type=\"widget\" data-widget_type=\"tabs.default\">\n\t\t\t\t<div class=\"elementor-widget-container\">\n\t\t\t\t\t\t\t<div class=\"elementor-tabs\">\n\t\t\t<div class=\"elementor-tabs-wrapper\" role=\"tablist\" >\n\t\t\t\t\t\t\t\t\t<div id=\"elementor-tab-title-1501\" class=\"elementor-tab-title elementor-tab-desktop-title\" aria-selected=\"true\" data-tab=\"1\" role=\"tab\" tabindex=\"0\" aria-controls=\"elementor-tab-content-1501\" aria-expanded=\"false\">Technical Specifications<\/div>\n\t\t\t\t\t\t\t\t\t<div id=\"elementor-tab-title-1502\" class=\"elementor-tab-title elementor-tab-desktop-title\" aria-selected=\"false\" data-tab=\"2\" role=\"tab\" tabindex=\"-1\" aria-controls=\"elementor-tab-content-1502\" aria-expanded=\"false\">Technical Documents<\/div>\n\t\t\t\t\t\t\t<\/div>\n\t\t\t<div class=\"elementor-tabs-content-wrapper\" role=\"tablist\" aria-orientation=\"vertical\">\n\t\t\t\t\t\t\t\t\t<div class=\"elementor-tab-title elementor-tab-mobile-title\" aria-selected=\"true\" data-tab=\"1\" role=\"tab\" tabindex=\"0\" aria-controls=\"elementor-tab-content-1501\" aria-expanded=\"false\">Technical Specifications<\/div>\n\t\t\t\t\t<div id=\"elementor-tab-content-1501\" class=\"elementor-tab-content elementor-clearfix\" data-tab=\"1\" role=\"tabpanel\" aria-labelledby=\"elementor-tab-title-1501\" tabindex=\"0\" hidden=\"false\">\n<table id=\"tablepress-71\" class=\"tablepress tablepress-id-71 tbody-has-connected-cells\">\n<tbody class=\"row-striping row-hover\">\n<tr class=\"row-1\">\n\t<td class=\"column-1\">Nominal G\u00fc\u00e7:<\/td><td class=\"column-2\">24W<\/td><td class=\"column-3\"><\/td><td class=\"column-4\">G\u00f6vde:<\/td><td class=\"column-5\">Eloksall\u0131 Ekstr\u00fczyon Al\u00fcminyum<\/td>\n<\/tr>\n<tr class=\"row-2\">\n\t<td class=\"column-1\">\u00c7al\u0131\u015fma Voltaj\u0131:<\/td><td class=\"column-2\">90..264VAC &#8211; 50\/60Hz<\/td><td class=\"column-3\"><\/td><td class=\"column-4\">Dif\u00fcz\u00f6r:<\/td><td class=\"column-5\">\u015eeffaf, UV PC (CoEx)<br \/>\n<\/td>\n<\/tr>\n<tr class=\"row-3\">\n\t<td class=\"column-1\">G\u00fc\u00e7 Fakt\u00f6r\u00fc:<\/td><td class=\"column-2\">>0,9<\/td><td class=\"column-3\"><\/td><td class=\"column-4\">U\u00e7 Kapa\u011f\u0131:<\/td><td class=\"column-5\">Cam Takviyeli PC<br \/>\n<\/td>\n<\/tr>\n<tr class=\"row-4\">\n\t<td class=\"column-1\">Koruma S\u0131n\u0131f\u0131:<\/td><td colspan=\"2\" class=\"column-2\">Yal\u0131t\u0131m Koruma S\u0131n\u0131f\u0131 I (Koruyucu Topraklama)<\/td><td class=\"column-4\">Montaj Ayaklar\u0131:<\/td><td class=\"column-5\">Paslanmaz \u00c7elik &#8211; Tek Vidal\u0131<br \/>\n<\/td>\n<\/tr>\n<tr class=\"row-5\">\n\t<td class=\"column-1\">LED Markalar\u0131:<\/td><td colspan=\"2\" class=\"column-2\">NICHIA \/ CREE \/ OSRAM<\/td><td class=\"column-4\">Ba\u011flant\u0131 Tipi:<\/td><td class=\"column-5\">Tak, H\u0131zl\u0131 Ba\u011flant\u0131y\u0131 Kes<br \/>\n<\/td>\n<\/tr>\n<tr class=\"row-6\">\n\t<td class=\"column-1\">Renk Derinli\u011fi:<\/td><td colspan=\"2\" class=\"column-2\">RGBW \/ 16 Milyon<\/td><td class=\"column-4\">IP S\u0131n\u0131f\u0131:<\/td><td class=\"column-5\">IP66<\/td>\n<\/tr>\n<tr class=\"row-7\">\n\t<td class=\"column-1\">LED Tipleri:<\/td><td colspan=\"2\" class=\"column-2\">Hi-Power 20 LED&#8217;leri<br \/>\n6x K\u0131rm\u0131z\u0131, 6x Ye\u015fil, 6x Mavi<\/td><td class=\"column-4\">IK S\u0131n\u0131f\u0131:<\/td><td class=\"column-5\">IK07<\/td>\n<\/tr>\n<tr class=\"row-8\">\n\t<td class=\"column-1\">LED adedi:<\/td><td colspan=\"2\" class=\"column-2\">20<\/td><td class=\"column-4\">\u00c7al\u0131\u015fma S\u0131cakl\u0131\u011f\u0131:<br \/>\nSaklama S\u0131cakl\u0131\u011f\u0131:<\/td><td class=\"column-5\"> -20\u00b0&#8230;+50\u00b0<br \/>\n -20\u00b0&#8230;+65\u00b0<\/td>\n<\/tr>\n<tr class=\"row-9\">\n\t<td class=\"column-1\">Renk Geriverim Endeksi (CRI):<\/td><td colspan=\"2\" class=\"column-2\">>80<\/td><td class=\"column-4\">\u00d6mr\u00fc 25C\u00b0 da L80\/B50:<\/td><td class=\"column-5\">>60.000 saat<\/td>\n<\/tr>\n<tr class=\"row-10\">\n\t<td class=\"column-1\">\u0130zleme A\u00e7\u0131s\u0131:<\/td><td colspan=\"2\" class=\"column-2\">15\u00b0\/30\u00b0\/40\u00b0\/60\u00b0\/90\u00b0<\/td><td class=\"column-4\">Montaj Tipi:<\/td><td class=\"column-5\">Duvara, Tabana Monte<\/td>\n<\/tr>\n<tr class=\"row-11\">\n\t<td class=\"column-1\">Kontrol Aray\u00fcz\u00fc:<\/td><td colspan=\"2\" class=\"column-2\">DMX512<\/td><td class=\"column-4\">\u00d6l\u00e7\u00fcler:<\/td><td class=\"column-5\">52cm x 6cm x 7cm<\/td>\n<\/tr>\n<tr class=\"row-12\">\n\t<td class=\"column-1\">DMX Adresleme Tipi:<\/td><td colspan=\"2\" class=\"column-2\">El Terminali<br \/>\nTemass\u0131z Adresleme   * Opsiyonel<\/td><td class=\"column-4\">Net A\u011f\u0131rl\u0131k:<\/td><td class=\"column-5\">1,5kg<\/td>\n<\/tr>\n<tr class=\"row-13\">\n\t<td class=\"column-1\">Adres Ekran\u0131:<\/td><td colspan=\"2\" class=\"column-2\">7 Segment LED Ekran * Opsiyonel<\/td><td class=\"column-4\"><\/td><td class=\"column-5\"><\/td>\n<\/tr>\n<\/tbody>\n<\/table>\n\n<\/div>\n\t\t\t\t\t\t\t\t\t<div class=\"elementor-tab-title elementor-tab-mobile-title\" aria-selected=\"false\" data-tab=\"2\" role=\"tab\" tabindex=\"-1\" aria-controls=\"elementor-tab-content-1502\" aria-expanded=\"false\">Technical Documents<\/div>\n\t\t\t\t\t<div id=\"elementor-tab-content-1502\" class=\"elementor-tab-content elementor-clearfix\" data-tab=\"2\" role=\"tabpanel\" aria-labelledby=\"elementor-tab-title-1502\" tabindex=\"0\" hidden=\"hidden\"><h6><strong>DATA PAGES<\/strong><\/h6>\n<p><a href=\"https:\/\/oliptek.com\/wp-content\/uploads\/2026\/02\/MOLDE-FAMILY-WALLWASHER-DATASHEET.pdf\">WALLWASHER SERIES DATASHEET<\/a><\/p>\n<\/div>\n\t\t\t\t\t\t\t<\/div>\n\t\t<\/div>\n\t\t\t\t\t\t<\/div>\n\t\t\t\t<\/div>\n\t\t\t\t\t<\/div>\n\t\t<\/div>\n\t\t\t\t\t<\/div>\n\t\t<\/section>\n\t\t\t\t<\/div>\n\t\t","protected":false},"excerpt":{"rendered":"<p>Have more vivid surface animations with the WallWasher RGBW series.<\/p>\n<p>It can be easily installed thanks to its IP65 socket structure and has a long-lasting structure with its stainless steel case.<\/p>\n<p><span style=\"color: #333333;\"><img decoding=\"async\" class=\"alignnone wp-image-30738 size-full\" src=\"https:\/\/oliptek.com\/wp-content\/uploads\/2023\/10\/wallwasher-rgbw-iconlar-web.webp\" alt=\"\" width=\"522\" height=\"52\" srcset=\"https:\/\/oliptek.com\/wp-content\/uploads\/2023\/10\/wallwasher-rgbw-iconlar-web.webp 522w, https:\/\/oliptek.com\/wp-content\/uploads\/2023\/10\/wallwasher-rgbw-iconlar-web-300x30.webp 300w\" sizes=\"(max-width: 522px) 100vw, 522px\" \/><\/span><\/p>\n","protected":false},"featured_media":41372,"template":"","meta":{"wpupg_custom_link":[],"wpupg_custom_link_behaviour":[],"wpupg_custom_link_nofollow":[],"wpupg_custom_image":[],"wpupg_custom_image_id":[]},"product_brand":[],"product_cat":[154,152,293,247],"product_tag":[],"class_list":{"0":"post-31314","1":"product","2":"type-product","3":"status-publish","4":"has-post-thumbnail","6":"product_cat-animation-systems","7":"product_cat-facade-animation-products","8":"product_cat-wallwasher-highlighted","9":"product_cat-wallwasher-series-en","11":"first","12":"instock","13":"virtual","14":"product-type-simple"},"yoast_head":"<!-- This site is optimized with the Yoast SEO plugin v27.4 - https:\/\/yoast.com\/product\/yoast-seo-wordpress\/ -->\n<title>%WallWasher RGBW  - Oliptek% Oliptek SkyLiner RGB<\/title>\n<meta name=\"description\" content=\"Oliptek SkyLiner RGB Series offers solutions for animated LED applications in many places such as building facades, bridges, landscaping projects, hotels, hospitals\" \/>\n<meta name=\"robots\" content=\"index, follow, max-snippet:-1, max-image-preview:large, max-video-preview:-1\" \/>\n<link rel=\"canonical\" href=\"https:\/\/oliptek.com\/en\/product\/wallwasher-rgbw\/\" \/>\n<meta property=\"og:locale\" content=\"en_US\" \/>\n<meta property=\"og:type\" content=\"article\" \/>\n<meta property=\"og:title\" content=\"%WallWasher RGBW  - Oliptek% Oliptek SkyLiner RGB\" \/>\n<meta property=\"og:description\" content=\"Oliptek SkyLiner RGB Series offers solutions for animated LED applications in many places such as building facades, bridges, landscaping projects, hotels, hospitals\" \/>\n<meta property=\"og:url\" content=\"https:\/\/oliptek.com\/en\/product\/wallwasher-rgbw\/\" \/>\n<meta property=\"og:site_name\" content=\"Oliptek\" \/>\n<meta property=\"article:publisher\" content=\"https:\/\/www.facebook.com\/oliptek\/\" \/>\n<meta property=\"article:modified_time\" content=\"2026-02-09T13:06:53+00:00\" \/>\n<meta property=\"og:image\" content=\"https:\/\/oliptek.com\/wp-content\/uploads\/2023\/10\/Wallwasher-RGBW-3.webp\" \/>\n\t<meta property=\"og:image:width\" content=\"1080\" \/>\n\t<meta property=\"og:image:height\" content=\"1080\" \/>\n\t<meta property=\"og:image:type\" content=\"image\/webp\" \/>\n<meta name=\"twitter:card\" content=\"summary_large_image\" \/>\n<meta name=\"twitter:site\" content=\"@oliptek\" \/>\n<meta name=\"twitter:label1\" content=\"Est. reading time\" \/>\n\t<meta name=\"twitter:data1\" content=\"1 minute\" \/>\n<script type=\"application\/ld+json\" class=\"yoast-schema-graph\">{\"@context\":\"https:\\\/\\\/schema.org\",\"@graph\":[{\"@type\":\"WebPage\",\"@id\":\"https:\\\/\\\/oliptek.com\\\/en\\\/product\\\/wallwasher-rgbw\\\/\",\"url\":\"https:\\\/\\\/oliptek.com\\\/en\\\/product\\\/wallwasher-rgbw\\\/\",\"name\":\"%WallWasher RGBW - Oliptek% Oliptek SkyLiner RGB\",\"isPartOf\":{\"@id\":\"https:\\\/\\\/oliptek.com\\\/en\\\/#website\"},\"primaryImageOfPage\":{\"@id\":\"https:\\\/\\\/oliptek.com\\\/en\\\/product\\\/wallwasher-rgbw\\\/#primaryimage\"},\"image\":{\"@id\":\"https:\\\/\\\/oliptek.com\\\/en\\\/product\\\/wallwasher-rgbw\\\/#primaryimage\"},\"thumbnailUrl\":\"https:\\\/\\\/oliptek.com\\\/wp-content\\\/uploads\\\/2023\\\/10\\\/Wallwasher-RGBW-3.webp\",\"datePublished\":\"2023-10-10T06:23:43+00:00\",\"dateModified\":\"2026-02-09T13:06:53+00:00\",\"description\":\"Oliptek SkyLiner RGB Series offers solutions for animated LED applications in many places such as building facades, bridges, landscaping projects, hotels, hospitals\",\"breadcrumb\":{\"@id\":\"https:\\\/\\\/oliptek.com\\\/en\\\/product\\\/wallwasher-rgbw\\\/#breadcrumb\"},\"inLanguage\":\"en-US\",\"potentialAction\":[{\"@type\":\"ReadAction\",\"target\":[\"https:\\\/\\\/oliptek.com\\\/en\\\/product\\\/wallwasher-rgbw\\\/\"]}]},{\"@type\":\"ImageObject\",\"inLanguage\":\"en-US\",\"@id\":\"https:\\\/\\\/oliptek.com\\\/en\\\/product\\\/wallwasher-rgbw\\\/#primaryimage\",\"url\":\"https:\\\/\\\/oliptek.com\\\/wp-content\\\/uploads\\\/2023\\\/10\\\/Wallwasher-RGBW-3.webp\",\"contentUrl\":\"https:\\\/\\\/oliptek.com\\\/wp-content\\\/uploads\\\/2023\\\/10\\\/Wallwasher-RGBW-3.webp\",\"width\":1080,\"height\":1080,\"caption\":\"Oliptek Wallwasher RGBW 3 image\"},{\"@type\":\"BreadcrumbList\",\"@id\":\"https:\\\/\\\/oliptek.com\\\/en\\\/product\\\/wallwasher-rgbw\\\/#breadcrumb\",\"itemListElement\":[{\"@type\":\"ListItem\",\"position\":1,\"name\":\"Anasayfa\",\"item\":\"https:\\\/\\\/oliptek.com\\\/en\\\/\"},{\"@type\":\"ListItem\",\"position\":2,\"name\":\"Shop\",\"item\":\"https:\\\/\\\/oliptek.com\\\/en\\\/shop-2\\\/\"},{\"@type\":\"ListItem\",\"position\":3,\"name\":\"WallWasher RGBW\"}]},{\"@type\":\"WebSite\",\"@id\":\"https:\\\/\\\/oliptek.com\\\/en\\\/#website\",\"url\":\"https:\\\/\\\/oliptek.com\\\/en\\\/\",\"name\":\"Oliptek\",\"description\":\"Animasyon ve Otomasyon Sistemleri \u00dcreticisi\",\"publisher\":{\"@id\":\"https:\\\/\\\/oliptek.com\\\/en\\\/#organization\"},\"potentialAction\":[{\"@type\":\"SearchAction\",\"target\":{\"@type\":\"EntryPoint\",\"urlTemplate\":\"https:\\\/\\\/oliptek.com\\\/en\\\/?s={search_term_string}\"},\"query-input\":{\"@type\":\"PropertyValueSpecification\",\"valueRequired\":true,\"valueName\":\"search_term_string\"}}],\"inLanguage\":\"en-US\"},{\"@type\":\"Organization\",\"@id\":\"https:\\\/\\\/oliptek.com\\\/en\\\/#organization\",\"name\":\"Oliptek\",\"url\":\"https:\\\/\\\/oliptek.com\\\/en\\\/\",\"logo\":{\"@type\":\"ImageObject\",\"inLanguage\":\"en-US\",\"@id\":\"https:\\\/\\\/oliptek.com\\\/en\\\/#\\\/schema\\\/logo\\\/image\\\/\",\"url\":\"https:\\\/\\\/oliptek.com\\\/wp-content\\\/uploads\\\/2022\\\/05\\\/oliptek_logo.png\",\"contentUrl\":\"https:\\\/\\\/oliptek.com\\\/wp-content\\\/uploads\\\/2022\\\/05\\\/oliptek_logo.png\",\"width\":396,\"height\":59,\"caption\":\"Oliptek\"},\"image\":{\"@id\":\"https:\\\/\\\/oliptek.com\\\/en\\\/#\\\/schema\\\/logo\\\/image\\\/\"},\"sameAs\":[\"https:\\\/\\\/www.facebook.com\\\/oliptek\\\/\",\"https:\\\/\\\/x.com\\\/oliptek\",\"https:\\\/\\\/www.youtube.com\\\/channel\\\/UCnimGlqU91CVNPDyL9YzMDA\",\"https:\\\/\\\/www.linkedin.com\\\/company\\\/oliptek\",\"https:\\\/\\\/www.instagram.com\\\/oliptek\\\/\"]}]}<\/script>\n<!-- \/ Yoast SEO plugin. -->","yoast_head_json":{"title":"%WallWasher RGBW  - Oliptek% Oliptek SkyLiner RGB","description":"Oliptek SkyLiner RGB Series offers solutions for animated LED applications in many places such as building facades, bridges, landscaping projects, hotels, hospitals","robots":{"index":"index","follow":"follow","max-snippet":"max-snippet:-1","max-image-preview":"max-image-preview:large","max-video-preview":"max-video-preview:-1"},"canonical":"https:\/\/oliptek.com\/en\/product\/wallwasher-rgbw\/","og_locale":"en_US","og_type":"article","og_title":"%WallWasher RGBW  - Oliptek% Oliptek SkyLiner RGB","og_description":"Oliptek SkyLiner RGB Series offers solutions for animated LED applications in many places such as building facades, bridges, landscaping projects, hotels, hospitals","og_url":"https:\/\/oliptek.com\/en\/product\/wallwasher-rgbw\/","og_site_name":"Oliptek","article_publisher":"https:\/\/www.facebook.com\/oliptek\/","article_modified_time":"2026-02-09T13:06:53+00:00","og_image":[{"width":1080,"height":1080,"url":"https:\/\/oliptek.com\/wp-content\/uploads\/2023\/10\/Wallwasher-RGBW-3.webp","type":"image\/webp"}],"twitter_card":"summary_large_image","twitter_site":"@oliptek","twitter_misc":{"Est. reading time":"1 minute"},"schema":{"@context":"https:\/\/schema.org","@graph":[{"@type":"WebPage","@id":"https:\/\/oliptek.com\/en\/product\/wallwasher-rgbw\/","url":"https:\/\/oliptek.com\/en\/product\/wallwasher-rgbw\/","name":"%WallWasher RGBW - Oliptek% Oliptek SkyLiner RGB","isPartOf":{"@id":"https:\/\/oliptek.com\/en\/#website"},"primaryImageOfPage":{"@id":"https:\/\/oliptek.com\/en\/product\/wallwasher-rgbw\/#primaryimage"},"image":{"@id":"https:\/\/oliptek.com\/en\/product\/wallwasher-rgbw\/#primaryimage"},"thumbnailUrl":"https:\/\/oliptek.com\/wp-content\/uploads\/2023\/10\/Wallwasher-RGBW-3.webp","datePublished":"2023-10-10T06:23:43+00:00","dateModified":"2026-02-09T13:06:53+00:00","description":"Oliptek SkyLiner RGB Series offers solutions for animated LED applications in many places such as building facades, bridges, landscaping projects, hotels, hospitals","breadcrumb":{"@id":"https:\/\/oliptek.com\/en\/product\/wallwasher-rgbw\/#breadcrumb"},"inLanguage":"en-US","potentialAction":[{"@type":"ReadAction","target":["https:\/\/oliptek.com\/en\/product\/wallwasher-rgbw\/"]}]},{"@type":"ImageObject","inLanguage":"en-US","@id":"https:\/\/oliptek.com\/en\/product\/wallwasher-rgbw\/#primaryimage","url":"https:\/\/oliptek.com\/wp-content\/uploads\/2023\/10\/Wallwasher-RGBW-3.webp","contentUrl":"https:\/\/oliptek.com\/wp-content\/uploads\/2023\/10\/Wallwasher-RGBW-3.webp","width":1080,"height":1080,"caption":"Oliptek Wallwasher RGBW 3 image"},{"@type":"BreadcrumbList","@id":"https:\/\/oliptek.com\/en\/product\/wallwasher-rgbw\/#breadcrumb","itemListElement":[{"@type":"ListItem","position":1,"name":"Anasayfa","item":"https:\/\/oliptek.com\/en\/"},{"@type":"ListItem","position":2,"name":"Shop","item":"https:\/\/oliptek.com\/en\/shop-2\/"},{"@type":"ListItem","position":3,"name":"WallWasher RGBW"}]},{"@type":"WebSite","@id":"https:\/\/oliptek.com\/en\/#website","url":"https:\/\/oliptek.com\/en\/","name":"Oliptek","description":"Animasyon ve Otomasyon Sistemleri \u00dcreticisi","publisher":{"@id":"https:\/\/oliptek.com\/en\/#organization"},"potentialAction":[{"@type":"SearchAction","target":{"@type":"EntryPoint","urlTemplate":"https:\/\/oliptek.com\/en\/?s={search_term_string}"},"query-input":{"@type":"PropertyValueSpecification","valueRequired":true,"valueName":"search_term_string"}}],"inLanguage":"en-US"},{"@type":"Organization","@id":"https:\/\/oliptek.com\/en\/#organization","name":"Oliptek","url":"https:\/\/oliptek.com\/en\/","logo":{"@type":"ImageObject","inLanguage":"en-US","@id":"https:\/\/oliptek.com\/en\/#\/schema\/logo\/image\/","url":"https:\/\/oliptek.com\/wp-content\/uploads\/2022\/05\/oliptek_logo.png","contentUrl":"https:\/\/oliptek.com\/wp-content\/uploads\/2022\/05\/oliptek_logo.png","width":396,"height":59,"caption":"Oliptek"},"image":{"@id":"https:\/\/oliptek.com\/en\/#\/schema\/logo\/image\/"},"sameAs":["https:\/\/www.facebook.com\/oliptek\/","https:\/\/x.com\/oliptek","https:\/\/www.youtube.com\/channel\/UCnimGlqU91CVNPDyL9YzMDA","https:\/\/www.linkedin.com\/company\/oliptek","https:\/\/www.instagram.com\/oliptek\/"]}]}},"_links":{"self":[{"href":"https:\/\/oliptek.com\/en\/wp-json\/wp\/v2\/product\/31314","targetHints":{"allow":["GET"]}}],"collection":[{"href":"https:\/\/oliptek.com\/en\/wp-json\/wp\/v2\/product"}],"about":[{"href":"https:\/\/oliptek.com\/en\/wp-json\/wp\/v2\/types\/product"}],"version-history":[{"count":10,"href":"https:\/\/oliptek.com\/en\/wp-json\/wp\/v2\/product\/31314\/revisions"}],"predecessor-version":[{"id":59705,"href":"https:\/\/oliptek.com\/en\/wp-json\/wp\/v2\/product\/31314\/revisions\/59705"}],"wp:featuredmedia":[{"embeddable":true,"href":"https:\/\/oliptek.com\/en\/wp-json\/wp\/v2\/media\/41372"}],"wp:attachment":[{"href":"https:\/\/oliptek.com\/en\/wp-json\/wp\/v2\/media?parent=31314"}],"wp:term":[{"taxonomy":"product_brand","embeddable":true,"href":"https:\/\/oliptek.com\/en\/wp-json\/wp\/v2\/product_brand?post=31314"},{"taxonomy":"product_cat","embeddable":true,"href":"https:\/\/oliptek.com\/en\/wp-json\/wp\/v2\/product_cat?post=31314"},{"taxonomy":"product_tag","embeddable":true,"href":"https:\/\/oliptek.com\/en\/wp-json\/wp\/v2\/product_tag?post=31314"}],"curies":[{"name":"wp","href":"https:\/\/api.w.org\/{rel}","templated":true}]}}