{"id":44332,"date":"2022-06-18T13:20:40","date_gmt":"2022-06-18T13:20:40","guid":{"rendered":"https:\/\/oliptek.com\/?post_type=product&#038;p=44332"},"modified":"2025-07-24T09:56:42","modified_gmt":"2025-07-24T09:56:42","slug":"skyliner-intelliwhite","status":"publish","type":"product","link":"https:\/\/oliptek.com\/fr\/produit\/skyliner-intelliwhite\/","title":{"rendered":"SkyLiner IntelliWhite"},"content":{"rendered":"\t\t<div data-elementor-type=\"wp-post\" data-elementor-id=\"44332\" class=\"elementor elementor-44332 elementor-19711\" data-elementor-post-type=\"product\">\n\t\t\t\t\t\t<section data-particle_enable=\"false\" data-particle-mobile-disabled=\"false\" class=\"elementor-section elementor-top-section elementor-element elementor-element-011d0db elementor-section-boxed elementor-section-height-default elementor-section-height-default\" data-id=\"011d0db\" data-element_type=\"section\" data-e-type=\"section\">\n\t\t\t\t\t\t<div class=\"elementor-container elementor-column-gap-default\">\n\t\t\t\t\t<div class=\"elementor-column elementor-col-100 elementor-top-column elementor-element elementor-element-7631258\" data-id=\"7631258\" data-element_type=\"column\" data-e-type=\"column\">\n\t\t\t<div class=\"elementor-widget-wrap elementor-element-populated\">\n\t\t\t\t\t\t<div class=\"elementor-element elementor-element-0fd06ef elementor-tabs-view-horizontal elementor-widget elementor-widget-tabs\" data-id=\"0fd06ef\" data-element_type=\"widget\" data-e-type=\"widget\" data-widget_type=\"tabs.default\">\n\t\t\t\t<div class=\"elementor-widget-container\">\n\t\t\t\t\t\t\t<div class=\"elementor-tabs\">\n\t\t\t<div class=\"elementor-tabs-wrapper\" role=\"tablist\" >\n\t\t\t\t\t\t\t\t\t<div id=\"elementor-tab-title-1651\" class=\"elementor-tab-title elementor-tab-desktop-title\" aria-selected=\"true\" data-tab=\"1\" role=\"tab\" tabindex=\"0\" aria-controls=\"elementor-tab-content-1651\" aria-expanded=\"false\">Sp\u00e9cifications techniques<\/div>\n\t\t\t\t\t\t\t\t\t<div id=\"elementor-tab-title-1652\" class=\"elementor-tab-title elementor-tab-desktop-title\" aria-selected=\"false\" data-tab=\"2\" role=\"tab\" tabindex=\"-1\" aria-controls=\"elementor-tab-content-1652\" aria-expanded=\"false\">Documents techniques<\/div>\n\t\t\t\t\t\t\t\t\t<div id=\"elementor-tab-title-1653\" class=\"elementor-tab-title elementor-tab-desktop-title\" aria-selected=\"false\" data-tab=\"3\" role=\"tab\" tabindex=\"-1\" aria-controls=\"elementor-tab-content-1653\" aria-expanded=\"false\">Documents<\/div>\n\t\t\t\t\t\t\t\t\t<div id=\"elementor-tab-title-1654\" class=\"elementor-tab-title elementor-tab-desktop-title\" aria-selected=\"false\" data-tab=\"4\" role=\"tab\" tabindex=\"-1\" aria-controls=\"elementor-tab-content-1654\" aria-expanded=\"false\">Codes des stocks<\/div>\n\t\t\t\t\t\t\t\t\t<div id=\"elementor-tab-title-1655\" class=\"elementor-tab-title elementor-tab-desktop-title\" aria-selected=\"false\" data-tab=\"5\" role=\"tab\" tabindex=\"-1\" aria-controls=\"elementor-tab-content-1655\" aria-expanded=\"false\">Accessoires<\/div>\n\t\t\t\t\t\t\t<\/div>\n\t\t\t<div class=\"elementor-tabs-content-wrapper\" role=\"tablist\" aria-orientation=\"vertical\">\n\t\t\t\t\t\t\t\t\t<div class=\"elementor-tab-title elementor-tab-mobile-title\" aria-selected=\"true\" data-tab=\"1\" role=\"tab\" tabindex=\"0\" aria-controls=\"elementor-tab-content-1651\" aria-expanded=\"false\">Sp\u00e9cifications techniques<\/div>\n\t\t\t\t\t<div id=\"elementor-tab-content-1651\" class=\"elementor-tab-content elementor-clearfix\" data-tab=\"1\" role=\"tabpanel\" aria-labelledby=\"elementor-tab-title-1651\" tabindex=\"0\" hidden=\"false\">\n<table id=\"tablepress-13\" class=\"tablepress tablepress-id-13\">\n<tbody class=\"row-striping row-hover\">\n<tr class=\"row-1\">\n\t<td class=\"column-1\">LED tipi:<\/td><td class=\"column-2\">SMD LED (2835)<\/td><td class=\"column-3\"><\/td><td class=\"column-4\">Yay\u0131lma a\u00e7\u0131s\u0131:<\/td><td class=\"column-5\">120\u00b0<\/td>\n<\/tr>\n<tr class=\"row-2\">\n\t<td class=\"column-1\">Kontrol modelleri:<\/td><td class=\"column-2\">DMX512 \/ SPI<\/td><td class=\"column-3\"><\/td><td class=\"column-4\">Adres ayar\u0131:<\/td><td class=\"column-5\">Otomatik<\/td>\n<\/tr>\n<tr class=\"row-3\">\n\t<td class=\"column-1\">Metredeki LED say\u0131s\u0131:<\/td><td class=\"column-2\">72 (36+36)<\/td><td class=\"column-3\"><\/td><td class=\"column-4\">Renk derinli\u011fi:<\/td><td class=\"column-5\">CH1 3000K &#8211; CH2 6500K<\/td>\n<\/tr>\n<tr class=\"row-4\">\n\t<td class=\"column-1\">Pikseldeki LED say\u0131s\u0131:<\/td><td class=\"column-2\">12<\/td><td class=\"column-3\"><\/td><td class=\"column-4\">Malzeme:<\/td><td class=\"column-5\">UV Korumal\u0131 Polikarbon<\/td>\n<\/tr>\n<tr class=\"row-5\">\n\t<td class=\"column-1\">Metredeki piksel say\u0131s\u0131:<\/td><td class=\"column-2\">6<\/td><td class=\"column-3\"><\/td><td class=\"column-4\">Bar \u00f6n rengi:<\/td><td class=\"column-5\">\u015eeffaf veya Yar\u0131 Opak<\/td>\n<\/tr>\n<tr class=\"row-6\">\n\t<td class=\"column-1\">Piksel aral\u0131\u011f\u0131:<\/td><td class=\"column-2\">166mm<\/td><td class=\"column-3\"><\/td><td class=\"column-4\">Bar arka rengi:<\/td><td class=\"column-5\">Gri<\/td>\n<\/tr>\n<tr class=\"row-7\">\n\t<td class=\"column-1\">\u00c7al\u0131\u015fma gerilimi:<\/td><td class=\"column-2\">24VDC<\/td><td class=\"column-3\"><\/td><td class=\"column-4\">Koruma s\u0131n\u0131f\u0131:<\/td><td class=\"column-5\">IP66, IK10<\/td>\n<\/tr>\n<tr class=\"row-8\">\n\t<td class=\"column-1\">G\u00fc\u00e7 t\u00fcketimi:<\/td><td class=\"column-2\">11,5W\/m<\/td><td class=\"column-3\"><\/td><td class=\"column-4\">A\u011f\u0131rl\u0131k:<\/td><td class=\"column-5\">300 gr\/m<\/td>\n<\/tr>\n<tr class=\"row-9\">\n\t<td class=\"column-1\">LED markas\u0131:<\/td><td class=\"column-2\">Cree \/ Nichia<\/td><td class=\"column-3\"><\/td><td class=\"column-4\">\u00c7al\u0131\u015fma s\u0131cakl\u0131\u011f\u0131:<br \/>\nSaklama s\u0131cakl\u0131\u011f\u0131:<\/td><td class=\"column-5\">-20\u00b0C ile + 65\u00b0C<br \/>\n-40\u00b0C ile + 85\u00b0C<\/td>\n<\/tr>\n<tr class=\"row-10\">\n\t<td class=\"column-1\">LED \u00f6mr\u00fc:<\/td><td class=\"column-2\">>100.000 saat<\/td><td class=\"column-3\"><\/td><td class=\"column-4\">\u00c7al\u0131\u015fma nemi:<\/td><td class=\"column-5\">\u22655% -95% RH<\/td>\n<\/tr>\n<\/tbody>\n<\/table>\n\n<\/div>\n\t\t\t\t\t\t\t\t\t<div class=\"elementor-tab-title elementor-tab-mobile-title\" aria-selected=\"false\" data-tab=\"2\" role=\"tab\" tabindex=\"-1\" aria-controls=\"elementor-tab-content-1652\" aria-expanded=\"false\">Documents techniques<\/div>\n\t\t\t\t\t<div id=\"elementor-tab-content-1652\" class=\"elementor-tab-content elementor-clearfix\" data-tab=\"2\" role=\"tabpanel\" aria-labelledby=\"elementor-tab-title-1652\" tabindex=\"0\" hidden=\"hidden\"><h6><b>DESSINS TECHNIQUES<\/b><\/h6>\n<p><a href=\"https:\/\/oliptek.com\/wp-content\/uploads\/2023\/07\/SKYLINER072-INTELLIWHITE-DMX-SPI-TECHNICAL-DRAWINGS-EN-REV001-web.pdf\" target=\"_blank\" rel=\"noopener\">SKYLINER 072 INTELLIWHITE DMX-SPI DESSIN TECHNIQUE<\/a><\/p>\n<p><a href=\"https:\/\/oliptek.com\/wp-content\/uploads\/2023\/07\/SKYLINER120-SCCT-SCOL-PWM-TECHNICAL-DRAWINGS-EN-REV001-web.pdf\">SKYLINER120 SCCT SCOL PWM DESSIN TECHNIQUE<\/a><\/p>\n<h6><b>PAGES DE DONN\u00c9ES<\/b><\/h6>\n<p><a href=\"https:\/\/oliptek.com\/wp-content\/uploads\/2023\/07\/SKYLINER-INTELLIWHITE-FAMILY-DATASHEET-EN-REV002-web.pdf\" target=\"_blank\" rel=\"noopener\">SKYLINER INTELLIWHITE FICHES TECHNIQUES<\/a><\/p>\n<h6><b>LIGNES DIRECTRICES<\/b><\/h6>\n<p><a href=\"https:\/\/oliptek.com\/wp-content\/uploads\/2023\/08\/SKYLINER-FAMILY-INSTALLATION-MANUAL-EN1.pdf\" target=\"_blank\" rel=\"noopener\">SKYLINER INTELLIWHITE SPI INSTALLATION MANUAL<\/a><\/p>\n<p><a href=\"\/wp-content\/uploads\/2023\/07\/SKYLINER-RGB-SPI-CONNECTION-GUIDE-web.pdf\" target=\"_blank\" rel=\"noopener\">SKYLINER INTELLIWHITE SPI CONNECTION MANUAL<\/a><\/p>\n<\/div>\n\t\t\t\t\t\t\t\t\t<div class=\"elementor-tab-title elementor-tab-mobile-title\" aria-selected=\"false\" data-tab=\"3\" role=\"tab\" tabindex=\"-1\" aria-controls=\"elementor-tab-content-1653\" aria-expanded=\"false\">Documents<\/div>\n\t\t\t\t\t<div id=\"elementor-tab-content-1653\" class=\"elementor-tab-content elementor-clearfix\" data-tab=\"3\" role=\"tabpanel\" aria-labelledby=\"elementor-tab-title-1653\" tabindex=\"0\" hidden=\"hidden\"><h6><b>CERTIFICATS<\/b><\/h6>\n<p><a href=\"https:\/\/oliptek.com\/wp-content\/uploads\/2024\/12\/LEDBAR-CE-BELGESI-24-12-24.pdf\" target=\"_blank\" rel=\"noopener\">SKYLINER INTELLIWHITE CERTIFICAT DE CONFORMIT\u00c9<\/a><\/p>\n<h6><b>CONSIGNES DE S\u00c9CURIT\u00c9<\/b><\/h6>\n<p><a href=\"https:\/\/oliptek.com\/wp-content\/uploads\/2023\/07\/SKYLINER-RGB-SAFETY-INSTRUCTION-web.pdf\" target=\"_blank\" rel=\"noopener\">SKYLINER INTELLIWHITE SAFETY INSTRUCTIONS<\/a><\/p>\n<h6><b>RAPPORTS DE TEST<\/b><\/h6>\n<p><a href=\"\/wp-content\/uploads\/2023\/07\/2019-PTC-0082-2-LEDBAR-TS-EN-60529-TEST-RAPORU.pdf\" target=\"_blank\" rel=\"noopener\">2019-PTC-0082-2 LEDBAR TS EN 60529 TEST REPORT<\/a><\/p>\n<p><a href=\"\/wp-content\/uploads\/2023\/07\/2019-PTC-0082-2-LEDBAR-TS-EN-62031-TEST-RAPORU.pdf\" target=\"_blank\" rel=\"noopener\">2019-PTC-0082-2 LEDBAR TS EN 62031 TEST REPORT<\/a><\/p>\n<h6><b>CERTIFICAT DE GARANTIE<\/b><\/h6>\n<p><a href=\"https:\/\/oliptek.com\/wp-content\/uploads\/2023\/07\/SKYLINER-RGB-WARRANTY-web.pdf\" target=\"_blank\" rel=\"noopener\">SKYLINER INTELLIWHITE CERTIFICAT DE GARANTIE<\/a><\/p>\n<\/div>\n\t\t\t\t\t\t\t\t\t<div class=\"elementor-tab-title elementor-tab-mobile-title\" aria-selected=\"false\" data-tab=\"4\" role=\"tab\" tabindex=\"-1\" aria-controls=\"elementor-tab-content-1654\" aria-expanded=\"false\">Codes des stocks<\/div>\n\t\t\t\t\t<div id=\"elementor-tab-content-1654\" class=\"elementor-tab-content elementor-clearfix\" data-tab=\"4\" role=\"tabpanel\" aria-labelledby=\"elementor-tab-title-1654\" tabindex=\"0\" hidden=\"hidden\"><p><a href=\"https:\/\/oliptek.com\/wp-content\/uploads\/2023\/07\/SKYLINER-INTELLIWHITE-SKU-CODES-EN-REV001-web.pdf\" target=\"_blank\" rel=\"noopener\">SKYLINER INTELLIWHITE ORDER CODES<\/a><\/p>\n<p><a href=\"https:\/\/oliptek.com\/wp-content\/uploads\/2023\/07\/SKYLINER-INTELLIWHITE-STOCK-CODES-EN-REV001-web.pdf\" target=\"_blank\" rel=\"noopener\">SKYLINER INTELLIWHITE STOCK CODES<\/a><\/p>\n<\/div>\n\t\t\t\t\t\t\t\t\t<div class=\"elementor-tab-title elementor-tab-mobile-title\" aria-selected=\"false\" data-tab=\"5\" role=\"tab\" tabindex=\"-1\" aria-controls=\"elementor-tab-content-1655\" aria-expanded=\"false\">Accessoires<\/div>\n\t\t\t\t\t<div id=\"elementor-tab-content-1655\" class=\"elementor-tab-content elementor-clearfix\" data-tab=\"5\" role=\"tabpanel\" aria-labelledby=\"elementor-tab-title-1655\" tabindex=\"0\" hidden=\"hidden\"><p><a href=\"https:\/\/oliptek.com\/wp-content\/uploads\/2023\/08\/SKYLINER-FAMILY-ACCESSORIES-EN1.pdf\" target=\"_blank\" rel=\"noopener\">SKYLINER INTELLIWHITE ACCESSOIRES<\/a><\/p>\n<\/div>\n\t\t\t\t\t\t\t<\/div>\n\t\t<\/div>\n\t\t\t\t\t\t<\/div>\n\t\t\t\t<\/div>\n\t\t\t\t\t<\/div>\n\t\t<\/div>\n\t\t\t\t\t<\/div>\n\t\t<\/section>\n\t\t\t\t<\/div>\n\t\t","protected":false},"excerpt":{"rendered":"<div class=\"ewa-rteLine\">\n<div class=\"ewa-rteLine\"><span style=\"color: #333333;\">La s\u00e9rie SkyLiner IntelliWhite d&rsquo;Oliptek se distingue par sa technologie d&rsquo;\u00e9clairage blanc intelligent. Les utilisateurs peuvent facilement r\u00e9gler la temp\u00e9rature de couleur blanche souhait\u00e9e pour cr\u00e9er l&rsquo;atmosph\u00e8re d\u00e9sir\u00e9e dans les espaces. Cela permet d&rsquo;obtenir des tons blancs plus naturels et plus r\u00e9alistes.<\/span><\/div>\n<div>\n<p><span style=\"color: #333333;\">&#8211; Gr\u00e2ce \u00e0 sa conception unique, il est enti\u00e8rement compatible avec tous les contr\u00f4leurs et d\u00e9codeurs DMX\/SPI.<\/span><\/p>\n<p><span style=\"color: #333333;\">&#8211; Il est dot\u00e9 d&rsquo;une couche de protection chimique contre les UV et toute la structure du corps est en polycarbonate.<\/span><\/p>\n<p><span style=\"color: #333333;\">&#8211; Il est dot\u00e9 d&rsquo;une prise isol\u00e9e sp\u00e9ciale.<\/span><\/p>\n<p><span style=\"color: #333333;\">&#8211; Tous les points de connexion sont soud\u00e9s par ultrasons.<\/span><\/p>\n<p><span style=\"color: #333333;\">&#8211; Les LED ont un niveau de protection IP66. Ils ne sont pas recouverts d&rsquo;une couche de polym\u00e8re.<\/span><\/p>\n<p><span style=\"color: #333333;\">&#8211; L&rsquo;excellente conception du support de montage garantit la polyvalence de l&rsquo;installation et la facilit\u00e9 d&rsquo;entretien.<\/span><\/p>\n<p><span style=\"color: #333333;\">&#8211; Le support de montage peut \u00eatre viss\u00e9 dans les deux sens en fonction de la situation physique du site.<\/span><\/p>\n<p><span style=\"color: #ff6600;\"><strong><a style=\"color: #ff6600;\" href=\"http:\/\/oliptek.com\/wp-content\/uploads\/2024\/07\/Skyliner-Intelliwhite-web.pdf\" target=\"_blank\" rel=\"noopener\">Voir la brochure du produit<\/a><\/strong><\/span><\/p>\n<\/div>\n<p><img fetchpriority=\"high\" decoding=\"async\" class=\"alignnone wp-image-46984 size-full\" src=\"http:\/\/oliptek.com\/wp-content\/uploads\/2022\/06\/sky-intelliwhite-specs.webp\" alt=\"\" width=\"899\" height=\"70\" srcset=\"https:\/\/oliptek.com\/wp-content\/uploads\/2022\/06\/sky-intelliwhite-specs.webp 899w, https:\/\/oliptek.com\/wp-content\/uploads\/2022\/06\/sky-intelliwhite-specs-300x23.webp 300w, https:\/\/oliptek.com\/wp-content\/uploads\/2022\/06\/sky-intelliwhite-specs-768x60.webp 768w, https:\/\/oliptek.com\/wp-content\/uploads\/2022\/06\/sky-intelliwhite-specs-600x47.webp 600w\" sizes=\"(max-width: 899px) 100vw, 899px\" \/><\/p>\n<\/div>\n","protected":false},"featured_media":44333,"template":"","meta":{"wpupg_custom_link":[],"wpupg_custom_link_behaviour":[],"wpupg_custom_link_nofollow":[],"wpupg_custom_image":[],"wpupg_custom_image_id":[]},"product_brand":[],"product_cat":[564,565,562],"product_tag":[],"class_list":{"0":"post-44332","1":"product","2":"type-product","3":"status-publish","4":"has-post-thumbnail","6":"product_cat-produits-danimation-de-facades-fr","7":"product_cat-serie-skyliner","8":"product_cat-systemes-danimation-2","10":"first","11":"instock","12":"virtual","13":"product-type-simple"},"yoast_head":"<!-- This site is optimized with the Yoast SEO plugin v27.4 - https:\/\/yoast.com\/product\/yoast-seo-wordpress\/ -->\n<title>SkyLiner IntelliWhite - Oliptek<\/title>\n<meta name=\"description\" content=\"Oliptek SkyLiner RGB Series anim\u00e9 sur les fa\u00e7ades de b\u00e2timents, les ponts, les projets paysagers, les h\u00f4tels, les h\u00f4pitaux, les places et les stades.\" \/>\n<meta name=\"robots\" content=\"index, follow, max-snippet:-1, max-image-preview:large, max-video-preview:-1\" \/>\n<link rel=\"canonical\" href=\"https:\/\/oliptek.com\/fr\/product\/skyliner-intelliwhite\/\" \/>\n<meta property=\"og:locale\" content=\"fr_FR\" \/>\n<meta property=\"og:type\" content=\"article\" \/>\n<meta property=\"og:title\" content=\"SkyLiner IntelliWhite - Oliptek\" \/>\n<meta property=\"og:description\" content=\"Oliptek SkyLiner RGB Series anim\u00e9 sur les fa\u00e7ades de b\u00e2timents, les ponts, les projets paysagers, les h\u00f4tels, les h\u00f4pitaux, les places et les stades.\" \/>\n<meta property=\"og:url\" content=\"https:\/\/oliptek.com\/fr\/product\/skyliner-intelliwhite\/\" \/>\n<meta property=\"og:site_name\" content=\"Oliptek\" \/>\n<meta property=\"article:publisher\" content=\"https:\/\/www.facebook.com\/oliptek\/\" \/>\n<meta property=\"article:modified_time\" content=\"2025-07-24T09:56:42+00:00\" \/>\n<meta property=\"og:image\" content=\"https:\/\/oliptek.com\/wp-content\/uploads\/2023\/07\/skyliner-intelliw-0-1000.webp\" \/>\n\t<meta property=\"og:image:width\" content=\"1000\" \/>\n\t<meta property=\"og:image:height\" content=\"1000\" \/>\n\t<meta property=\"og:image:type\" content=\"image\/webp\" \/>\n<meta name=\"twitter:card\" content=\"summary_large_image\" \/>\n<meta name=\"twitter:site\" content=\"@oliptek\" \/>\n<meta name=\"twitter:label1\" content=\"Dur\u00e9e de lecture estim\u00e9e\" \/>\n\t<meta name=\"twitter:data1\" content=\"1 minute\" \/>\n<script type=\"application\/ld+json\" class=\"yoast-schema-graph\">{\"@context\":\"https:\\\/\\\/schema.org\",\"@graph\":[{\"@type\":\"WebPage\",\"@id\":\"https:\\\/\\\/oliptek.com\\\/fr\\\/product\\\/skyliner-intelliwhite\\\/\",\"url\":\"https:\\\/\\\/oliptek.com\\\/fr\\\/product\\\/skyliner-intelliwhite\\\/\",\"name\":\"SkyLiner IntelliWhite - Oliptek\",\"isPartOf\":{\"@id\":\"https:\\\/\\\/oliptek.com\\\/en\\\/#website\"},\"primaryImageOfPage\":{\"@id\":\"https:\\\/\\\/oliptek.com\\\/fr\\\/product\\\/skyliner-intelliwhite\\\/#primaryimage\"},\"image\":{\"@id\":\"https:\\\/\\\/oliptek.com\\\/fr\\\/product\\\/skyliner-intelliwhite\\\/#primaryimage\"},\"thumbnailUrl\":\"https:\\\/\\\/oliptek.com\\\/wp-content\\\/uploads\\\/2023\\\/07\\\/skyliner-intelliw-0-1000.webp\",\"datePublished\":\"2022-06-18T13:20:40+00:00\",\"dateModified\":\"2025-07-24T09:56:42+00:00\",\"description\":\"Oliptek SkyLiner RGB Series anim\u00e9 sur les fa\u00e7ades de b\u00e2timents, les ponts, les projets paysagers, les h\u00f4tels, les h\u00f4pitaux, les places et les stades.\",\"breadcrumb\":{\"@id\":\"https:\\\/\\\/oliptek.com\\\/fr\\\/product\\\/skyliner-intelliwhite\\\/#breadcrumb\"},\"inLanguage\":\"fr-FR\",\"potentialAction\":[{\"@type\":\"ReadAction\",\"target\":[\"https:\\\/\\\/oliptek.com\\\/fr\\\/product\\\/skyliner-intelliwhite\\\/\"]}]},{\"@type\":\"ImageObject\",\"inLanguage\":\"fr-FR\",\"@id\":\"https:\\\/\\\/oliptek.com\\\/fr\\\/product\\\/skyliner-intelliwhite\\\/#primaryimage\",\"url\":\"https:\\\/\\\/oliptek.com\\\/wp-content\\\/uploads\\\/2023\\\/07\\\/skyliner-intelliw-0-1000.webp\",\"contentUrl\":\"https:\\\/\\\/oliptek.com\\\/wp-content\\\/uploads\\\/2023\\\/07\\\/skyliner-intelliw-0-1000.webp\",\"width\":1000,\"height\":1000,\"caption\":\"oliptek skyliner-intelliw-0-1000 g\u00f6rsel\"},{\"@type\":\"BreadcrumbList\",\"@id\":\"https:\\\/\\\/oliptek.com\\\/fr\\\/product\\\/skyliner-intelliwhite\\\/#breadcrumb\",\"itemListElement\":[{\"@type\":\"ListItem\",\"position\":1,\"name\":\"Anasayfa\",\"item\":\"https:\\\/\\\/oliptek.com\\\/fr\\\/page-daccueil\\\/\"},{\"@type\":\"ListItem\",\"position\":2,\"name\":\"SkyLiner IntelliWhite\"}]},{\"@type\":\"WebSite\",\"@id\":\"https:\\\/\\\/oliptek.com\\\/en\\\/#website\",\"url\":\"https:\\\/\\\/oliptek.com\\\/en\\\/\",\"name\":\"Oliptek\",\"description\":\"Animasyon ve Otomasyon Sistemleri \u00dcreticisi\",\"publisher\":{\"@id\":\"https:\\\/\\\/oliptek.com\\\/en\\\/#organization\"},\"potentialAction\":[{\"@type\":\"SearchAction\",\"target\":{\"@type\":\"EntryPoint\",\"urlTemplate\":\"https:\\\/\\\/oliptek.com\\\/en\\\/?s={search_term_string}\"},\"query-input\":{\"@type\":\"PropertyValueSpecification\",\"valueRequired\":true,\"valueName\":\"search_term_string\"}}],\"inLanguage\":\"fr-FR\"},{\"@type\":\"Organization\",\"@id\":\"https:\\\/\\\/oliptek.com\\\/en\\\/#organization\",\"name\":\"Oliptek\",\"url\":\"https:\\\/\\\/oliptek.com\\\/en\\\/\",\"logo\":{\"@type\":\"ImageObject\",\"inLanguage\":\"fr-FR\",\"@id\":\"https:\\\/\\\/oliptek.com\\\/en\\\/#\\\/schema\\\/logo\\\/image\\\/\",\"url\":\"https:\\\/\\\/oliptek.com\\\/wp-content\\\/uploads\\\/2022\\\/05\\\/oliptek_logo.png\",\"contentUrl\":\"https:\\\/\\\/oliptek.com\\\/wp-content\\\/uploads\\\/2022\\\/05\\\/oliptek_logo.png\",\"width\":396,\"height\":59,\"caption\":\"Oliptek\"},\"image\":{\"@id\":\"https:\\\/\\\/oliptek.com\\\/en\\\/#\\\/schema\\\/logo\\\/image\\\/\"},\"sameAs\":[\"https:\\\/\\\/www.facebook.com\\\/oliptek\\\/\",\"https:\\\/\\\/x.com\\\/oliptek\",\"https:\\\/\\\/www.youtube.com\\\/channel\\\/UCnimGlqU91CVNPDyL9YzMDA\",\"https:\\\/\\\/www.linkedin.com\\\/company\\\/oliptek\",\"https:\\\/\\\/www.instagram.com\\\/oliptek\\\/\"]}]}<\/script>\n<!-- \/ Yoast SEO plugin. -->","yoast_head_json":{"title":"SkyLiner IntelliWhite - Oliptek","description":"Oliptek SkyLiner RGB Series anim\u00e9 sur les fa\u00e7ades de b\u00e2timents, les ponts, les projets paysagers, les h\u00f4tels, les h\u00f4pitaux, les places et les stades.","robots":{"index":"index","follow":"follow","max-snippet":"max-snippet:-1","max-image-preview":"max-image-preview:large","max-video-preview":"max-video-preview:-1"},"canonical":"https:\/\/oliptek.com\/fr\/product\/skyliner-intelliwhite\/","og_locale":"fr_FR","og_type":"article","og_title":"SkyLiner IntelliWhite - Oliptek","og_description":"Oliptek SkyLiner RGB Series anim\u00e9 sur les fa\u00e7ades de b\u00e2timents, les ponts, les projets paysagers, les h\u00f4tels, les h\u00f4pitaux, les places et les stades.","og_url":"https:\/\/oliptek.com\/fr\/product\/skyliner-intelliwhite\/","og_site_name":"Oliptek","article_publisher":"https:\/\/www.facebook.com\/oliptek\/","article_modified_time":"2025-07-24T09:56:42+00:00","og_image":[{"width":1000,"height":1000,"url":"https:\/\/oliptek.com\/wp-content\/uploads\/2023\/07\/skyliner-intelliw-0-1000.webp","type":"image\/webp"}],"twitter_card":"summary_large_image","twitter_site":"@oliptek","twitter_misc":{"Dur\u00e9e de lecture estim\u00e9e":"1 minute"},"schema":{"@context":"https:\/\/schema.org","@graph":[{"@type":"WebPage","@id":"https:\/\/oliptek.com\/fr\/product\/skyliner-intelliwhite\/","url":"https:\/\/oliptek.com\/fr\/product\/skyliner-intelliwhite\/","name":"SkyLiner IntelliWhite - Oliptek","isPartOf":{"@id":"https:\/\/oliptek.com\/en\/#website"},"primaryImageOfPage":{"@id":"https:\/\/oliptek.com\/fr\/product\/skyliner-intelliwhite\/#primaryimage"},"image":{"@id":"https:\/\/oliptek.com\/fr\/product\/skyliner-intelliwhite\/#primaryimage"},"thumbnailUrl":"https:\/\/oliptek.com\/wp-content\/uploads\/2023\/07\/skyliner-intelliw-0-1000.webp","datePublished":"2022-06-18T13:20:40+00:00","dateModified":"2025-07-24T09:56:42+00:00","description":"Oliptek SkyLiner RGB Series anim\u00e9 sur les fa\u00e7ades de b\u00e2timents, les ponts, les projets paysagers, les h\u00f4tels, les h\u00f4pitaux, les places et les stades.","breadcrumb":{"@id":"https:\/\/oliptek.com\/fr\/product\/skyliner-intelliwhite\/#breadcrumb"},"inLanguage":"fr-FR","potentialAction":[{"@type":"ReadAction","target":["https:\/\/oliptek.com\/fr\/product\/skyliner-intelliwhite\/"]}]},{"@type":"ImageObject","inLanguage":"fr-FR","@id":"https:\/\/oliptek.com\/fr\/product\/skyliner-intelliwhite\/#primaryimage","url":"https:\/\/oliptek.com\/wp-content\/uploads\/2023\/07\/skyliner-intelliw-0-1000.webp","contentUrl":"https:\/\/oliptek.com\/wp-content\/uploads\/2023\/07\/skyliner-intelliw-0-1000.webp","width":1000,"height":1000,"caption":"oliptek skyliner-intelliw-0-1000 g\u00f6rsel"},{"@type":"BreadcrumbList","@id":"https:\/\/oliptek.com\/fr\/product\/skyliner-intelliwhite\/#breadcrumb","itemListElement":[{"@type":"ListItem","position":1,"name":"Anasayfa","item":"https:\/\/oliptek.com\/fr\/page-daccueil\/"},{"@type":"ListItem","position":2,"name":"SkyLiner IntelliWhite"}]},{"@type":"WebSite","@id":"https:\/\/oliptek.com\/en\/#website","url":"https:\/\/oliptek.com\/en\/","name":"Oliptek","description":"Animasyon ve Otomasyon Sistemleri \u00dcreticisi","publisher":{"@id":"https:\/\/oliptek.com\/en\/#organization"},"potentialAction":[{"@type":"SearchAction","target":{"@type":"EntryPoint","urlTemplate":"https:\/\/oliptek.com\/en\/?s={search_term_string}"},"query-input":{"@type":"PropertyValueSpecification","valueRequired":true,"valueName":"search_term_string"}}],"inLanguage":"fr-FR"},{"@type":"Organization","@id":"https:\/\/oliptek.com\/en\/#organization","name":"Oliptek","url":"https:\/\/oliptek.com\/en\/","logo":{"@type":"ImageObject","inLanguage":"fr-FR","@id":"https:\/\/oliptek.com\/en\/#\/schema\/logo\/image\/","url":"https:\/\/oliptek.com\/wp-content\/uploads\/2022\/05\/oliptek_logo.png","contentUrl":"https:\/\/oliptek.com\/wp-content\/uploads\/2022\/05\/oliptek_logo.png","width":396,"height":59,"caption":"Oliptek"},"image":{"@id":"https:\/\/oliptek.com\/en\/#\/schema\/logo\/image\/"},"sameAs":["https:\/\/www.facebook.com\/oliptek\/","https:\/\/x.com\/oliptek","https:\/\/www.youtube.com\/channel\/UCnimGlqU91CVNPDyL9YzMDA","https:\/\/www.linkedin.com\/company\/oliptek","https:\/\/www.instagram.com\/oliptek\/"]}]}},"_links":{"self":[{"href":"https:\/\/oliptek.com\/fr\/wp-json\/wp\/v2\/product\/44332","targetHints":{"allow":["GET"]}}],"collection":[{"href":"https:\/\/oliptek.com\/fr\/wp-json\/wp\/v2\/product"}],"about":[{"href":"https:\/\/oliptek.com\/fr\/wp-json\/wp\/v2\/types\/product"}],"version-history":[{"count":13,"href":"https:\/\/oliptek.com\/fr\/wp-json\/wp\/v2\/product\/44332\/revisions"}],"predecessor-version":[{"id":57747,"href":"https:\/\/oliptek.com\/fr\/wp-json\/wp\/v2\/product\/44332\/revisions\/57747"}],"wp:featuredmedia":[{"embeddable":true,"href":"https:\/\/oliptek.com\/fr\/wp-json\/wp\/v2\/media\/44333"}],"wp:attachment":[{"href":"https:\/\/oliptek.com\/fr\/wp-json\/wp\/v2\/media?parent=44332"}],"wp:term":[{"taxonomy":"product_brand","embeddable":true,"href":"https:\/\/oliptek.com\/fr\/wp-json\/wp\/v2\/product_brand?post=44332"},{"taxonomy":"product_cat","embeddable":true,"href":"https:\/\/oliptek.com\/fr\/wp-json\/wp\/v2\/product_cat?post=44332"},{"taxonomy":"product_tag","embeddable":true,"href":"https:\/\/oliptek.com\/fr\/wp-json\/wp\/v2\/product_tag?post=44332"}],"curies":[{"name":"wp","href":"https:\/\/api.w.org\/{rel}","templated":true}]}}