{"id":44548,"date":"2022-05-21T14:52:37","date_gmt":"2022-05-21T14:52:37","guid":{"rendered":"https:\/\/oliptek.com\/?post_type=product&#038;p=44548"},"modified":"2025-07-24T11:49:30","modified_gmt":"2025-07-24T11:49:30","slug":"unite-de-gradation-pwm-a-tension-constante-rf-433mhz-5-canaux","status":"publish","type":"product","link":"https:\/\/oliptek.com\/fr\/produit\/unite-de-gradation-pwm-a-tension-constante-rf-433mhz-5-canaux\/","title":{"rendered":"Unit\u00e9 de gradation PWM \u00e0 tension constante RF 433MHz 5 canaux"},"content":{"rendered":"\t\t<div data-elementor-type=\"wp-post\" data-elementor-id=\"44548\" class=\"elementor elementor-44548 elementor-15772\" data-elementor-post-type=\"product\">\n\t\t\t\t\t\t<section data-particle_enable=\"false\" data-particle-mobile-disabled=\"false\" class=\"elementor-section elementor-top-section elementor-element elementor-element-d556b1b elementor-section-boxed elementor-section-height-default elementor-section-height-default\" data-id=\"d556b1b\" data-element_type=\"section\" data-e-type=\"section\">\n\t\t\t\t\t\t<div class=\"elementor-container elementor-column-gap-default\">\n\t\t\t\t\t<div class=\"elementor-column elementor-col-100 elementor-top-column elementor-element elementor-element-53e7c605\" data-id=\"53e7c605\" data-element_type=\"column\" data-e-type=\"column\">\n\t\t\t<div class=\"elementor-widget-wrap elementor-element-populated\">\n\t\t\t\t\t\t<div class=\"elementor-element elementor-element-c04b2f2 elementor-tabs-view-horizontal elementor-widget elementor-widget-tabs\" data-id=\"c04b2f2\" data-element_type=\"widget\" data-e-type=\"widget\" data-widget_type=\"tabs.default\">\n\t\t\t\t<div class=\"elementor-widget-container\">\n\t\t\t\t\t\t\t<div class=\"elementor-tabs\">\n\t\t\t<div class=\"elementor-tabs-wrapper\" role=\"tablist\" >\n\t\t\t\t\t\t\t\t\t<div id=\"elementor-tab-title-2011\" class=\"elementor-tab-title elementor-tab-desktop-title\" aria-selected=\"true\" data-tab=\"1\" role=\"tab\" tabindex=\"0\" aria-controls=\"elementor-tab-content-2011\" aria-expanded=\"false\">Description<\/div>\n\t\t\t\t\t\t\t\t\t<div id=\"elementor-tab-title-2012\" class=\"elementor-tab-title elementor-tab-desktop-title\" aria-selected=\"false\" data-tab=\"2\" role=\"tab\" tabindex=\"-1\" aria-controls=\"elementor-tab-content-2012\" aria-expanded=\"false\">Sp\u00e9cifications techniques<\/div>\n\t\t\t\t\t\t\t\t\t<div id=\"elementor-tab-title-2013\" class=\"elementor-tab-title elementor-tab-desktop-title\" aria-selected=\"false\" data-tab=\"3\" role=\"tab\" tabindex=\"-1\" aria-controls=\"elementor-tab-content-2013\" aria-expanded=\"false\">Documents<\/div>\n\t\t\t\t\t\t\t<\/div>\n\t\t\t<div class=\"elementor-tabs-content-wrapper\" role=\"tablist\" aria-orientation=\"vertical\">\n\t\t\t\t\t\t\t\t\t<div class=\"elementor-tab-title elementor-tab-mobile-title\" aria-selected=\"true\" data-tab=\"1\" role=\"tab\" tabindex=\"0\" aria-controls=\"elementor-tab-content-2011\" aria-expanded=\"false\">Description<\/div>\n\t\t\t\t\t<div id=\"elementor-tab-content-2011\" class=\"elementor-tab-content elementor-clearfix\" data-tab=\"1\" role=\"tabpanel\" aria-labelledby=\"elementor-tab-title-2011\" tabindex=\"0\" hidden=\"false\"><p>\u00ab\u00a0Il s&rsquo;agit d&rsquo;une unit\u00e9 terminale DIMMER \u00e0 tension constante PWM \u00e0 5 canaux, dont chaque canal peut \u00eatre contr\u00f4l\u00e9 s\u00e9par\u00e9ment par la passerelle sans fil. Chaque canal peut g\u00e9n\u00e9rer un signal PWM 12-24VDC, jusqu&rsquo;\u00e0 8 A par canal.<\/p>\n<p>Les RF Star Units permettent de contr\u00f4ler des syst\u00e8mes tels que l \u00ab \u00e9clairage, la temp\u00e9rature, l&rsquo;humidit\u00e9, l&rsquo;eau, la climatisation, etc. dans les \u00e9coles, les h\u00f4pitaux, les usines, les lieux de travail et les plazas, ainsi que de surveiller instantan\u00e9ment les donn\u00e9es pertinentes.<br \/>En combinant avec l&rsquo;infrastructure de script fournie par Oliptek StarGate Gateway, des d\u00e9clenchements des syst\u00e8mes pertinents \u00e0 des moments pr\u00e9d\u00e9termin\u00e9s sont effectu\u00e9s, tandis que la surveillance des processus et de l \u00bb \u00e9tat de fonctionnement sur l&rsquo;interface Web est \u00e9galement assur\u00e9e.\u00a0\u00bb<\/p>\n<\/div>\n\t\t\t\t\t\t\t\t\t<div class=\"elementor-tab-title elementor-tab-mobile-title\" aria-selected=\"false\" data-tab=\"2\" role=\"tab\" tabindex=\"-1\" aria-controls=\"elementor-tab-content-2012\" aria-expanded=\"false\">Sp\u00e9cifications techniques<\/div>\n\t\t\t\t\t<div id=\"elementor-tab-content-2012\" class=\"elementor-tab-content elementor-clearfix\" data-tab=\"2\" role=\"tabpanel\" aria-labelledby=\"elementor-tab-title-2012\" tabindex=\"0\" hidden=\"hidden\">\n<table id=\"tablepress-50\" class=\"tablepress tablepress-id-50\">\n<thead>\n<tr class=\"row-1\">\n\t<th class=\"column-1\">SKU<\/th><th class=\"column-2\">\u00dcR\u00dcN ADI<\/th><th class=\"column-3\">\u00dcR\u00dcN\u00dcN G\u00d6REV\u0130<\/th><th class=\"column-4\">KULLANIM ALANI<\/th>\n<\/tr>\n<\/thead>\n<tbody class=\"row-striping row-hover\">\n<tr class=\"row-2\">\n\t<td class=\"column-1\">ORF DIM5-100R<\/td><td class=\"column-2\">RF 433Mhz SCH CV PWM DIMMER NODE<\/td><td class=\"column-3\">Gateway\u2019den kablosuz olarak her bir kanal\u0131 ayr\u0131 ayr\u0131 kontrol edilebilen, her kanal\u0131 12-24VDC  PWM sinyali \u00fcretebilen,  kanal ba\u015f\u0131  8A&rsquo;e kadar, 5 kanall\u0131 PWM sabit voltaj DIMMER u\u00e7 birimidir.<\/td><td class=\"column-4\">PWM y\u00f6ntemi ile kontrol edilen t\u00fcm cihazlar<\/td>\n<\/tr>\n<\/tbody>\n<\/table>\n\n<\/div>\n\t\t\t\t\t\t\t\t\t<div class=\"elementor-tab-title elementor-tab-mobile-title\" aria-selected=\"false\" data-tab=\"3\" role=\"tab\" tabindex=\"-1\" aria-controls=\"elementor-tab-content-2013\" aria-expanded=\"false\">Documents<\/div>\n\t\t\t\t\t<div id=\"elementor-tab-content-2013\" class=\"elementor-tab-content elementor-clearfix\" data-tab=\"3\" role=\"tabpanel\" aria-labelledby=\"elementor-tab-title-2013\" tabindex=\"0\" hidden=\"hidden\"><p><strong>CERTIFICATS<\/strong><\/p>\n<p><a href=\"https:\/\/oliptek.com\/wp-content\/uploads\/2023\/12\/23-0018-01R0-CE-Sertifikasi.pdf\">23-0018-01R0 Certificat CE<\/a><\/p>\n<\/div>\n\t\t\t\t\t\t\t<\/div>\n\t\t<\/div>\n\t\t\t\t\t\t<\/div>\n\t\t\t\t<\/div>\n\t\t\t\t\t<\/div>\n\t\t<\/div>\n\t\t\t\t\t<\/div>\n\t\t<\/section>\n\t\t\t\t<\/div>\n\t\t","protected":false},"excerpt":{"rendered":"<p>Il s&rsquo;agit d&rsquo;une unit\u00e9 terminale de DIMMER \u00e0 tension constante PWM \u00e0 5 canaux qui peut \u00eatre contr\u00f4l\u00e9e sans fil \u00e0 partir de la passerelle. Chaque canal peut produire un signal PWM 12-24VDC, jusqu&rsquo;\u00e0 8 A par canal.<\/p>\n<p>Les unit\u00e9s de contr\u00f4le RF Star d&rsquo;Oliptek sont con\u00e7ues pour r\u00e9pondre \u00e0 divers besoins et probl\u00e8mes<br \/>\ndans votre installation gr\u00e2ce \u00e0 leur structure modulaire utilisant la m\u00e9thode de communication RF433 Mhz<br \/>\n.<\/p>\n","protected":false},"featured_media":44549,"template":"","meta":{"wpupg_custom_link":[],"wpupg_custom_link_behaviour":[],"wpupg_custom_link_nofollow":[],"wpupg_custom_image":[],"wpupg_custom_image_id":[]},"product_brand":[],"product_cat":[569,585,584],"product_tag":[],"class_list":{"0":"post-44548","1":"product","2":"type-product","3":"status-publish","4":"has-post-thumbnail","6":"product_cat-produits-dautomatisation-industrielle","7":"product_cat-rf-star-en-vedette","8":"product_cat-serie-rf-star","10":"first","11":"instock","12":"virtual","13":"product-type-simple"},"yoast_head":"<!-- This site is optimized with the Yoast SEO plugin v27.4 - https:\/\/yoast.com\/product\/yoast-seo-wordpress\/ -->\n<title>Unit\u00e9 de gradation PWM \u00e0 tension constante RF 433MHz 5 canaux - Oliptek<\/title>\n<meta name=\"description\" content=\"Chaque canal peut \u00eatre contr\u00f4l\u00e9 s\u00e9par\u00e9ment par la passerelle sans fil, chaque canal peut produire un signal PWM 12-24VDC.\" \/>\n<meta name=\"robots\" content=\"index, follow, max-snippet:-1, max-image-preview:large, max-video-preview:-1\" \/>\n<link rel=\"canonical\" href=\"https:\/\/oliptek.com\/fr\/product\/unite-de-gradation-pwm-a-tension-constante-rf-433mhz-5-canaux\/\" \/>\n<meta property=\"og:locale\" content=\"fr_FR\" \/>\n<meta property=\"og:type\" content=\"article\" \/>\n<meta property=\"og:title\" content=\"Unit\u00e9 de gradation PWM \u00e0 tension constante RF 433MHz 5 canaux - Oliptek\" \/>\n<meta property=\"og:description\" content=\"Chaque canal peut \u00eatre contr\u00f4l\u00e9 s\u00e9par\u00e9ment par la passerelle sans fil, chaque canal peut produire un signal PWM 12-24VDC.\" \/>\n<meta property=\"og:url\" content=\"https:\/\/oliptek.com\/fr\/product\/unite-de-gradation-pwm-a-tension-constante-rf-433mhz-5-canaux\/\" \/>\n<meta property=\"og:site_name\" content=\"Oliptek\" \/>\n<meta property=\"article:publisher\" content=\"https:\/\/www.facebook.com\/oliptek\/\" \/>\n<meta property=\"article:modified_time\" content=\"2025-07-24T11:49:30+00:00\" \/>\n<meta property=\"og:image\" content=\"https:\/\/oliptek.com\/wp-content\/uploads\/2022\/05\/ORF-DIM5-100R.png\" \/>\n\t<meta property=\"og:image:width\" content=\"1200\" \/>\n\t<meta property=\"og:image:height\" content=\"1200\" \/>\n\t<meta property=\"og:image:type\" content=\"image\/png\" \/>\n<meta name=\"twitter:card\" content=\"summary_large_image\" \/>\n<meta name=\"twitter:site\" content=\"@oliptek\" \/>\n<meta name=\"twitter:label1\" content=\"Dur\u00e9e de lecture estim\u00e9e\" \/>\n\t<meta name=\"twitter:data1\" content=\"1 minute\" \/>\n<script type=\"application\/ld+json\" class=\"yoast-schema-graph\">{\"@context\":\"https:\\\/\\\/schema.org\",\"@graph\":[{\"@type\":\"WebPage\",\"@id\":\"https:\\\/\\\/oliptek.com\\\/fr\\\/product\\\/unite-de-gradation-pwm-a-tension-constante-rf-433mhz-5-canaux\\\/\",\"url\":\"https:\\\/\\\/oliptek.com\\\/fr\\\/product\\\/unite-de-gradation-pwm-a-tension-constante-rf-433mhz-5-canaux\\\/\",\"name\":\"Unit\u00e9 de gradation PWM \u00e0 tension constante RF 433MHz 5 canaux - Oliptek\",\"isPartOf\":{\"@id\":\"https:\\\/\\\/oliptek.com\\\/en\\\/#website\"},\"primaryImageOfPage\":{\"@id\":\"https:\\\/\\\/oliptek.com\\\/fr\\\/product\\\/unite-de-gradation-pwm-a-tension-constante-rf-433mhz-5-canaux\\\/#primaryimage\"},\"image\":{\"@id\":\"https:\\\/\\\/oliptek.com\\\/fr\\\/product\\\/unite-de-gradation-pwm-a-tension-constante-rf-433mhz-5-canaux\\\/#primaryimage\"},\"thumbnailUrl\":\"https:\\\/\\\/oliptek.com\\\/wp-content\\\/uploads\\\/2022\\\/05\\\/ORF-DIM5-100R.png\",\"datePublished\":\"2022-05-21T14:52:37+00:00\",\"dateModified\":\"2025-07-24T11:49:30+00:00\",\"description\":\"Chaque canal peut \u00eatre contr\u00f4l\u00e9 s\u00e9par\u00e9ment par la passerelle sans fil, chaque canal peut produire un signal PWM 12-24VDC.\",\"breadcrumb\":{\"@id\":\"https:\\\/\\\/oliptek.com\\\/fr\\\/product\\\/unite-de-gradation-pwm-a-tension-constante-rf-433mhz-5-canaux\\\/#breadcrumb\"},\"inLanguage\":\"fr-FR\",\"potentialAction\":[{\"@type\":\"ReadAction\",\"target\":[\"https:\\\/\\\/oliptek.com\\\/fr\\\/product\\\/unite-de-gradation-pwm-a-tension-constante-rf-433mhz-5-canaux\\\/\"]}]},{\"@type\":\"ImageObject\",\"inLanguage\":\"fr-FR\",\"@id\":\"https:\\\/\\\/oliptek.com\\\/fr\\\/product\\\/unite-de-gradation-pwm-a-tension-constante-rf-433mhz-5-canaux\\\/#primaryimage\",\"url\":\"https:\\\/\\\/oliptek.com\\\/wp-content\\\/uploads\\\/2022\\\/05\\\/ORF-DIM5-100R.png\",\"contentUrl\":\"https:\\\/\\\/oliptek.com\\\/wp-content\\\/uploads\\\/2022\\\/05\\\/ORF-DIM5-100R.png\",\"width\":1200,\"height\":1200},{\"@type\":\"BreadcrumbList\",\"@id\":\"https:\\\/\\\/oliptek.com\\\/fr\\\/product\\\/unite-de-gradation-pwm-a-tension-constante-rf-433mhz-5-canaux\\\/#breadcrumb\",\"itemListElement\":[{\"@type\":\"ListItem\",\"position\":1,\"name\":\"Anasayfa\",\"item\":\"https:\\\/\\\/oliptek.com\\\/fr\\\/page-daccueil\\\/\"},{\"@type\":\"ListItem\",\"position\":2,\"name\":\"Unit\u00e9 de gradation PWM \u00e0 tension constante RF 433MHz 5 canaux\"}]},{\"@type\":\"WebSite\",\"@id\":\"https:\\\/\\\/oliptek.com\\\/en\\\/#website\",\"url\":\"https:\\\/\\\/oliptek.com\\\/en\\\/\",\"name\":\"Oliptek\",\"description\":\"Animasyon ve Otomasyon Sistemleri \u00dcreticisi\",\"publisher\":{\"@id\":\"https:\\\/\\\/oliptek.com\\\/en\\\/#organization\"},\"potentialAction\":[{\"@type\":\"SearchAction\",\"target\":{\"@type\":\"EntryPoint\",\"urlTemplate\":\"https:\\\/\\\/oliptek.com\\\/en\\\/?s={search_term_string}\"},\"query-input\":{\"@type\":\"PropertyValueSpecification\",\"valueRequired\":true,\"valueName\":\"search_term_string\"}}],\"inLanguage\":\"fr-FR\"},{\"@type\":\"Organization\",\"@id\":\"https:\\\/\\\/oliptek.com\\\/en\\\/#organization\",\"name\":\"Oliptek\",\"url\":\"https:\\\/\\\/oliptek.com\\\/en\\\/\",\"logo\":{\"@type\":\"ImageObject\",\"inLanguage\":\"fr-FR\",\"@id\":\"https:\\\/\\\/oliptek.com\\\/en\\\/#\\\/schema\\\/logo\\\/image\\\/\",\"url\":\"https:\\\/\\\/oliptek.com\\\/wp-content\\\/uploads\\\/2022\\\/05\\\/oliptek_logo.png\",\"contentUrl\":\"https:\\\/\\\/oliptek.com\\\/wp-content\\\/uploads\\\/2022\\\/05\\\/oliptek_logo.png\",\"width\":396,\"height\":59,\"caption\":\"Oliptek\"},\"image\":{\"@id\":\"https:\\\/\\\/oliptek.com\\\/en\\\/#\\\/schema\\\/logo\\\/image\\\/\"},\"sameAs\":[\"https:\\\/\\\/www.facebook.com\\\/oliptek\\\/\",\"https:\\\/\\\/x.com\\\/oliptek\",\"https:\\\/\\\/www.youtube.com\\\/channel\\\/UCnimGlqU91CVNPDyL9YzMDA\",\"https:\\\/\\\/www.linkedin.com\\\/company\\\/oliptek\",\"https:\\\/\\\/www.instagram.com\\\/oliptek\\\/\"]}]}<\/script>\n<!-- \/ Yoast SEO plugin. -->","yoast_head_json":{"title":"Unit\u00e9 de gradation PWM \u00e0 tension constante RF 433MHz 5 canaux - Oliptek","description":"Chaque canal peut \u00eatre contr\u00f4l\u00e9 s\u00e9par\u00e9ment par la passerelle sans fil, chaque canal peut produire un signal PWM 12-24VDC.","robots":{"index":"index","follow":"follow","max-snippet":"max-snippet:-1","max-image-preview":"max-image-preview:large","max-video-preview":"max-video-preview:-1"},"canonical":"https:\/\/oliptek.com\/fr\/product\/unite-de-gradation-pwm-a-tension-constante-rf-433mhz-5-canaux\/","og_locale":"fr_FR","og_type":"article","og_title":"Unit\u00e9 de gradation PWM \u00e0 tension constante RF 433MHz 5 canaux - Oliptek","og_description":"Chaque canal peut \u00eatre contr\u00f4l\u00e9 s\u00e9par\u00e9ment par la passerelle sans fil, chaque canal peut produire un signal PWM 12-24VDC.","og_url":"https:\/\/oliptek.com\/fr\/product\/unite-de-gradation-pwm-a-tension-constante-rf-433mhz-5-canaux\/","og_site_name":"Oliptek","article_publisher":"https:\/\/www.facebook.com\/oliptek\/","article_modified_time":"2025-07-24T11:49:30+00:00","og_image":[{"width":1200,"height":1200,"url":"https:\/\/oliptek.com\/wp-content\/uploads\/2022\/05\/ORF-DIM5-100R.png","type":"image\/png"}],"twitter_card":"summary_large_image","twitter_site":"@oliptek","twitter_misc":{"Dur\u00e9e de lecture estim\u00e9e":"1 minute"},"schema":{"@context":"https:\/\/schema.org","@graph":[{"@type":"WebPage","@id":"https:\/\/oliptek.com\/fr\/product\/unite-de-gradation-pwm-a-tension-constante-rf-433mhz-5-canaux\/","url":"https:\/\/oliptek.com\/fr\/product\/unite-de-gradation-pwm-a-tension-constante-rf-433mhz-5-canaux\/","name":"Unit\u00e9 de gradation PWM \u00e0 tension constante RF 433MHz 5 canaux - Oliptek","isPartOf":{"@id":"https:\/\/oliptek.com\/en\/#website"},"primaryImageOfPage":{"@id":"https:\/\/oliptek.com\/fr\/product\/unite-de-gradation-pwm-a-tension-constante-rf-433mhz-5-canaux\/#primaryimage"},"image":{"@id":"https:\/\/oliptek.com\/fr\/product\/unite-de-gradation-pwm-a-tension-constante-rf-433mhz-5-canaux\/#primaryimage"},"thumbnailUrl":"https:\/\/oliptek.com\/wp-content\/uploads\/2022\/05\/ORF-DIM5-100R.png","datePublished":"2022-05-21T14:52:37+00:00","dateModified":"2025-07-24T11:49:30+00:00","description":"Chaque canal peut \u00eatre contr\u00f4l\u00e9 s\u00e9par\u00e9ment par la passerelle sans fil, chaque canal peut produire un signal PWM 12-24VDC.","breadcrumb":{"@id":"https:\/\/oliptek.com\/fr\/product\/unite-de-gradation-pwm-a-tension-constante-rf-433mhz-5-canaux\/#breadcrumb"},"inLanguage":"fr-FR","potentialAction":[{"@type":"ReadAction","target":["https:\/\/oliptek.com\/fr\/product\/unite-de-gradation-pwm-a-tension-constante-rf-433mhz-5-canaux\/"]}]},{"@type":"ImageObject","inLanguage":"fr-FR","@id":"https:\/\/oliptek.com\/fr\/product\/unite-de-gradation-pwm-a-tension-constante-rf-433mhz-5-canaux\/#primaryimage","url":"https:\/\/oliptek.com\/wp-content\/uploads\/2022\/05\/ORF-DIM5-100R.png","contentUrl":"https:\/\/oliptek.com\/wp-content\/uploads\/2022\/05\/ORF-DIM5-100R.png","width":1200,"height":1200},{"@type":"BreadcrumbList","@id":"https:\/\/oliptek.com\/fr\/product\/unite-de-gradation-pwm-a-tension-constante-rf-433mhz-5-canaux\/#breadcrumb","itemListElement":[{"@type":"ListItem","position":1,"name":"Anasayfa","item":"https:\/\/oliptek.com\/fr\/page-daccueil\/"},{"@type":"ListItem","position":2,"name":"Unit\u00e9 de gradation PWM \u00e0 tension constante RF 433MHz 5 canaux"}]},{"@type":"WebSite","@id":"https:\/\/oliptek.com\/en\/#website","url":"https:\/\/oliptek.com\/en\/","name":"Oliptek","description":"Animasyon ve Otomasyon Sistemleri \u00dcreticisi","publisher":{"@id":"https:\/\/oliptek.com\/en\/#organization"},"potentialAction":[{"@type":"SearchAction","target":{"@type":"EntryPoint","urlTemplate":"https:\/\/oliptek.com\/en\/?s={search_term_string}"},"query-input":{"@type":"PropertyValueSpecification","valueRequired":true,"valueName":"search_term_string"}}],"inLanguage":"fr-FR"},{"@type":"Organization","@id":"https:\/\/oliptek.com\/en\/#organization","name":"Oliptek","url":"https:\/\/oliptek.com\/en\/","logo":{"@type":"ImageObject","inLanguage":"fr-FR","@id":"https:\/\/oliptek.com\/en\/#\/schema\/logo\/image\/","url":"https:\/\/oliptek.com\/wp-content\/uploads\/2022\/05\/oliptek_logo.png","contentUrl":"https:\/\/oliptek.com\/wp-content\/uploads\/2022\/05\/oliptek_logo.png","width":396,"height":59,"caption":"Oliptek"},"image":{"@id":"https:\/\/oliptek.com\/en\/#\/schema\/logo\/image\/"},"sameAs":["https:\/\/www.facebook.com\/oliptek\/","https:\/\/x.com\/oliptek","https:\/\/www.youtube.com\/channel\/UCnimGlqU91CVNPDyL9YzMDA","https:\/\/www.linkedin.com\/company\/oliptek","https:\/\/www.instagram.com\/oliptek\/"]}]}},"_links":{"self":[{"href":"https:\/\/oliptek.com\/fr\/wp-json\/wp\/v2\/product\/44548","targetHints":{"allow":["GET"]}}],"collection":[{"href":"https:\/\/oliptek.com\/fr\/wp-json\/wp\/v2\/product"}],"about":[{"href":"https:\/\/oliptek.com\/fr\/wp-json\/wp\/v2\/types\/product"}],"version-history":[{"count":11,"href":"https:\/\/oliptek.com\/fr\/wp-json\/wp\/v2\/product\/44548\/revisions"}],"predecessor-version":[{"id":57853,"href":"https:\/\/oliptek.com\/fr\/wp-json\/wp\/v2\/product\/44548\/revisions\/57853"}],"wp:featuredmedia":[{"embeddable":true,"href":"https:\/\/oliptek.com\/fr\/wp-json\/wp\/v2\/media\/44549"}],"wp:attachment":[{"href":"https:\/\/oliptek.com\/fr\/wp-json\/wp\/v2\/media?parent=44548"}],"wp:term":[{"taxonomy":"product_brand","embeddable":true,"href":"https:\/\/oliptek.com\/fr\/wp-json\/wp\/v2\/product_brand?post=44548"},{"taxonomy":"product_cat","embeddable":true,"href":"https:\/\/oliptek.com\/fr\/wp-json\/wp\/v2\/product_cat?post=44548"},{"taxonomy":"product_tag","embeddable":true,"href":"https:\/\/oliptek.com\/fr\/wp-json\/wp\/v2\/product_tag?post=44548"}],"curies":[{"name":"wp","href":"https:\/\/api.w.org\/{rel}","templated":true}]}}