{"id":44606,"date":"2022-05-21T14:52:35","date_gmt":"2022-05-21T14:52:35","guid":{"rendered":"https:\/\/oliptek.com\/?post_type=product&#038;p=44606"},"modified":"2025-07-24T12:28:13","modified_gmt":"2025-07-24T12:28:13","slug":"borne-d-entree-numerique-rs485-10vdc","status":"publish","type":"product","link":"https:\/\/oliptek.com\/fr\/produit\/borne-d-entree-numerique-rs485-10vdc\/","title":{"rendered":"UNIT\u00c9 DE TERMINAL D&rsquo;ENTR\u00c9E NUM\u00c9RIQUE RS485 10VDC"},"content":{"rendered":"\t\t<div data-elementor-type=\"wp-post\" data-elementor-id=\"44606\" class=\"elementor elementor-44606 elementor-15763\" data-elementor-post-type=\"product\">\n\t\t\t\t\t\t<section data-particle_enable=\"false\" data-particle-mobile-disabled=\"false\" class=\"elementor-section elementor-top-section elementor-element elementor-element-2194fc1 elementor-section-boxed elementor-section-height-default elementor-section-height-default\" data-id=\"2194fc1\" data-element_type=\"section\" data-e-type=\"section\">\n\t\t\t\t\t\t<div class=\"elementor-container elementor-column-gap-default\">\n\t\t\t\t\t<div class=\"elementor-column elementor-col-100 elementor-top-column elementor-element elementor-element-42f8ee3d\" data-id=\"42f8ee3d\" data-element_type=\"column\" data-e-type=\"column\">\n\t\t\t<div class=\"elementor-widget-wrap elementor-element-populated\">\n\t\t\t\t\t\t<div class=\"elementor-element elementor-element-35875a4 elementor-tabs-view-horizontal elementor-widget elementor-widget-tabs\" data-id=\"35875a4\" data-element_type=\"widget\" data-e-type=\"widget\" data-widget_type=\"tabs.default\">\n\t\t\t\t<div class=\"elementor-widget-container\">\n\t\t\t\t\t\t\t<div class=\"elementor-tabs\">\n\t\t\t<div class=\"elementor-tabs-wrapper\" role=\"tablist\" >\n\t\t\t\t\t\t\t\t\t<div id=\"elementor-tab-title-5611\" class=\"elementor-tab-title elementor-tab-desktop-title\" aria-selected=\"true\" data-tab=\"1\" role=\"tab\" tabindex=\"0\" aria-controls=\"elementor-tab-content-5611\" aria-expanded=\"false\">Description<\/div>\n\t\t\t\t\t\t\t\t\t<div id=\"elementor-tab-title-5612\" class=\"elementor-tab-title elementor-tab-desktop-title\" aria-selected=\"false\" data-tab=\"2\" role=\"tab\" tabindex=\"-1\" aria-controls=\"elementor-tab-content-5612\" aria-expanded=\"false\">Sp\u00e9cifications techniques<\/div>\n\t\t\t\t\t\t\t<\/div>\n\t\t\t<div class=\"elementor-tabs-content-wrapper\" role=\"tablist\" aria-orientation=\"vertical\">\n\t\t\t\t\t\t\t\t\t<div class=\"elementor-tab-title elementor-tab-mobile-title\" aria-selected=\"true\" data-tab=\"1\" role=\"tab\" tabindex=\"0\" aria-controls=\"elementor-tab-content-5611\" aria-expanded=\"false\">Description<\/div>\n\t\t\t\t\t<div id=\"elementor-tab-content-5611\" class=\"elementor-tab-content elementor-clearfix\" data-tab=\"1\" role=\"tabpanel\" aria-labelledby=\"elementor-tab-title-5611\" tabindex=\"0\" hidden=\"false\"><p>\u00ab\u00a0Lorsqu&rsquo;une tension de l&rsquo;ordre de 10VDC est appliqu\u00e9e \u00e0 son entr\u00e9e, il envoie des donn\u00e9es \u00ab\u00a0ON\u00a0\u00bb \u00e0 la passerelle via la ligne RS485, dans les autres cas, il envoie des donn\u00e9es \u00ab\u00a0OFF\u00a0\u00bb.<\/p>\n<p>Les unit\u00e9s RS Star permettent de contr\u00f4ler des syst\u00e8mes tels que l \u00ab \u00e9clairage, la temp\u00e9rature, l&rsquo;humidit\u00e9, l&rsquo;eau, la climatisation, etc. dans les \u00e9coles, les h\u00f4pitaux, les usines, les lieux de travail et les plazas, ainsi que de surveiller instantan\u00e9ment les donn\u00e9es pertinentes.<br \/>Combin\u00e9 \u00e0 l&rsquo;infrastructure de script fournie par Oliptek StarGate Gateway, les d\u00e9clenchements des syst\u00e8mes pertinents \u00e0 des moments pr\u00e9d\u00e9termin\u00e9s sont effectu\u00e9s, tandis que la surveillance des processus et de l \u00bb \u00e9tat de fonctionnement sur l&rsquo;interface Web est \u00e9galement assur\u00e9e.\u00a0\u00bb<\/p>\n<\/div>\n\t\t\t\t\t\t\t\t\t<div class=\"elementor-tab-title elementor-tab-mobile-title\" aria-selected=\"false\" data-tab=\"2\" role=\"tab\" tabindex=\"-1\" aria-controls=\"elementor-tab-content-5612\" aria-expanded=\"false\">Sp\u00e9cifications techniques<\/div>\n\t\t\t\t\t<div id=\"elementor-tab-content-5612\" class=\"elementor-tab-content elementor-clearfix\" data-tab=\"2\" role=\"tabpanel\" aria-labelledby=\"elementor-tab-title-5612\" tabindex=\"0\" hidden=\"hidden\">\n<table id=\"tablepress-16\" class=\"tablepress tablepress-id-16\">\n<thead>\n<tr class=\"row-1\">\n\t<th class=\"column-1\">SKU<\/th><th class=\"column-2\">\u00dcR\u00dcN ADI<\/th><th class=\"column-3\">\u00dcR\u00dcN\u00dcN G\u00d6REV\u0130<\/th><th class=\"column-4\">KULLANIM ALANI<\/th>\n<\/tr>\n<\/thead>\n<tbody class=\"row-striping row-hover\">\n<tr class=\"row-2\">\n\t<td class=\"column-1\">ORS TEMP-100R<\/td><td class=\"column-2\">RS845 TEMPERATURE SENSOR NODE<\/td><td class=\"column-3\">DS18B20 Sens\u00f6r\u00fc i\u00e7in geli\u015ftirilmi\u015ftir. Hassasiyeti +-0,5C\u00b0  , \u00f6l\u00e7\u00fcm aral\u0131\u011f\u0131 -55\u201dC\u00b0\/+125\u201dC\u00b0<\/td><td class=\"column-4\">S\u0131cakl\u0131k \u00d6l\u00e7\u00fcm\u00fc<\/td>\n<\/tr>\n<tr class=\"row-3\">\n\t<td class=\"column-1\">ORSDRY100R<\/td><td class=\"column-2\">RS845 DRY CONTACT NODE<\/td><td class=\"column-3\">Giri\u015f u\u00e7lar\u0131n\u0131n a\u00e7\u0131k devre veya k\u0131sa devre olmas\u0131 durumuna g\u00f6re durum bilgisini Gateway&rsquo;e RS485 hatt\u0131 ile \u00ab\u00a0ON\u00a0\u00bb veya \u00ab\u00a0OFF\u00a0\u00bb sinyali g\u00f6nderir.<\/td><td class=\"column-4\">Anahtarlar, PLC, Elekrik otomasyon sistemleri vb.<\/td>\n<\/tr>\n<tr class=\"row-4\">\n\t<td class=\"column-1\">ORSDTN105R<\/td><td class=\"column-2\">RS845 DIGITAL INPUT SVDC NODE<\/td><td class=\"column-3\">Giri\u015finde 5-24VDC aral\u0131\u011f\u0131nda gerilim uyguland\u0131\u011f\u0131nda Gateway\u2019e RS485 hatt\u0131 ile \u00ab\u00a0ON\u00a0\u00bb verisi,  di\u011fer durumlarda \u00ab\u00a0OFF\u00a0\u00bb verisi g\u00f6nderir.<\/td><td class=\"column-4\">PLC<\/td>\n<\/tr>\n<tr class=\"row-5\">\n\t<td class=\"column-1\">ORSDOUT105R<\/td><td class=\"column-2\">RS845 DIGITAL OUTPUT SVDC NODE<\/td><td class=\"column-3\">Gateway&rsquo;den RS485 hatt\u0131 ile \u00ab\u00a0ON\u00a0\u00bb verisi g\u00f6nderdi\u011finde \u00e7\u0131k\u0131\u015f\u0131nda SVDC verir, \u00ab\u00a0OFF\u00a0\u00bb verisi g\u00f6nderdi\u011finde OVDC verir.<\/td><td class=\"column-4\">PLC<\/td>\n<\/tr>\n<tr class=\"row-6\">\n\t<td class=\"column-1\">ORS DIN-110R<\/td><td class=\"column-2\">RS845 DIGITAL INPUT 10VDC NODE<\/td><td class=\"column-3\">Giri\u015finde 10VDC aral\u0131\u011f\u0131nda gerilim uyguland\u0131\u011f\u0131nda Gateway&rsquo;e RS485 hatt\u0131 ile \u00ab\u00a0ON\u00a0\u00bb verisi,  di\u011fer durumlarda \u00ab\u00a0OFF\u00a0\u00bb verisi g\u00f6nderir.<\/td><td class=\"column-4\">PLC<\/td>\n<\/tr>\n<tr class=\"row-7\">\n\t<td class=\"column-1\">ORS DOUT-110R<\/td><td class=\"column-2\">RS845 DIGITAL OUTPUT 10VDC NODE<\/td><td class=\"column-3\">Gateway&rsquo;den RS485 hatt\u0131 ile \u00ab\u00a0ON\u00a0\u00bb verisi g\u00f6nderdi\u011finde \u00e7\u0131k\u0131\u0219\u0131nda 10VDC verir, \u00ab\u00a0OFF\u00a0\u00bb verisi g\u00f6nderdi\u011finde OVDC verir.<\/td><td class=\"column-4\">PLC<\/td>\n<\/tr>\n<tr class=\"row-8\">\n\t<td class=\"column-1\">ORS AI010-100R<\/td><td class=\"column-2\">RS845 ANALOG INPUT 0-10V NODE<\/td><td class=\"column-3\">Giri\u0219inde 0-10VDC aras\u0131 gerilim uyguland\u0131\u011f\u0131nda Gateway\u2019e RS485 hatt\u0131 ile voltaj de\u011ferini g\u00f6nderir.<\/td><td class=\"column-4\">0-10VDC \u00e7\u0131k\u0131\u015f \u00fcretebilen t\u00fcm donan\u0131mlar<\/td>\n<\/tr>\n<tr class=\"row-9\">\n\t<td class=\"column-1\">ORS AI05-100R<\/td><td class=\"column-2\">RS845 ANALOG INPUT 0-5V NODE W\/5VDC POWER OUT<\/td><td class=\"column-3\">Giri\u015fine ba\u011flanan SVDC beslemeli, 0-5VDC analog data \u00e7\u0131k\u0131\u0219\u0131na sahip \u00f6l\u00e7\u00fcm sens\u00f6rlerinin bilgisini Gateway&rsquo;e RS485 hatt\u0131 ile g\u00f6nderir.<\/td><td class=\"column-4\">LDR, Gaz sens\u00f6rleri, nem sens\u00f6rleri vb.<\/td>\n<\/tr>\n<tr class=\"row-10\">\n\t<td class=\"column-1\">ORS AIAC-100R<\/td><td class=\"column-2\">RS845 ANALOG INPUT 220VAC DETECTION NODE<\/td><td class=\"column-3\">Giri\u015finde 110-230VAC uyguland\u0131\u011f\u0131nda Gateway\u2019e RS485 hatt\u0131 ile olarak \u00ab\u00a0ON\u00a0\u00bb verisi, diger durumlarda \u00ab\u00a0OFF\u00a0\u00bb verisi g\u00f6nderir.<\/td><td class=\"column-4\">\u00ab\u00a0Hareket sens\u00f6rleri, UPS, tesis i\u00e7i genel\u00a0\u00bb<\/td>\n<\/tr>\n<tr class=\"row-11\">\n\t<td class=\"column-1\">ORSAO010100R<\/td><td class=\"column-2\">RS845 ANALOG OUTPUT 0-10V NODE<\/td><td class=\"column-3\">Gateway&rsquo;den  RS485 hatt\u0131 ile 0-10 aras\u0131 de\u011fer g\u00f6nderildi\u011finde, \u00e7\u0131k\u0131\u0219\u0131nda 0-10VDC aras\u0131 gerilim \u00fcretir.<\/td><td class=\"column-4\">\u00ab\u00a00-10VDC giri\u015fi ile Control edilebilen t\u00fcm cihazlar\u00a0\u00bb<\/td>\n<\/tr>\n<tr class=\"row-12\">\n\t<td class=\"column-1\">ORS DIM3-100R<\/td><td class=\"column-2\">RS845 3CH CV PWM DIMMER NODE<\/td><td class=\"column-3\">Gateway&rsquo;den RS485 hatt\u0131 ile her bir kanal\u0131 ayr\u0131 ayr\u0131 kontrol edilebilen, her kanal\u0131 12-24VDC PWM sinyali \u00fcretebilen, kanal ba\u015f\u0131 8A&rsquo;e kadar, 3 kanall\u0131 PWM sabit voltaj DIMMER u\u00e7 birimidir.<\/td><td class=\"column-4\">PWM y\u00f6ntemi ile Control edilen t\u00fcm cihazlar<\/td>\n<\/tr>\n<tr class=\"row-13\">\n\t<td class=\"column-1\">ORS TRG-103R<\/td><td class=\"column-2\">RS845 TRIGGER 3SEC. NODE<\/td><td class=\"column-3\">Gateway&rsquo;den RS485 hatt\u0131 ile \u00ab\u00a0ON\u00a0\u00bb verisi geldi\u011finde \u00e7\u0131k\u0131\u015f konta\u011f\u0131n\u0131 3 saniye boyunca k\u0131sa devre konumuna al\u0131r. 8A&rsquo;e kadar.<\/td><td class=\"column-4\">Kepenkler, kap\u0131lar vb. tetikleme ile \u00e7al\u0131\u015fan cihazlar<\/td>\n<\/tr>\n<tr class=\"row-14\">\n\t<td class=\"column-1\">ORS REU-100R<\/td><td class=\"column-2\">RS845 RELAY 1CH NODE 1X8A 230VAC &#8211; 30VDC<\/td><td class=\"column-3\">Gateway\u2019den RS485 hatt\u0131 ile her bir kanal\u0131 ayri ayr\u0131 kontrol edilebilen, AC 230V &#8211; DC 30V gerilimleri kumanda edebilen, kanal ba\u0219\u0131 8A ak\u0131m anahtarlama kapasitesine  sahip, 1 kanall\u0131 r\u00f6le u\u00e7 birimidir.<\/td><td class=\"column-4\">\u00ab\u00a08A&rsquo;e kadar g\u00fc\u021b kumandas\u0131 ihtiyac\u0131 olan<br \/>\nt\u00fcm cihazlar<\/td>\n<\/tr>\n<tr class=\"row-15\">\n\t<td class=\"column-1\">ORS REL2-100R<\/td><td class=\"column-2\">RS845 RELAY 2CH NODE 2X8A 230VAC &#8211; 30VDC<\/td><td class=\"column-3\">Gateway\u2019den RS485 hatt\u0131 ile her bir kanal\u0131 ayr\u0131 ayr\u0131 kontrol edilebilen, AC 230V &#8211; DC 30V gerilimleri kumanda edebilen, kanal ba\u015f\u0131 8A ak\u0131m anahtarlama kapasitesine sahip, 2 kanall\u0131 r\u00f6le u\u00e7 birimidir.<\/td><td class=\"column-4\">8A&rsquo;e kadar g\u00fc\u00e7 kumandas\u0131 ihtiyac\u0131 olan t\u00fcm cihazlar<\/td>\n<\/tr>\n<tr class=\"row-16\">\n\t<td class=\"column-1\">ORS DIM4-100R<\/td><td class=\"column-2\">RS845 4CH CV PWM DIMMER NODE<\/td><td class=\"column-3\">Gateway\u2019den RS485 hatt\u0131 ile her bir kanal\u0131 ayr\u0131 ayr\u0131 kontrol edilebilen, her kanal\u0131 12-24VDC PWM sinyali \u00fcretebilen, kanal ba\u015f\u0131  8A&rsquo;e kadar, 4 kanall\u0131 PWM sabit voltaj DIMMER u\u00e7 birimidir.<\/td><td class=\"column-4\">PWM y\u00f6ntemi ile Control edilen t\u00fcm cihazlar.<\/td>\n<\/tr>\n<tr class=\"row-17\">\n\t<td class=\"column-1\">ORS DIMS-100R<\/td><td class=\"column-2\">RS845 SCH CV PWM DIMMER NODE<\/td><td class=\"column-3\">Gateway\u2019den RS485 hatti ile her bir kanal\u0131 ayr\u0131 ayr\u0131 kontrol edilebilen, her kanal\u0131 12-24VDC PWM sinyali \u00fcretebilen, kanal ba\u015f\u0131 8A&rsquo;e kadar, 5 kanall\u0131 PWM sabit voltaj DIMMER u\u00e7 birimidir.<\/td><td class=\"column-4\">PWM y\u00f6ntemi ile Control edilen t\u00fcm cihazlar<\/td>\n<\/tr>\n<tr class=\"row-18\">\n\t<td class=\"column-1\">ORS REL8-100R<\/td><td class=\"column-2\">RS845 RELAY 8CH NODE 8XBA 2\u00df0VAC &#8211; 30VDC.<\/td><td class=\"column-3\">Gateway&rsquo;den RS485 hatt\u0131 ile her bir kanal\u0131 ayr\u0131 ayr\u0131 kontrol edilebilen, AC 230V &#8211; DC 30V gerilimleri kumanda edebilen, kanal ba\u015f\u0131 BA ak\u0131m anahtarlama kapasitesine sahip, 8 kanall\u0131 r\u00f6le u\u00e7 birimidir.<\/td><td class=\"column-4\">\u00ab\u00a08A&rsquo;e kadar g\u00fc\u00e7 kumandas\u0131 ihtiyac\u0131 olan<br \/>\nt\u00fcm cihazlar<\/td>\n<\/tr>\n<\/tbody>\n<\/table>\n<!-- #tablepress-16 from cache -->\n<\/div>\n\t\t\t\t\t\t\t<\/div>\n\t\t<\/div>\n\t\t\t\t\t\t<\/div>\n\t\t\t\t<\/div>\n\t\t\t\t\t<\/div>\n\t\t<\/div>\n\t\t\t\t\t<\/div>\n\t\t<\/section>\n\t\t\t\t<\/div>\n\t\t","protected":false},"excerpt":{"rendered":"<p>Lorsqu&rsquo;une tension de l&rsquo;ordre de 10VDC est appliqu\u00e9e \u00e0 son entr\u00e9e, il envoie les donn\u00e9es \u00ab ON \u00bb \u00e0 la passerelle via la ligne RS485, dans les autres cas, il envoie les donn\u00e9es \u00ab OFF \u00bb.<\/p>\n<p>Les unit\u00e9s de contr\u00f4le Oliptek RS Star sont con\u00e7ues pour r\u00e9soudre les diff\u00e9rents besoins et probl\u00e8mes<br \/>\ndans votre installation gr\u00e2ce \u00e0 leurs structures modulaires en utilisant la m\u00e9thode de communication RS485<br \/>\n.<\/p>\n","protected":false},"featured_media":44607,"template":"","meta":{"wpupg_custom_link":[],"wpupg_custom_link_behaviour":[],"wpupg_custom_link_nofollow":[],"wpupg_custom_image":[],"wpupg_custom_image_id":[]},"product_brand":[],"product_cat":[569,568],"product_tag":[],"class_list":{"0":"post-44606","1":"product","2":"type-product","3":"status-publish","4":"has-post-thumbnail","6":"product_cat-produits-dautomatisation-industrielle","7":"product_cat-serie-rs-star","9":"first","10":"instock","11":"virtual","12":"product-type-simple"},"yoast_head":"<!-- This site is optimized with the Yoast SEO plugin v27.6 - https:\/\/yoast.com\/product\/yoast-seo-wordpress\/ -->\n<title>UNIT\u00c9 DE TERMINAL D&#039;ENTR\u00c9E NUM\u00c9RIQUE RS485 10VDC - Oliptek<\/title>\n<meta name=\"description\" content=\"Les unit\u00e9s de contr\u00f4le RS Star d&#039;Oliptek, utilisant la m\u00e9thode de communication RS485, avec leurs structures modulaires, r\u00e9pondent aux diff\u00e9rents besoins de votre installation.\" \/>\n<meta name=\"robots\" content=\"index, follow, max-snippet:-1, max-image-preview:large, max-video-preview:-1\" \/>\n<link rel=\"canonical\" href=\"https:\/\/oliptek.com\/fr\/product\/borne-d-entree-numerique-rs485-10vdc\/\" \/>\n<meta property=\"og:locale\" content=\"fr_FR\" \/>\n<meta property=\"og:type\" content=\"article\" \/>\n<meta property=\"og:title\" content=\"UNIT\u00c9 DE TERMINAL D&#039;ENTR\u00c9E NUM\u00c9RIQUE RS485 10VDC - Oliptek\" \/>\n<meta property=\"og:description\" content=\"Les unit\u00e9s de contr\u00f4le RS Star d&#039;Oliptek, utilisant la m\u00e9thode de communication RS485, avec leurs structures modulaires, r\u00e9pondent aux diff\u00e9rents besoins de votre installation.\" \/>\n<meta property=\"og:url\" content=\"https:\/\/oliptek.com\/fr\/product\/borne-d-entree-numerique-rs485-10vdc\/\" \/>\n<meta property=\"og:site_name\" content=\"Oliptek\" \/>\n<meta property=\"article:publisher\" content=\"https:\/\/www.facebook.com\/oliptek\/\" \/>\n<meta property=\"article:modified_time\" content=\"2025-07-24T12:28:13+00:00\" \/>\n<meta property=\"og:image\" content=\"https:\/\/oliptek.com\/wp-content\/uploads\/2022\/05\/ORS-DIN-110R.png\" \/>\n\t<meta property=\"og:image:width\" content=\"1200\" \/>\n\t<meta property=\"og:image:height\" content=\"1200\" \/>\n\t<meta property=\"og:image:type\" content=\"image\/png\" \/>\n<meta name=\"twitter:card\" content=\"summary_large_image\" \/>\n<meta name=\"twitter:site\" content=\"@oliptek\" \/>\n<meta name=\"twitter:label1\" content=\"Dur\u00e9e de lecture estim\u00e9e\" \/>\n\t<meta name=\"twitter:data1\" content=\"4 minutes\" \/>\n<script type=\"application\/ld+json\" class=\"yoast-schema-graph\">{\"@context\":\"https:\\\/\\\/schema.org\",\"@graph\":[{\"@type\":\"WebPage\",\"@id\":\"https:\\\/\\\/oliptek.com\\\/fr\\\/product\\\/borne-d-entree-numerique-rs485-10vdc\\\/\",\"url\":\"https:\\\/\\\/oliptek.com\\\/fr\\\/product\\\/borne-d-entree-numerique-rs485-10vdc\\\/\",\"name\":\"UNIT\u00c9 DE TERMINAL D'ENTR\u00c9E NUM\u00c9RIQUE RS485 10VDC - Oliptek\",\"isPartOf\":{\"@id\":\"https:\\\/\\\/oliptek.com\\\/en\\\/#website\"},\"primaryImageOfPage\":{\"@id\":\"https:\\\/\\\/oliptek.com\\\/fr\\\/product\\\/borne-d-entree-numerique-rs485-10vdc\\\/#primaryimage\"},\"image\":{\"@id\":\"https:\\\/\\\/oliptek.com\\\/fr\\\/product\\\/borne-d-entree-numerique-rs485-10vdc\\\/#primaryimage\"},\"thumbnailUrl\":\"https:\\\/\\\/oliptek.com\\\/wp-content\\\/uploads\\\/2022\\\/05\\\/ORS-DIN-110R.png\",\"datePublished\":\"2022-05-21T14:52:35+00:00\",\"dateModified\":\"2025-07-24T12:28:13+00:00\",\"description\":\"Les unit\u00e9s de contr\u00f4le RS Star d'Oliptek, utilisant la m\u00e9thode de communication RS485, avec leurs structures modulaires, r\u00e9pondent aux diff\u00e9rents besoins de votre installation.\",\"breadcrumb\":{\"@id\":\"https:\\\/\\\/oliptek.com\\\/fr\\\/product\\\/borne-d-entree-numerique-rs485-10vdc\\\/#breadcrumb\"},\"inLanguage\":\"fr-FR\",\"potentialAction\":[{\"@type\":\"ReadAction\",\"target\":[\"https:\\\/\\\/oliptek.com\\\/fr\\\/product\\\/borne-d-entree-numerique-rs485-10vdc\\\/\"]}]},{\"@type\":\"ImageObject\",\"inLanguage\":\"fr-FR\",\"@id\":\"https:\\\/\\\/oliptek.com\\\/fr\\\/product\\\/borne-d-entree-numerique-rs485-10vdc\\\/#primaryimage\",\"url\":\"https:\\\/\\\/oliptek.com\\\/wp-content\\\/uploads\\\/2022\\\/05\\\/ORS-DIN-110R.png\",\"contentUrl\":\"https:\\\/\\\/oliptek.com\\\/wp-content\\\/uploads\\\/2022\\\/05\\\/ORS-DIN-110R.png\",\"width\":1200,\"height\":1200},{\"@type\":\"BreadcrumbList\",\"@id\":\"https:\\\/\\\/oliptek.com\\\/fr\\\/product\\\/borne-d-entree-numerique-rs485-10vdc\\\/#breadcrumb\",\"itemListElement\":[{\"@type\":\"ListItem\",\"position\":1,\"name\":\"Anasayfa\",\"item\":\"https:\\\/\\\/oliptek.com\\\/fr\\\/page-daccueil-2\\\/\"},{\"@type\":\"ListItem\",\"position\":2,\"name\":\"UNIT\u00c9 DE TERMINAL D&#8217;ENTR\u00c9E NUM\u00c9RIQUE RS485 10VDC\"}]},{\"@type\":\"WebSite\",\"@id\":\"https:\\\/\\\/oliptek.com\\\/en\\\/#website\",\"url\":\"https:\\\/\\\/oliptek.com\\\/en\\\/\",\"name\":\"Oliptek\",\"description\":\"Animasyon ve Otomasyon Sistemleri \u00dcreticisi\",\"publisher\":{\"@id\":\"https:\\\/\\\/oliptek.com\\\/en\\\/#organization\"},\"potentialAction\":[{\"@type\":\"SearchAction\",\"target\":{\"@type\":\"EntryPoint\",\"urlTemplate\":\"https:\\\/\\\/oliptek.com\\\/en\\\/?s={search_term_string}\"},\"query-input\":{\"@type\":\"PropertyValueSpecification\",\"valueRequired\":true,\"valueName\":\"search_term_string\"}}],\"inLanguage\":\"fr-FR\"},{\"@type\":\"Organization\",\"@id\":\"https:\\\/\\\/oliptek.com\\\/en\\\/#organization\",\"name\":\"Oliptek\",\"url\":\"https:\\\/\\\/oliptek.com\\\/en\\\/\",\"logo\":{\"@type\":\"ImageObject\",\"inLanguage\":\"fr-FR\",\"@id\":\"https:\\\/\\\/oliptek.com\\\/en\\\/#\\\/schema\\\/logo\\\/image\\\/\",\"url\":\"https:\\\/\\\/oliptek.com\\\/wp-content\\\/uploads\\\/2022\\\/05\\\/oliptek_logo.png\",\"contentUrl\":\"https:\\\/\\\/oliptek.com\\\/wp-content\\\/uploads\\\/2022\\\/05\\\/oliptek_logo.png\",\"width\":396,\"height\":59,\"caption\":\"Oliptek\"},\"image\":{\"@id\":\"https:\\\/\\\/oliptek.com\\\/en\\\/#\\\/schema\\\/logo\\\/image\\\/\"},\"sameAs\":[\"https:\\\/\\\/www.facebook.com\\\/oliptek\\\/\",\"https:\\\/\\\/x.com\\\/oliptek\",\"https:\\\/\\\/www.youtube.com\\\/channel\\\/UCnimGlqU91CVNPDyL9YzMDA\",\"https:\\\/\\\/www.linkedin.com\\\/company\\\/oliptek\",\"https:\\\/\\\/www.instagram.com\\\/oliptek\\\/\"]}]}<\/script>\n<!-- \/ Yoast SEO plugin. -->","yoast_head_json":{"title":"UNIT\u00c9 DE TERMINAL D'ENTR\u00c9E NUM\u00c9RIQUE RS485 10VDC - Oliptek","description":"Les unit\u00e9s de contr\u00f4le RS Star d'Oliptek, utilisant la m\u00e9thode de communication RS485, avec leurs structures modulaires, r\u00e9pondent aux diff\u00e9rents besoins de votre installation.","robots":{"index":"index","follow":"follow","max-snippet":"max-snippet:-1","max-image-preview":"max-image-preview:large","max-video-preview":"max-video-preview:-1"},"canonical":"https:\/\/oliptek.com\/fr\/product\/borne-d-entree-numerique-rs485-10vdc\/","og_locale":"fr_FR","og_type":"article","og_title":"UNIT\u00c9 DE TERMINAL D'ENTR\u00c9E NUM\u00c9RIQUE RS485 10VDC - Oliptek","og_description":"Les unit\u00e9s de contr\u00f4le RS Star d'Oliptek, utilisant la m\u00e9thode de communication RS485, avec leurs structures modulaires, r\u00e9pondent aux diff\u00e9rents besoins de votre installation.","og_url":"https:\/\/oliptek.com\/fr\/product\/borne-d-entree-numerique-rs485-10vdc\/","og_site_name":"Oliptek","article_publisher":"https:\/\/www.facebook.com\/oliptek\/","article_modified_time":"2025-07-24T12:28:13+00:00","og_image":[{"width":1200,"height":1200,"url":"https:\/\/oliptek.com\/wp-content\/uploads\/2022\/05\/ORS-DIN-110R.png","type":"image\/png"}],"twitter_card":"summary_large_image","twitter_site":"@oliptek","twitter_misc":{"Dur\u00e9e de lecture estim\u00e9e":"4 minutes"},"schema":{"@context":"https:\/\/schema.org","@graph":[{"@type":"WebPage","@id":"https:\/\/oliptek.com\/fr\/product\/borne-d-entree-numerique-rs485-10vdc\/","url":"https:\/\/oliptek.com\/fr\/product\/borne-d-entree-numerique-rs485-10vdc\/","name":"UNIT\u00c9 DE TERMINAL D'ENTR\u00c9E NUM\u00c9RIQUE RS485 10VDC - Oliptek","isPartOf":{"@id":"https:\/\/oliptek.com\/en\/#website"},"primaryImageOfPage":{"@id":"https:\/\/oliptek.com\/fr\/product\/borne-d-entree-numerique-rs485-10vdc\/#primaryimage"},"image":{"@id":"https:\/\/oliptek.com\/fr\/product\/borne-d-entree-numerique-rs485-10vdc\/#primaryimage"},"thumbnailUrl":"https:\/\/oliptek.com\/wp-content\/uploads\/2022\/05\/ORS-DIN-110R.png","datePublished":"2022-05-21T14:52:35+00:00","dateModified":"2025-07-24T12:28:13+00:00","description":"Les unit\u00e9s de contr\u00f4le RS Star d'Oliptek, utilisant la m\u00e9thode de communication RS485, avec leurs structures modulaires, r\u00e9pondent aux diff\u00e9rents besoins de votre installation.","breadcrumb":{"@id":"https:\/\/oliptek.com\/fr\/product\/borne-d-entree-numerique-rs485-10vdc\/#breadcrumb"},"inLanguage":"fr-FR","potentialAction":[{"@type":"ReadAction","target":["https:\/\/oliptek.com\/fr\/product\/borne-d-entree-numerique-rs485-10vdc\/"]}]},{"@type":"ImageObject","inLanguage":"fr-FR","@id":"https:\/\/oliptek.com\/fr\/product\/borne-d-entree-numerique-rs485-10vdc\/#primaryimage","url":"https:\/\/oliptek.com\/wp-content\/uploads\/2022\/05\/ORS-DIN-110R.png","contentUrl":"https:\/\/oliptek.com\/wp-content\/uploads\/2022\/05\/ORS-DIN-110R.png","width":1200,"height":1200},{"@type":"BreadcrumbList","@id":"https:\/\/oliptek.com\/fr\/product\/borne-d-entree-numerique-rs485-10vdc\/#breadcrumb","itemListElement":[{"@type":"ListItem","position":1,"name":"Anasayfa","item":"https:\/\/oliptek.com\/fr\/page-daccueil-2\/"},{"@type":"ListItem","position":2,"name":"UNIT\u00c9 DE TERMINAL D&#8217;ENTR\u00c9E NUM\u00c9RIQUE RS485 10VDC"}]},{"@type":"WebSite","@id":"https:\/\/oliptek.com\/en\/#website","url":"https:\/\/oliptek.com\/en\/","name":"Oliptek","description":"Animasyon ve Otomasyon Sistemleri \u00dcreticisi","publisher":{"@id":"https:\/\/oliptek.com\/en\/#organization"},"potentialAction":[{"@type":"SearchAction","target":{"@type":"EntryPoint","urlTemplate":"https:\/\/oliptek.com\/en\/?s={search_term_string}"},"query-input":{"@type":"PropertyValueSpecification","valueRequired":true,"valueName":"search_term_string"}}],"inLanguage":"fr-FR"},{"@type":"Organization","@id":"https:\/\/oliptek.com\/en\/#organization","name":"Oliptek","url":"https:\/\/oliptek.com\/en\/","logo":{"@type":"ImageObject","inLanguage":"fr-FR","@id":"https:\/\/oliptek.com\/en\/#\/schema\/logo\/image\/","url":"https:\/\/oliptek.com\/wp-content\/uploads\/2022\/05\/oliptek_logo.png","contentUrl":"https:\/\/oliptek.com\/wp-content\/uploads\/2022\/05\/oliptek_logo.png","width":396,"height":59,"caption":"Oliptek"},"image":{"@id":"https:\/\/oliptek.com\/en\/#\/schema\/logo\/image\/"},"sameAs":["https:\/\/www.facebook.com\/oliptek\/","https:\/\/x.com\/oliptek","https:\/\/www.youtube.com\/channel\/UCnimGlqU91CVNPDyL9YzMDA","https:\/\/www.linkedin.com\/company\/oliptek","https:\/\/www.instagram.com\/oliptek\/"]}]}},"_links":{"self":[{"href":"https:\/\/oliptek.com\/fr\/wp-json\/wp\/v2\/product\/44606","targetHints":{"allow":["GET"]}}],"collection":[{"href":"https:\/\/oliptek.com\/fr\/wp-json\/wp\/v2\/product"}],"about":[{"href":"https:\/\/oliptek.com\/fr\/wp-json\/wp\/v2\/types\/product"}],"version-history":[{"count":11,"href":"https:\/\/oliptek.com\/fr\/wp-json\/wp\/v2\/product\/44606\/revisions"}],"predecessor-version":[{"id":57883,"href":"https:\/\/oliptek.com\/fr\/wp-json\/wp\/v2\/product\/44606\/revisions\/57883"}],"wp:featuredmedia":[{"embeddable":true,"href":"https:\/\/oliptek.com\/fr\/wp-json\/wp\/v2\/media\/44607"}],"wp:attachment":[{"href":"https:\/\/oliptek.com\/fr\/wp-json\/wp\/v2\/media?parent=44606"}],"wp:term":[{"taxonomy":"product_brand","embeddable":true,"href":"https:\/\/oliptek.com\/fr\/wp-json\/wp\/v2\/product_brand?post=44606"},{"taxonomy":"product_cat","embeddable":true,"href":"https:\/\/oliptek.com\/fr\/wp-json\/wp\/v2\/product_cat?post=44606"},{"taxonomy":"product_tag","embeddable":true,"href":"https:\/\/oliptek.com\/fr\/wp-json\/wp\/v2\/product_tag?post=44606"}],"curies":[{"name":"wp","href":"https:\/\/api.w.org\/{rel}","templated":true}]}}