{"id":46028,"date":"2024-04-17T08:59:20","date_gmt":"2024-04-17T08:59:20","guid":{"rendered":"https:\/\/oliptek.com\/?post_type=product&#038;p=46028"},"modified":"2025-07-23T12:29:26","modified_gmt":"2025-07-23T12:29:26","slug":"dmx-2in2out-spi-decoder","status":"publish","type":"product","link":"https:\/\/oliptek.com\/fr\/produit\/dmx-2in2out-spi-decoder\/","title":{"rendered":"DMX \/ SPI 2 IN 2 OUT DECODER"},"content":{"rendered":"\t\t<div data-elementor-type=\"wp-post\" data-elementor-id=\"46028\" class=\"elementor elementor-46028 elementor-42641\" data-elementor-post-type=\"product\">\n\t\t\t\t\t\t<section data-particle_enable=\"false\" data-particle-mobile-disabled=\"false\" class=\"elementor-section elementor-top-section elementor-element elementor-element-3e99ae25 elementor-section-boxed elementor-section-height-default elementor-section-height-default\" data-id=\"3e99ae25\" data-element_type=\"section\" data-e-type=\"section\">\n\t\t\t\t\t\t<div class=\"elementor-container elementor-column-gap-default\">\n\t\t\t\t\t<div class=\"elementor-column elementor-col-100 elementor-top-column elementor-element elementor-element-4e58fb40\" data-id=\"4e58fb40\" data-element_type=\"column\" data-e-type=\"column\">\n\t\t\t<div class=\"elementor-widget-wrap elementor-element-populated\">\n\t\t\t\t\t\t<div class=\"elementor-element elementor-element-733eabf elementor-tabs-view-horizontal elementor-widget elementor-widget-tabs\" data-id=\"733eabf\" data-element_type=\"widget\" data-e-type=\"widget\" data-widget_type=\"tabs.default\">\n\t\t\t\t<div class=\"elementor-widget-container\">\n\t\t\t\t\t\t\t<div class=\"elementor-tabs\">\n\t\t\t<div class=\"elementor-tabs-wrapper\" role=\"tablist\" >\n\t\t\t\t\t\t\t\t\t<div id=\"elementor-tab-title-1201\" class=\"elementor-tab-title elementor-tab-desktop-title\" aria-selected=\"true\" data-tab=\"1\" role=\"tab\" tabindex=\"0\" aria-controls=\"elementor-tab-content-1201\" aria-expanded=\"false\">Sp\u00e9cifications techniques<\/div>\n\t\t\t\t\t\t\t\t\t<div id=\"elementor-tab-title-1202\" class=\"elementor-tab-title elementor-tab-desktop-title\" aria-selected=\"false\" data-tab=\"2\" role=\"tab\" tabindex=\"-1\" aria-controls=\"elementor-tab-content-1202\" aria-expanded=\"false\">Documents techniques<\/div>\n\t\t\t\t\t\t\t<\/div>\n\t\t\t<div class=\"elementor-tabs-content-wrapper\" role=\"tablist\" aria-orientation=\"vertical\">\n\t\t\t\t\t\t\t\t\t<div class=\"elementor-tab-title elementor-tab-mobile-title\" aria-selected=\"true\" data-tab=\"1\" role=\"tab\" tabindex=\"0\" aria-controls=\"elementor-tab-content-1201\" aria-expanded=\"false\">Sp\u00e9cifications techniques<\/div>\n\t\t\t\t\t<div id=\"elementor-tab-content-1201\" class=\"elementor-tab-content elementor-clearfix\" data-tab=\"1\" role=\"tabpanel\" aria-labelledby=\"elementor-tab-title-1201\" tabindex=\"0\" hidden=\"false\">\n<table id=\"tablepress-113\" class=\"tablepress tablepress-id-113\">\n<tbody class=\"row-striping row-hover\">\n<tr class=\"row-1\">\n\t<td class=\"column-1\">\u00c7ALI\u015eMA GER\u0130L\u0130M\u0130<\/td><td class=\"column-2\">12-48VDC<\/td>\n<\/tr>\n<tr class=\"row-2\">\n\t<td class=\"column-1\">DMX DATA<\/td><td class=\"column-2\">1-512<\/td>\n<\/tr>\n<tr class=\"row-3\">\n\t<td class=\"column-1\">\u00c7IKI\u015e AKIMI:<\/td><td class=\"column-2\">Azami 2x8A <\/td>\n<\/tr>\n<\/tbody>\n<\/table>\n\n\n<table id=\"tablepress-114\" class=\"tablepress tablepress-id-114\">\n<thead>\n<tr class=\"row-1\">\n\t<th class=\"column-1\">MODEL<\/th><th class=\"column-2\">SKU<\/th><th class=\"column-3\">DMX G\u0130R\u0130\u015e SAYISI<\/th><th class=\"column-4\">\u00c7IKI\u015e KANAL SAYISI<\/th><th class=\"column-5\">SPI \u00c7IKI\u015e SAYISI<\/th><th class=\"column-6\">KORUMA SINIFI<\/th><th class=\"column-7\">MONTAJ T\u0130P\u0130<\/th>\n<\/tr>\n<\/thead>\n<tbody class=\"row-striping row-hover\">\n<tr class=\"row-2\">\n\t<td class=\"column-1\">DMX \/ SPI 2 IN 2 OUT DECODER<\/td><td class=\"column-2\">ODX DECS 226W<\/td><td class=\"column-3\">2<\/td><td class=\"column-4\">2<\/td><td class=\"column-5\">2<\/td><td class=\"column-6\">IP20<\/td><td class=\"column-7\">DIN RAY<\/td>\n<\/tr>\n<\/tbody>\n<\/table>\n\n<\/div>\n\t\t\t\t\t\t\t\t\t<div class=\"elementor-tab-title elementor-tab-mobile-title\" aria-selected=\"false\" data-tab=\"2\" role=\"tab\" tabindex=\"-1\" aria-controls=\"elementor-tab-content-1202\" aria-expanded=\"false\">Documents techniques<\/div>\n\t\t\t\t\t<div id=\"elementor-tab-content-1202\" class=\"elementor-tab-content elementor-clearfix\" data-tab=\"2\" role=\"tabpanel\" aria-labelledby=\"elementor-tab-title-1202\" tabindex=\"0\" hidden=\"hidden\"><p><b>PAGES DE DONN\u00c9ES<\/b><\/p>\n<p><a href=\"http:\/\/oliptek.com\/wp-content\/uploads\/2024\/04\/ODX-DECS226W-DATASHEET-EN_V00_REV00.pdf\">ODX DECS226W DATASHEET  <\/a><\/p>\n<\/div>\n\t\t\t\t\t\t\t<\/div>\n\t\t<\/div>\n\t\t\t\t\t\t<\/div>\n\t\t\t\t<\/div>\n\t\t\t\t\t<\/div>\n\t\t<\/div>\n\t\t\t\t\t<\/div>\n\t\t<\/section>\n\t\t\t\t<\/div>\n\t\t","protected":false},"excerpt":{"rendered":"<p>Il re\u00e7oit le protocole DMX (Digital Multiplex) en entr\u00e9e et convertit ces signaux en protocole SPI (Serial Peripheral Interface) et fournit une sortie. Il est utilis\u00e9 pour contr\u00f4ler les appareils d&rsquo;\u00e9clairage ou d&rsquo;autres dispositifs bas\u00e9s sur SPI en analysant les donn\u00e9es du protocole DMX.<\/p>\n<p>Le terminal dispose de deux canaux d&rsquo;entr\u00e9es DMX et de deux canaux de sorties SPI ind\u00e9pendants et fonctionne sur une large plage de tension de 12-48VDC.<\/p>\n","protected":false},"featured_media":46029,"template":"","meta":{"wpupg_custom_link":[],"wpupg_custom_link_behaviour":[],"wpupg_custom_link_nofollow":[],"wpupg_custom_image":[],"wpupg_custom_image_id":[]},"product_brand":[],"product_cat":[574],"product_tag":[],"class_list":{"0":"post-46028","1":"product","2":"type-product","3":"status-publish","4":"has-post-thumbnail","6":"product_cat-serie-de-decodeurs-dmx","8":"first","9":"instock","10":"virtual","11":"product-type-simple"},"yoast_head":"<!-- This site is optimized with the Yoast SEO plugin v27.6 - https:\/\/yoast.com\/product\/yoast-seo-wordpress\/ -->\n<title>DMX \/ SPI 2 IN 2 OUT DECODER - Oliptek<\/title>\n<meta name=\"description\" content=\"La s\u00e9rie de d\u00e9codeurs DMX Oliptek re\u00e7oit tous les types de donn\u00e9es DMX de la source et les transmet sous la forme d&#039;un ordre de travail \u00e0 l&#039;adresse de destination dans le luminaire.\" \/>\n<meta name=\"robots\" content=\"index, follow, max-snippet:-1, max-image-preview:large, max-video-preview:-1\" \/>\n<link rel=\"canonical\" href=\"https:\/\/oliptek.com\/fr\/product\/dmx-2in2out-spi-decoder\/\" \/>\n<meta property=\"og:locale\" content=\"fr_FR\" \/>\n<meta property=\"og:type\" content=\"article\" \/>\n<meta property=\"og:title\" content=\"DMX \/ SPI 2 IN 2 OUT DECODER - Oliptek\" \/>\n<meta property=\"og:description\" content=\"La s\u00e9rie de d\u00e9codeurs DMX Oliptek re\u00e7oit tous les types de donn\u00e9es DMX de la source et les transmet sous la forme d&#039;un ordre de travail \u00e0 l&#039;adresse de destination dans le luminaire.\" \/>\n<meta property=\"og:url\" content=\"https:\/\/oliptek.com\/fr\/product\/dmx-2in2out-spi-decoder\/\" \/>\n<meta property=\"og:site_name\" content=\"Oliptek\" \/>\n<meta property=\"article:publisher\" content=\"https:\/\/www.facebook.com\/oliptek\/\" \/>\n<meta property=\"article:modified_time\" content=\"2025-07-23T12:29:26+00:00\" \/>\n<meta property=\"og:image\" content=\"https:\/\/oliptek.com\/wp-content\/uploads\/2024\/04\/DECS-226W-a.webp\" \/>\n\t<meta property=\"og:image:width\" content=\"1080\" \/>\n\t<meta property=\"og:image:height\" content=\"1080\" \/>\n\t<meta property=\"og:image:type\" content=\"image\/webp\" \/>\n<meta name=\"twitter:card\" content=\"summary_large_image\" \/>\n<meta name=\"twitter:site\" content=\"@oliptek\" \/>\n<script type=\"application\/ld+json\" class=\"yoast-schema-graph\">{\"@context\":\"https:\\\/\\\/schema.org\",\"@graph\":[{\"@type\":\"WebPage\",\"@id\":\"https:\\\/\\\/oliptek.com\\\/fr\\\/product\\\/dmx-2in2out-spi-decoder\\\/\",\"url\":\"https:\\\/\\\/oliptek.com\\\/fr\\\/product\\\/dmx-2in2out-spi-decoder\\\/\",\"name\":\"DMX \\\/ SPI 2 IN 2 OUT DECODER - Oliptek\",\"isPartOf\":{\"@id\":\"https:\\\/\\\/oliptek.com\\\/en\\\/#website\"},\"primaryImageOfPage\":{\"@id\":\"https:\\\/\\\/oliptek.com\\\/fr\\\/product\\\/dmx-2in2out-spi-decoder\\\/#primaryimage\"},\"image\":{\"@id\":\"https:\\\/\\\/oliptek.com\\\/fr\\\/product\\\/dmx-2in2out-spi-decoder\\\/#primaryimage\"},\"thumbnailUrl\":\"https:\\\/\\\/oliptek.com\\\/wp-content\\\/uploads\\\/2024\\\/04\\\/DECS-226W-a.webp\",\"datePublished\":\"2024-04-17T08:59:20+00:00\",\"dateModified\":\"2025-07-23T12:29:26+00:00\",\"description\":\"La s\u00e9rie de d\u00e9codeurs DMX Oliptek re\u00e7oit tous les types de donn\u00e9es DMX de la source et les transmet sous la forme d'un ordre de travail \u00e0 l'adresse de destination dans le luminaire.\",\"breadcrumb\":{\"@id\":\"https:\\\/\\\/oliptek.com\\\/fr\\\/product\\\/dmx-2in2out-spi-decoder\\\/#breadcrumb\"},\"inLanguage\":\"fr-FR\",\"potentialAction\":[{\"@type\":\"ReadAction\",\"target\":[\"https:\\\/\\\/oliptek.com\\\/fr\\\/product\\\/dmx-2in2out-spi-decoder\\\/\"]}]},{\"@type\":\"ImageObject\",\"inLanguage\":\"fr-FR\",\"@id\":\"https:\\\/\\\/oliptek.com\\\/fr\\\/product\\\/dmx-2in2out-spi-decoder\\\/#primaryimage\",\"url\":\"https:\\\/\\\/oliptek.com\\\/wp-content\\\/uploads\\\/2024\\\/04\\\/DECS-226W-a.webp\",\"contentUrl\":\"https:\\\/\\\/oliptek.com\\\/wp-content\\\/uploads\\\/2024\\\/04\\\/DECS-226W-a.webp\",\"width\":1080,\"height\":1080,\"caption\":\"Oliptek DMX \\\/ SPI 2 IN 2 OUT DECODER g\u00f6rseli-1\"},{\"@type\":\"BreadcrumbList\",\"@id\":\"https:\\\/\\\/oliptek.com\\\/fr\\\/product\\\/dmx-2in2out-spi-decoder\\\/#breadcrumb\",\"itemListElement\":[{\"@type\":\"ListItem\",\"position\":1,\"name\":\"Anasayfa\",\"item\":\"https:\\\/\\\/oliptek.com\\\/fr\\\/page-daccueil-2\\\/\"},{\"@type\":\"ListItem\",\"position\":2,\"name\":\"DMX \\\/ SPI 2 IN 2 OUT DECODER\"}]},{\"@type\":\"WebSite\",\"@id\":\"https:\\\/\\\/oliptek.com\\\/en\\\/#website\",\"url\":\"https:\\\/\\\/oliptek.com\\\/en\\\/\",\"name\":\"Oliptek\",\"description\":\"Animasyon ve Otomasyon Sistemleri \u00dcreticisi\",\"publisher\":{\"@id\":\"https:\\\/\\\/oliptek.com\\\/en\\\/#organization\"},\"potentialAction\":[{\"@type\":\"SearchAction\",\"target\":{\"@type\":\"EntryPoint\",\"urlTemplate\":\"https:\\\/\\\/oliptek.com\\\/en\\\/?s={search_term_string}\"},\"query-input\":{\"@type\":\"PropertyValueSpecification\",\"valueRequired\":true,\"valueName\":\"search_term_string\"}}],\"inLanguage\":\"fr-FR\"},{\"@type\":\"Organization\",\"@id\":\"https:\\\/\\\/oliptek.com\\\/en\\\/#organization\",\"name\":\"Oliptek\",\"url\":\"https:\\\/\\\/oliptek.com\\\/en\\\/\",\"logo\":{\"@type\":\"ImageObject\",\"inLanguage\":\"fr-FR\",\"@id\":\"https:\\\/\\\/oliptek.com\\\/en\\\/#\\\/schema\\\/logo\\\/image\\\/\",\"url\":\"https:\\\/\\\/oliptek.com\\\/wp-content\\\/uploads\\\/2022\\\/05\\\/oliptek_logo.png\",\"contentUrl\":\"https:\\\/\\\/oliptek.com\\\/wp-content\\\/uploads\\\/2022\\\/05\\\/oliptek_logo.png\",\"width\":396,\"height\":59,\"caption\":\"Oliptek\"},\"image\":{\"@id\":\"https:\\\/\\\/oliptek.com\\\/en\\\/#\\\/schema\\\/logo\\\/image\\\/\"},\"sameAs\":[\"https:\\\/\\\/www.facebook.com\\\/oliptek\\\/\",\"https:\\\/\\\/x.com\\\/oliptek\",\"https:\\\/\\\/www.youtube.com\\\/channel\\\/UCnimGlqU91CVNPDyL9YzMDA\",\"https:\\\/\\\/www.linkedin.com\\\/company\\\/oliptek\",\"https:\\\/\\\/www.instagram.com\\\/oliptek\\\/\"]}]}<\/script>\n<!-- \/ Yoast SEO plugin. -->","yoast_head_json":{"title":"DMX \/ SPI 2 IN 2 OUT DECODER - Oliptek","description":"La s\u00e9rie de d\u00e9codeurs DMX Oliptek re\u00e7oit tous les types de donn\u00e9es DMX de la source et les transmet sous la forme d'un ordre de travail \u00e0 l'adresse de destination dans le luminaire.","robots":{"index":"index","follow":"follow","max-snippet":"max-snippet:-1","max-image-preview":"max-image-preview:large","max-video-preview":"max-video-preview:-1"},"canonical":"https:\/\/oliptek.com\/fr\/product\/dmx-2in2out-spi-decoder\/","og_locale":"fr_FR","og_type":"article","og_title":"DMX \/ SPI 2 IN 2 OUT DECODER - Oliptek","og_description":"La s\u00e9rie de d\u00e9codeurs DMX Oliptek re\u00e7oit tous les types de donn\u00e9es DMX de la source et les transmet sous la forme d'un ordre de travail \u00e0 l'adresse de destination dans le luminaire.","og_url":"https:\/\/oliptek.com\/fr\/product\/dmx-2in2out-spi-decoder\/","og_site_name":"Oliptek","article_publisher":"https:\/\/www.facebook.com\/oliptek\/","article_modified_time":"2025-07-23T12:29:26+00:00","og_image":[{"width":1080,"height":1080,"url":"https:\/\/oliptek.com\/wp-content\/uploads\/2024\/04\/DECS-226W-a.webp","type":"image\/webp"}],"twitter_card":"summary_large_image","twitter_site":"@oliptek","schema":{"@context":"https:\/\/schema.org","@graph":[{"@type":"WebPage","@id":"https:\/\/oliptek.com\/fr\/product\/dmx-2in2out-spi-decoder\/","url":"https:\/\/oliptek.com\/fr\/product\/dmx-2in2out-spi-decoder\/","name":"DMX \/ SPI 2 IN 2 OUT DECODER - Oliptek","isPartOf":{"@id":"https:\/\/oliptek.com\/en\/#website"},"primaryImageOfPage":{"@id":"https:\/\/oliptek.com\/fr\/product\/dmx-2in2out-spi-decoder\/#primaryimage"},"image":{"@id":"https:\/\/oliptek.com\/fr\/product\/dmx-2in2out-spi-decoder\/#primaryimage"},"thumbnailUrl":"https:\/\/oliptek.com\/wp-content\/uploads\/2024\/04\/DECS-226W-a.webp","datePublished":"2024-04-17T08:59:20+00:00","dateModified":"2025-07-23T12:29:26+00:00","description":"La s\u00e9rie de d\u00e9codeurs DMX Oliptek re\u00e7oit tous les types de donn\u00e9es DMX de la source et les transmet sous la forme d'un ordre de travail \u00e0 l'adresse de destination dans le luminaire.","breadcrumb":{"@id":"https:\/\/oliptek.com\/fr\/product\/dmx-2in2out-spi-decoder\/#breadcrumb"},"inLanguage":"fr-FR","potentialAction":[{"@type":"ReadAction","target":["https:\/\/oliptek.com\/fr\/product\/dmx-2in2out-spi-decoder\/"]}]},{"@type":"ImageObject","inLanguage":"fr-FR","@id":"https:\/\/oliptek.com\/fr\/product\/dmx-2in2out-spi-decoder\/#primaryimage","url":"https:\/\/oliptek.com\/wp-content\/uploads\/2024\/04\/DECS-226W-a.webp","contentUrl":"https:\/\/oliptek.com\/wp-content\/uploads\/2024\/04\/DECS-226W-a.webp","width":1080,"height":1080,"caption":"Oliptek DMX \/ SPI 2 IN 2 OUT DECODER g\u00f6rseli-1"},{"@type":"BreadcrumbList","@id":"https:\/\/oliptek.com\/fr\/product\/dmx-2in2out-spi-decoder\/#breadcrumb","itemListElement":[{"@type":"ListItem","position":1,"name":"Anasayfa","item":"https:\/\/oliptek.com\/fr\/page-daccueil-2\/"},{"@type":"ListItem","position":2,"name":"DMX \/ SPI 2 IN 2 OUT DECODER"}]},{"@type":"WebSite","@id":"https:\/\/oliptek.com\/en\/#website","url":"https:\/\/oliptek.com\/en\/","name":"Oliptek","description":"Animasyon ve Otomasyon Sistemleri \u00dcreticisi","publisher":{"@id":"https:\/\/oliptek.com\/en\/#organization"},"potentialAction":[{"@type":"SearchAction","target":{"@type":"EntryPoint","urlTemplate":"https:\/\/oliptek.com\/en\/?s={search_term_string}"},"query-input":{"@type":"PropertyValueSpecification","valueRequired":true,"valueName":"search_term_string"}}],"inLanguage":"fr-FR"},{"@type":"Organization","@id":"https:\/\/oliptek.com\/en\/#organization","name":"Oliptek","url":"https:\/\/oliptek.com\/en\/","logo":{"@type":"ImageObject","inLanguage":"fr-FR","@id":"https:\/\/oliptek.com\/en\/#\/schema\/logo\/image\/","url":"https:\/\/oliptek.com\/wp-content\/uploads\/2022\/05\/oliptek_logo.png","contentUrl":"https:\/\/oliptek.com\/wp-content\/uploads\/2022\/05\/oliptek_logo.png","width":396,"height":59,"caption":"Oliptek"},"image":{"@id":"https:\/\/oliptek.com\/en\/#\/schema\/logo\/image\/"},"sameAs":["https:\/\/www.facebook.com\/oliptek\/","https:\/\/x.com\/oliptek","https:\/\/www.youtube.com\/channel\/UCnimGlqU91CVNPDyL9YzMDA","https:\/\/www.linkedin.com\/company\/oliptek","https:\/\/www.instagram.com\/oliptek\/"]}]}},"_links":{"self":[{"href":"https:\/\/oliptek.com\/fr\/wp-json\/wp\/v2\/product\/46028","targetHints":{"allow":["GET"]}}],"collection":[{"href":"https:\/\/oliptek.com\/fr\/wp-json\/wp\/v2\/product"}],"about":[{"href":"https:\/\/oliptek.com\/fr\/wp-json\/wp\/v2\/types\/product"}],"version-history":[{"count":5,"href":"https:\/\/oliptek.com\/fr\/wp-json\/wp\/v2\/product\/46028\/revisions"}],"predecessor-version":[{"id":57329,"href":"https:\/\/oliptek.com\/fr\/wp-json\/wp\/v2\/product\/46028\/revisions\/57329"}],"wp:featuredmedia":[{"embeddable":true,"href":"https:\/\/oliptek.com\/fr\/wp-json\/wp\/v2\/media\/46029"}],"wp:attachment":[{"href":"https:\/\/oliptek.com\/fr\/wp-json\/wp\/v2\/media?parent=46028"}],"wp:term":[{"taxonomy":"product_brand","embeddable":true,"href":"https:\/\/oliptek.com\/fr\/wp-json\/wp\/v2\/product_brand?post=46028"},{"taxonomy":"product_cat","embeddable":true,"href":"https:\/\/oliptek.com\/fr\/wp-json\/wp\/v2\/product_cat?post=46028"},{"taxonomy":"product_tag","embeddable":true,"href":"https:\/\/oliptek.com\/fr\/wp-json\/wp\/v2\/product_tag?post=46028"}],"curies":[{"name":"wp","href":"https:\/\/api.w.org\/{rel}","templated":true}]}}