{"id":54901,"date":"2025-04-25T13:33:15","date_gmt":"2025-04-25T13:33:15","guid":{"rendered":"https:\/\/oliptek.com\/product\/poipix-mini-2\/"},"modified":"2025-05-07T13:08:41","modified_gmt":"2025-05-07T13:08:41","slug":"poipix-mini-2","status":"publish","type":"product","link":"https:\/\/oliptek.com\/fr\/produit\/poipix-mini-2\/","title":{"rendered":"PoiPix Mini"},"content":{"rendered":"\t\t<div data-elementor-type=\"wp-post\" data-elementor-id=\"54901\" class=\"elementor elementor-54901 elementor-54451\" data-elementor-post-type=\"product\">\n\t\t\t\t\t\t<section data-particle_enable=\"false\" data-particle-mobile-disabled=\"false\" class=\"elementor-section elementor-top-section elementor-element elementor-element-3edf5a9 elementor-section-boxed elementor-section-height-default elementor-section-height-default\" data-id=\"3edf5a9\" data-element_type=\"section\" data-e-type=\"section\">\n\t\t\t\t\t\t<div class=\"elementor-container elementor-column-gap-default\">\n\t\t\t\t\t<div class=\"elementor-column elementor-col-100 elementor-top-column elementor-element elementor-element-5549103b\" data-id=\"5549103b\" data-element_type=\"column\" data-e-type=\"column\">\n\t\t\t<div class=\"elementor-widget-wrap elementor-element-populated\">\n\t\t\t\t\t\t<div class=\"elementor-element elementor-element-6bc81dd elementor-tabs-view-horizontal elementor-widget elementor-widget-tabs\" data-id=\"6bc81dd\" data-element_type=\"widget\" data-e-type=\"widget\" data-widget_type=\"tabs.default\">\n\t\t\t\t<div class=\"elementor-widget-container\">\n\t\t\t\t\t\t\t<div class=\"elementor-tabs\">\n\t\t\t<div class=\"elementor-tabs-wrapper\" role=\"tablist\" >\n\t\t\t\t\t\t\t\t\t<div id=\"elementor-tab-title-1131\" class=\"elementor-tab-title elementor-tab-desktop-title\" aria-selected=\"true\" data-tab=\"1\" role=\"tab\" tabindex=\"0\" aria-controls=\"elementor-tab-content-1131\" aria-expanded=\"false\">Sp\u00e9cifications techniques<\/div>\n\t\t\t\t\t\t\t\t\t<div id=\"elementor-tab-title-1132\" class=\"elementor-tab-title elementor-tab-desktop-title\" aria-selected=\"false\" data-tab=\"2\" role=\"tab\" tabindex=\"-1\" aria-controls=\"elementor-tab-content-1132\" aria-expanded=\"false\">Documents techniques<\/div>\n\t\t\t\t\t\t\t<\/div>\n\t\t\t<div class=\"elementor-tabs-content-wrapper\" role=\"tablist\" aria-orientation=\"vertical\">\n\t\t\t\t\t\t\t\t\t<div class=\"elementor-tab-title elementor-tab-mobile-title\" aria-selected=\"true\" data-tab=\"1\" role=\"tab\" tabindex=\"0\" aria-controls=\"elementor-tab-content-1131\" aria-expanded=\"false\">Sp\u00e9cifications techniques<\/div>\n\t\t\t\t\t<div id=\"elementor-tab-content-1131\" class=\"elementor-tab-content elementor-clearfix\" data-tab=\"1\" role=\"tabpanel\" aria-labelledby=\"elementor-tab-title-1131\" tabindex=\"0\" hidden=\"false\">\n<table id=\"tablepress-136\" class=\"tablepress tablepress-id-136\">\n<tbody class=\"row-striping row-hover\">\n<tr class=\"row-1\">\n\t<td class=\"column-1\">Piksel aral\u0131\u011f\u0131:<\/td><td class=\"column-2\">56,25mm <\/td><td class=\"column-3\"> 75mm<\/td><td class=\"column-4\">100mm<\/td><td class=\"column-5\"><\/td><td class=\"column-6\">Azami g\u00fc\u00e7 t\u00fcketimi:<\/td><td class=\"column-7\">400W\/m\u00b2<\/td><td class=\"column-8\">250W\/m\u00b2<\/td><td class=\"column-9\">130W\/m\u00b2<\/td>\n<\/tr>\n<tr class=\"row-2\">\n\t<td class=\"column-1\">Piksel konfig\u00fcrasyonu:<\/td><td class=\"column-2\">6*SMD3535<\/td><td class=\"column-3\">6*SMD3535<\/td><td class=\"column-4\">6*SMD3535<\/td><td class=\"column-5\"><\/td><td class=\"column-6\">Renk i\u015fleme:<\/td><td class=\"column-7\">12bit<\/td><td class=\"column-8\">12bit<\/td><td class=\"column-9\">12bit<\/td>\n<\/tr>\n<tr class=\"row-3\">\n\t<td class=\"column-1\">Panel \u00f6l\u00e7\u00fcs\u00fc:<\/td><td class=\"column-2\">450*7200mm<\/td><td class=\"column-3\">600*9600mm <\/td><td class=\"column-4\">800*12800mm<\/td><td class=\"column-5\"><\/td><td class=\"column-6\">G\u00f6r\u00fc\u015f a\u00e7\u0131s\u0131:<\/td><td class=\"column-7\">140\u00b0\/110\u00b0<\/td><td class=\"column-8\">140\u00b0\/110\u00b0<\/td><td class=\"column-9\">140\u00b0\/110\u00b0<\/td>\n<\/tr>\n<tr class=\"row-4\">\n\t<td class=\"column-1\">Panel \u00e7\u00f6z\u00fcn\u00fcrl\u00fc\u011f\u00fc:<\/td><td class=\"column-2\">8*128<\/td><td class=\"column-3\">8*128<\/td><td class=\"column-4\">8*128<\/td><td class=\"column-5\"><\/td><td class=\"column-6\">Ana g\u00fc\u00e7 kayna\u011f\u0131:<\/td><td class=\"column-7\">AC100-240V; 50\/60Hz<\/td><td class=\"column-8\">AC100-240V; 50\/60Hz<\/td><td class=\"column-9\">AC100-240V; 50\/60Hz<\/td>\n<\/tr>\n<tr class=\"row-5\">\n\t<td class=\"column-1\">Panel a\u011f\u0131rl\u0131\u011f\u0131:<\/td><td class=\"column-2\">5.5kg\/m\u00b2<\/td><td class=\"column-3\">3.5kg\/m\u00b2<\/td><td class=\"column-4\">2.5kg\/m\u00b2<\/td><td class=\"column-5\"><\/td><td class=\"column-6\">Giri\u015f voltaj\u0131:<\/td><td class=\"column-7\">24VDC<\/td><td class=\"column-8\">24VDC<\/td><td class=\"column-9\">24VDC<\/td>\n<\/tr>\n<tr class=\"row-6\">\n\t<td class=\"column-1\">Parlakl\u0131k:<\/td><td class=\"column-2\">5000nit<\/td><td class=\"column-3\">2400nit<\/td><td class=\"column-4\">1300nit<\/td><td class=\"column-5\"><\/td><td class=\"column-6\">Dayan\u0131kl\u0131l\u0131k s\u0131n\u0131f\u0131:<\/td><td class=\"column-7\">IP 65<\/td><td class=\"column-8\">IP 65<\/td><td class=\"column-9\">IP 65<\/td>\n<\/tr>\n<tr class=\"row-7\">\n\t<td class=\"column-1\">Yenileme h\u0131z\u0131:<\/td><td class=\"column-2\">1000-3000Hz<\/td><td class=\"column-3\">1000-3000Hz<\/td><td class=\"column-4\">1000-3000Hz<\/td><td class=\"column-5\"><\/td><td class=\"column-6\">\u00c7al\u0131\u015fma s\u0131cakl\u0131\u011f\u0131:<\/td><td class=\"column-7\">-20\u00b0C ~ 85\u00b0C<\/td><td class=\"column-8\">-20\u00b0C ~ 85\u00b0C<\/td><td class=\"column-9\">-20\u00b0C ~ 85\u00b0C<\/td>\n<\/tr>\n<tr class=\"row-8\">\n\t<td class=\"column-1\">\u015eeffafl\u0131k oran\u0131:<\/td><td class=\"column-2\">%75 <\/td><td class=\"column-3\">%85<\/td><td class=\"column-4\">%90<\/td><td class=\"column-5\"><\/td><td class=\"column-6\">\u00c7al\u0131\u015fma nemi:<\/td><td class=\"column-7\">10% -90% RH<\/td><td class=\"column-8\">10% -90% RH<\/td><td class=\"column-9\">10% -90% RH<\/td>\n<\/tr>\n<tr class=\"row-9\">\n\t<td class=\"column-1\">Tarama modu:<\/td><td class=\"column-2\">Statik<\/td><td class=\"column-3\">Statik<\/td><td class=\"column-4\">Statik<\/td><td class=\"column-5\"><\/td><td class=\"column-6\">\u00d6mr\u00fc:<\/td><td class=\"column-7\">>100.000 Saat<\/td><td class=\"column-8\">>100.000 Saat<\/td><td class=\"column-9\">>100.000 Saat<\/td>\n<\/tr>\n<tr class=\"row-10\">\n\t<td class=\"column-1\"><\/td><td class=\"column-2\"><\/td><td class=\"column-3\"><\/td><td class=\"column-4\"><\/td><td class=\"column-5\"><\/td><td class=\"column-6\"><\/td><td class=\"column-7\"><\/td><td class=\"column-8\"><\/td><td class=\"column-9\"><\/td>\n<\/tr>\n<tr class=\"row-11\">\n\t<td class=\"column-1\"><\/td><td class=\"column-2\"><\/td><td class=\"column-3\"><\/td><td class=\"column-4\"><\/td><td class=\"column-5\"><\/td><td class=\"column-6\"><\/td><td class=\"column-7\"><\/td><td class=\"column-8\"><\/td><td class=\"column-9\"><\/td>\n<\/tr>\n<\/tbody>\n<\/table>\n\n<\/div>\n\t\t\t\t\t\t\t\t\t<div class=\"elementor-tab-title elementor-tab-mobile-title\" aria-selected=\"false\" data-tab=\"2\" role=\"tab\" tabindex=\"-1\" aria-controls=\"elementor-tab-content-1132\" aria-expanded=\"false\">Documents techniques<\/div>\n\t\t\t\t\t<div id=\"elementor-tab-content-1132\" class=\"elementor-tab-content elementor-clearfix\" data-tab=\"2\" role=\"tabpanel\" aria-labelledby=\"elementor-tab-title-1132\" tabindex=\"0\" hidden=\"hidden\"><h6><strong>PAGES DE DONN\u00c9ES<\/strong><\/h6>\n<p><a href=\"https:\/\/oliptek.com\/wp-content\/uploads\/2025\/04\/Poipix-Mini-DATASHEET-R1-2.pdf\">FICHE TECHNIQUE POIPIX MINI<\/a><\/p>\n<\/div>\n\t\t\t\t\t\t\t<\/div>\n\t\t<\/div>\n\t\t\t\t\t\t<\/div>\n\t\t\t\t<\/div>\n\t\t\t\t\t<\/div>\n\t\t<\/div>\n\t\t\t\t\t<\/div>\n\t\t<\/section>\n\t\t\t\t<\/div>\n\t\t","protected":false},"excerpt":{"rendered":"<p>Poipix Mini s&rsquo;adapte parfaitement aux surfaces architecturales et donne du caract\u00e8re aux b\u00e2timents gr\u00e2ce \u00e0 des animations ponctuelles. Il est enti\u00e8rement compatible avec les syst\u00e8mes DMX\/SPI et offre 16 millions de couleurs vives gr\u00e2ce \u00e0 la technologie RVB. Gr\u00e2ce \u00e0 sa grande transparence, \u00e0 sa structure flexible et \u00e0 sa conception modulaire, il peut \u00eatre facilement appliqu\u00e9 sur n&rsquo;importe quelle surface. Avec une protection IP65, une structure de c\u00e2ble robuste et des connexions sp\u00e9cialement isol\u00e9es, il peut \u00eatre utilis\u00e9 en toute s\u00e9curit\u00e9 \u00e0 l&rsquo;ext\u00e9rieur. Gr\u00e2ce \u00e0 sa luminosit\u00e9 \u00e9lev\u00e9e et \u00e0 son grand angle de vision, il donne des r\u00e9sultats impressionnants sur sc\u00e8ne et sur les fa\u00e7ades.    <\/p>\n<p><img decoding=\"async\" class=\"alignnone size-full wp-image-54578\" src=\"https:\/\/oliptek.com\/wp-content\/uploads\/2025\/04\/ppx-mini-icon-set-TR.webp\" alt=\"\" width=\"419\" height=\"52\" srcset=\"https:\/\/oliptek.com\/wp-content\/uploads\/2025\/04\/ppx-mini-icon-set-TR.webp 419w, https:\/\/oliptek.com\/wp-content\/uploads\/2025\/04\/ppx-mini-icon-set-TR-300x37.webp 300w\" sizes=\"(max-width: 419px) 100vw, 419px\" \/><\/p>\n","protected":false},"featured_media":54664,"template":"","meta":{"wpupg_custom_link":[],"wpupg_custom_link_behaviour":[],"wpupg_custom_link_nofollow":[],"wpupg_custom_image":[],"wpupg_custom_image_id":[]},"product_brand":[],"product_cat":[564],"product_tag":[],"class_list":{"0":"post-54901","1":"product","2":"type-product","3":"status-publish","4":"has-post-thumbnail","6":"product_cat-produits-danimation-de-facades-fr","8":"first","9":"instock","10":"virtual","11":"product-type-simple"},"yoast_head":"<!-- This site is optimized with the Yoast SEO plugin v27.6 - https:\/\/yoast.com\/product\/yoast-seo-wordpress\/ -->\n<title>PoiPix Mini - Oliptek<\/title>\n<meta name=\"description\" content=\"La s\u00e9rie PoiPix RGB d&#039;Oliptek est utilis\u00e9e pour les fa\u00e7ades de b\u00e2timents, les ponts, les projets paysagers, les h\u00f4tels, les h\u00f4pitaux, les places et les stades.\" \/>\n<meta name=\"robots\" content=\"index, follow, max-snippet:-1, max-image-preview:large, max-video-preview:-1\" \/>\n<link rel=\"canonical\" href=\"https:\/\/oliptek.com\/fr\/product\/poipix-mini-2\/\" \/>\n<meta property=\"og:locale\" content=\"fr_FR\" \/>\n<meta property=\"og:type\" content=\"article\" \/>\n<meta property=\"og:title\" content=\"PoiPix Mini - Oliptek\" \/>\n<meta property=\"og:description\" content=\"La s\u00e9rie PoiPix RGB d&#039;Oliptek est utilis\u00e9e pour les fa\u00e7ades de b\u00e2timents, les ponts, les projets paysagers, les h\u00f4tels, les h\u00f4pitaux, les places et les stades.\" \/>\n<meta property=\"og:url\" content=\"https:\/\/oliptek.com\/fr\/product\/poipix-mini-2\/\" \/>\n<meta property=\"og:site_name\" content=\"Oliptek\" \/>\n<meta property=\"article:publisher\" content=\"https:\/\/www.facebook.com\/oliptek\/\" \/>\n<meta property=\"article:modified_time\" content=\"2025-05-07T13:08:41+00:00\" \/>\n<meta property=\"og:image\" content=\"https:\/\/oliptek.com\/wp-content\/uploads\/2025\/04\/poipix-mini-b-r1.webp\" \/>\n\t<meta property=\"og:image:width\" content=\"1080\" \/>\n\t<meta property=\"og:image:height\" content=\"1080\" \/>\n\t<meta property=\"og:image:type\" content=\"image\/webp\" \/>\n<meta name=\"twitter:card\" content=\"summary_large_image\" \/>\n<meta name=\"twitter:site\" content=\"@oliptek\" \/>\n<meta name=\"twitter:label1\" content=\"Dur\u00e9e de lecture estim\u00e9e\" \/>\n\t<meta name=\"twitter:data1\" content=\"1 minute\" \/>\n<script type=\"application\/ld+json\" class=\"yoast-schema-graph\">{\"@context\":\"https:\\\/\\\/schema.org\",\"@graph\":[{\"@type\":\"WebPage\",\"@id\":\"https:\\\/\\\/oliptek.com\\\/fr\\\/product\\\/poipix-mini-2\\\/\",\"url\":\"https:\\\/\\\/oliptek.com\\\/fr\\\/product\\\/poipix-mini-2\\\/\",\"name\":\"PoiPix Mini - Oliptek\",\"isPartOf\":{\"@id\":\"https:\\\/\\\/oliptek.com\\\/en\\\/#website\"},\"primaryImageOfPage\":{\"@id\":\"https:\\\/\\\/oliptek.com\\\/fr\\\/product\\\/poipix-mini-2\\\/#primaryimage\"},\"image\":{\"@id\":\"https:\\\/\\\/oliptek.com\\\/fr\\\/product\\\/poipix-mini-2\\\/#primaryimage\"},\"thumbnailUrl\":\"https:\\\/\\\/oliptek.com\\\/wp-content\\\/uploads\\\/2025\\\/04\\\/poipix-mini-b-r1.webp\",\"datePublished\":\"2025-04-25T13:33:15+00:00\",\"dateModified\":\"2025-05-07T13:08:41+00:00\",\"description\":\"La s\u00e9rie PoiPix RGB d'Oliptek est utilis\u00e9e pour les fa\u00e7ades de b\u00e2timents, les ponts, les projets paysagers, les h\u00f4tels, les h\u00f4pitaux, les places et les stades.\",\"breadcrumb\":{\"@id\":\"https:\\\/\\\/oliptek.com\\\/fr\\\/product\\\/poipix-mini-2\\\/#breadcrumb\"},\"inLanguage\":\"fr-FR\",\"potentialAction\":[{\"@type\":\"ReadAction\",\"target\":[\"https:\\\/\\\/oliptek.com\\\/fr\\\/product\\\/poipix-mini-2\\\/\"]}]},{\"@type\":\"ImageObject\",\"inLanguage\":\"fr-FR\",\"@id\":\"https:\\\/\\\/oliptek.com\\\/fr\\\/product\\\/poipix-mini-2\\\/#primaryimage\",\"url\":\"https:\\\/\\\/oliptek.com\\\/wp-content\\\/uploads\\\/2025\\\/04\\\/poipix-mini-b-r1.webp\",\"contentUrl\":\"https:\\\/\\\/oliptek.com\\\/wp-content\\\/uploads\\\/2025\\\/04\\\/poipix-mini-b-r1.webp\",\"width\":1080,\"height\":1080},{\"@type\":\"BreadcrumbList\",\"@id\":\"https:\\\/\\\/oliptek.com\\\/fr\\\/product\\\/poipix-mini-2\\\/#breadcrumb\",\"itemListElement\":[{\"@type\":\"ListItem\",\"position\":1,\"name\":\"Anasayfa\",\"item\":\"https:\\\/\\\/oliptek.com\\\/fr\\\/page-daccueil-2\\\/\"},{\"@type\":\"ListItem\",\"position\":2,\"name\":\"PoiPix Mini\"}]},{\"@type\":\"WebSite\",\"@id\":\"https:\\\/\\\/oliptek.com\\\/en\\\/#website\",\"url\":\"https:\\\/\\\/oliptek.com\\\/en\\\/\",\"name\":\"Oliptek\",\"description\":\"Animasyon ve Otomasyon Sistemleri \u00dcreticisi\",\"publisher\":{\"@id\":\"https:\\\/\\\/oliptek.com\\\/en\\\/#organization\"},\"potentialAction\":[{\"@type\":\"SearchAction\",\"target\":{\"@type\":\"EntryPoint\",\"urlTemplate\":\"https:\\\/\\\/oliptek.com\\\/en\\\/?s={search_term_string}\"},\"query-input\":{\"@type\":\"PropertyValueSpecification\",\"valueRequired\":true,\"valueName\":\"search_term_string\"}}],\"inLanguage\":\"fr-FR\"},{\"@type\":\"Organization\",\"@id\":\"https:\\\/\\\/oliptek.com\\\/en\\\/#organization\",\"name\":\"Oliptek\",\"url\":\"https:\\\/\\\/oliptek.com\\\/en\\\/\",\"logo\":{\"@type\":\"ImageObject\",\"inLanguage\":\"fr-FR\",\"@id\":\"https:\\\/\\\/oliptek.com\\\/en\\\/#\\\/schema\\\/logo\\\/image\\\/\",\"url\":\"https:\\\/\\\/oliptek.com\\\/wp-content\\\/uploads\\\/2022\\\/05\\\/oliptek_logo.png\",\"contentUrl\":\"https:\\\/\\\/oliptek.com\\\/wp-content\\\/uploads\\\/2022\\\/05\\\/oliptek_logo.png\",\"width\":396,\"height\":59,\"caption\":\"Oliptek\"},\"image\":{\"@id\":\"https:\\\/\\\/oliptek.com\\\/en\\\/#\\\/schema\\\/logo\\\/image\\\/\"},\"sameAs\":[\"https:\\\/\\\/www.facebook.com\\\/oliptek\\\/\",\"https:\\\/\\\/x.com\\\/oliptek\",\"https:\\\/\\\/www.youtube.com\\\/channel\\\/UCnimGlqU91CVNPDyL9YzMDA\",\"https:\\\/\\\/www.linkedin.com\\\/company\\\/oliptek\",\"https:\\\/\\\/www.instagram.com\\\/oliptek\\\/\"]}]}<\/script>\n<!-- \/ Yoast SEO plugin. -->","yoast_head_json":{"title":"PoiPix Mini - Oliptek","description":"La s\u00e9rie PoiPix RGB d'Oliptek est utilis\u00e9e pour les fa\u00e7ades de b\u00e2timents, les ponts, les projets paysagers, les h\u00f4tels, les h\u00f4pitaux, les places et les stades.","robots":{"index":"index","follow":"follow","max-snippet":"max-snippet:-1","max-image-preview":"max-image-preview:large","max-video-preview":"max-video-preview:-1"},"canonical":"https:\/\/oliptek.com\/fr\/product\/poipix-mini-2\/","og_locale":"fr_FR","og_type":"article","og_title":"PoiPix Mini - Oliptek","og_description":"La s\u00e9rie PoiPix RGB d'Oliptek est utilis\u00e9e pour les fa\u00e7ades de b\u00e2timents, les ponts, les projets paysagers, les h\u00f4tels, les h\u00f4pitaux, les places et les stades.","og_url":"https:\/\/oliptek.com\/fr\/product\/poipix-mini-2\/","og_site_name":"Oliptek","article_publisher":"https:\/\/www.facebook.com\/oliptek\/","article_modified_time":"2025-05-07T13:08:41+00:00","og_image":[{"width":1080,"height":1080,"url":"https:\/\/oliptek.com\/wp-content\/uploads\/2025\/04\/poipix-mini-b-r1.webp","type":"image\/webp"}],"twitter_card":"summary_large_image","twitter_site":"@oliptek","twitter_misc":{"Dur\u00e9e de lecture estim\u00e9e":"1 minute"},"schema":{"@context":"https:\/\/schema.org","@graph":[{"@type":"WebPage","@id":"https:\/\/oliptek.com\/fr\/product\/poipix-mini-2\/","url":"https:\/\/oliptek.com\/fr\/product\/poipix-mini-2\/","name":"PoiPix Mini - Oliptek","isPartOf":{"@id":"https:\/\/oliptek.com\/en\/#website"},"primaryImageOfPage":{"@id":"https:\/\/oliptek.com\/fr\/product\/poipix-mini-2\/#primaryimage"},"image":{"@id":"https:\/\/oliptek.com\/fr\/product\/poipix-mini-2\/#primaryimage"},"thumbnailUrl":"https:\/\/oliptek.com\/wp-content\/uploads\/2025\/04\/poipix-mini-b-r1.webp","datePublished":"2025-04-25T13:33:15+00:00","dateModified":"2025-05-07T13:08:41+00:00","description":"La s\u00e9rie PoiPix RGB d'Oliptek est utilis\u00e9e pour les fa\u00e7ades de b\u00e2timents, les ponts, les projets paysagers, les h\u00f4tels, les h\u00f4pitaux, les places et les stades.","breadcrumb":{"@id":"https:\/\/oliptek.com\/fr\/product\/poipix-mini-2\/#breadcrumb"},"inLanguage":"fr-FR","potentialAction":[{"@type":"ReadAction","target":["https:\/\/oliptek.com\/fr\/product\/poipix-mini-2\/"]}]},{"@type":"ImageObject","inLanguage":"fr-FR","@id":"https:\/\/oliptek.com\/fr\/product\/poipix-mini-2\/#primaryimage","url":"https:\/\/oliptek.com\/wp-content\/uploads\/2025\/04\/poipix-mini-b-r1.webp","contentUrl":"https:\/\/oliptek.com\/wp-content\/uploads\/2025\/04\/poipix-mini-b-r1.webp","width":1080,"height":1080},{"@type":"BreadcrumbList","@id":"https:\/\/oliptek.com\/fr\/product\/poipix-mini-2\/#breadcrumb","itemListElement":[{"@type":"ListItem","position":1,"name":"Anasayfa","item":"https:\/\/oliptek.com\/fr\/page-daccueil-2\/"},{"@type":"ListItem","position":2,"name":"PoiPix Mini"}]},{"@type":"WebSite","@id":"https:\/\/oliptek.com\/en\/#website","url":"https:\/\/oliptek.com\/en\/","name":"Oliptek","description":"Animasyon ve Otomasyon Sistemleri \u00dcreticisi","publisher":{"@id":"https:\/\/oliptek.com\/en\/#organization"},"potentialAction":[{"@type":"SearchAction","target":{"@type":"EntryPoint","urlTemplate":"https:\/\/oliptek.com\/en\/?s={search_term_string}"},"query-input":{"@type":"PropertyValueSpecification","valueRequired":true,"valueName":"search_term_string"}}],"inLanguage":"fr-FR"},{"@type":"Organization","@id":"https:\/\/oliptek.com\/en\/#organization","name":"Oliptek","url":"https:\/\/oliptek.com\/en\/","logo":{"@type":"ImageObject","inLanguage":"fr-FR","@id":"https:\/\/oliptek.com\/en\/#\/schema\/logo\/image\/","url":"https:\/\/oliptek.com\/wp-content\/uploads\/2022\/05\/oliptek_logo.png","contentUrl":"https:\/\/oliptek.com\/wp-content\/uploads\/2022\/05\/oliptek_logo.png","width":396,"height":59,"caption":"Oliptek"},"image":{"@id":"https:\/\/oliptek.com\/en\/#\/schema\/logo\/image\/"},"sameAs":["https:\/\/www.facebook.com\/oliptek\/","https:\/\/x.com\/oliptek","https:\/\/www.youtube.com\/channel\/UCnimGlqU91CVNPDyL9YzMDA","https:\/\/www.linkedin.com\/company\/oliptek","https:\/\/www.instagram.com\/oliptek\/"]}]}},"_links":{"self":[{"href":"https:\/\/oliptek.com\/fr\/wp-json\/wp\/v2\/product\/54901","targetHints":{"allow":["GET"]}}],"collection":[{"href":"https:\/\/oliptek.com\/fr\/wp-json\/wp\/v2\/product"}],"about":[{"href":"https:\/\/oliptek.com\/fr\/wp-json\/wp\/v2\/types\/product"}],"version-history":[{"count":2,"href":"https:\/\/oliptek.com\/fr\/wp-json\/wp\/v2\/product\/54901\/revisions"}],"predecessor-version":[{"id":54903,"href":"https:\/\/oliptek.com\/fr\/wp-json\/wp\/v2\/product\/54901\/revisions\/54903"}],"wp:featuredmedia":[{"embeddable":true,"href":"https:\/\/oliptek.com\/fr\/wp-json\/wp\/v2\/media\/54664"}],"wp:attachment":[{"href":"https:\/\/oliptek.com\/fr\/wp-json\/wp\/v2\/media?parent=54901"}],"wp:term":[{"taxonomy":"product_brand","embeddable":true,"href":"https:\/\/oliptek.com\/fr\/wp-json\/wp\/v2\/product_brand?post=54901"},{"taxonomy":"product_cat","embeddable":true,"href":"https:\/\/oliptek.com\/fr\/wp-json\/wp\/v2\/product_cat?post=54901"},{"taxonomy":"product_tag","embeddable":true,"href":"https:\/\/oliptek.com\/fr\/wp-json\/wp\/v2\/product_tag?post=54901"}],"curies":[{"name":"wp","href":"https:\/\/api.w.org\/{rel}","templated":true}]}}